{"id":470,"date":"2013-06-24T20:34:58","date_gmt":"2013-06-24T19:34:58","guid":{"rendered":"http:\/\/clubsafranebiturbo.fr\/boutique\/?post_type=product&#038;p=470"},"modified":"2026-04-14T12:23:48","modified_gmt":"2026-04-14T11:23:48","slug":"vis-arbre-transmission-safrane-4x4","status":"publish","type":"product","link":"https:\/\/clubsafranebiturbo.fr\/boutique\/produit\/vis-arbre-transmission-safrane-4x4\/","title":{"rendered":"Vis arbre transmission safrane 4&#215;4"},"content":{"rendered":"<h2 style=\"text-align: justify;\">Vis arbre transmission safrane 4&#215;4<\/h2>\n<p style=\"text-align: justify;\">Ces vis arbre transmission safrane 4&#215;4 viennent en remplacement de celles d&rsquo;origine. Celles d&rsquo;origine sont des 5 pans pour la fixation du flector. Celles-ci sont des 6 pans. Ces vis de remplacement se montent en lieu et place sur safrane biturbo et sur safrane quadra. Lors du remplacement de ces vis vous serez oblig\u00e9 de couper celles d&rsquo;origine, \u00e0 moins que vous ayez du 5 pans, ce qui est peu probable. Plusieurs m\u00e9thodes fonctionnent pour retirer les vis, en cas de besoin nous pouvons vous aider pour vous indiquer la marche \u00e0 suivre pour effectuer cette r\u00e9novation ou pour vous donner quelques conseils.<\/p>\n<p style=\"text-align: justify;\">safrane bi-turbo<\/p>\n<p style=\"text-align: justify;\">Les vis sont en \u00a0inox A4-70 avec un code de\u00a0r\u00e9sistance : 70<\/p>\n<p style=\"text-align: justify;\">Rm (MPa) : 700<\/p>\n<p style=\"text-align: justify;\">Re (MPa) : 450<\/p>\n<h2 style=\"text-align: justify;\">Livraison<\/h2>\n<p>D\u00e9lai de livraison : 7 \u00e0 15 jours apr\u00e8s r\u00e9ception de votre paiement sur nos comptes. Toutefois, nous vous rappelons que nous sommes une association, et que notre temps libre pr\u00e9vaut sur le temps consacr\u00e9 au Club. En conclusion, il peut donc arriver que ces d\u00e9lais soient plus long. Pour un traitement plus rapide de votre commande, vous pouvez nous contacter par mail et faire un virement bancaire.<\/p>\n<p>Livraison par colissimo recommand\u00e9 \u00e0 r\u00e9ception du paiement sur nos comptes. En consultant le site de la poste avec le num\u00e9ro de suivi que vous recevrez par mail, il vous permettra de suivre l&rsquo;avancement de la livraison. Envoi soign\u00e9 et bien prot\u00e9g\u00e9.<\/p>\n<h2 style=\"text-align: justify;\">Stock<\/h2>\n<p style=\"text-align: justify;\"><span style=\"color: #ff0000;\">Ces pi\u00e8ces sont pr\u00e9sentes dans notre stock, vous serez donc assur\u00e9 de la livraison et ne recevrez pas de mail vous informant que nous sommes en rupture. Si les pi\u00e8ces ne sont pas disponibles vous ne pourrez tout simplement pas les commander. A noter que nous sommes une association et faisons cela sur notre temps libre, il est donc possible que de temps en temps les r\u00e9ponses ou les d\u00e9lais de livraison soient plus long que la normale.<\/span><\/p>\n<p><a href=\"https:\/\/clubsafranebiturbo.fr\/boutique\/wp-content\/uploads\/2015\/10\/Vis-flector-arbre-de-transmission-de-safrane-biturbo-et-safrane-quadra-photo-1.jpg\"><img loading=\"lazy\" decoding=\"async\" class=\"size-full wp-image-1469 aligncenter\" src=\"https:\/\/clubsafranebiturbo.fr\/boutique\/wp-content\/uploads\/2015\/10\/Vis-flector-arbre-de-transmission-de-safrane-biturbo-et-safrane-quadra-photo-1.jpg\" alt=\"Vis arbre transmission safrane 4x4\" width=\"300\" height=\"252\" srcset=\"https:\/\/clubsafranebiturbo.fr\/boutique\/wp-content\/uploads\/2015\/10\/Vis-flector-arbre-de-transmission-de-safrane-biturbo-et-safrane-quadra-photo-1.jpg 600w, https:\/\/clubsafranebiturbo.fr\/boutique\/wp-content\/uploads\/2015\/10\/Vis-flector-arbre-de-transmission-de-safrane-biturbo-et-safrane-quadra-photo-1-320x269.jpg 320w, https:\/\/clubsafranebiturbo.fr\/boutique\/wp-content\/uploads\/2015\/10\/Vis-flector-arbre-de-transmission-de-safrane-biturbo-et-safrane-quadra-photo-1-300x253.jpg 300w\" sizes=\"auto, (max-width: 300px) 100vw, 300px\" \/><\/a><\/p>\n<p style=\"text-align: justify;\"><a href=\"https:\/\/www.facebook.com\/profile.php?id=100086315447468\">https:\/\/www.facebook.com\/profile.php?id=100086315447468<\/a><\/p>\n<p style=\"text-align: justify;\"><a href=\"http:\/\/clubsafranebiturbo.fr\/\">http:\/\/clubsafranebiturbo.fr\/<\/a><\/p>\n","protected":false},"excerpt":{"rendered":"<p>Vis arbre transmission safrane 4&#215;4 Ces vis arbre transmission safrane 4&#215;4 viennent en remplacement de celles d&rsquo;origine. Celles d&rsquo;origine sont des 5 pans pour la fixation du flector. Celles-ci sont des 6 pans. Ces vis de remplacement se montent en lieu et place sur safrane biturbo et sur safrane quadra. Lors du remplacement de ces [&hellip;]<\/p>\n","protected":false},"featured_media":1469,"comment_status":"open","ping_status":"closed","template":"","meta":[],"product_brand":[],"product_cat":[16,116,72,73,78,27,122],"product_tag":[61,62,63],"class_list":{"0":"post-470","1":"product","2":"type-product","3":"status-publish","4":"has-post-thumbnail","6":"product_cat-mecanique-safrane-biturbo","7":"product_cat-mecanique-safrane-quadra-renault-2","8":"product_cat-renault-2","9":"product_cat-safrane","10":"product_cat-safrane-quadra-renault-2","11":"product_cat-transmission-safrane-biturbo","12":"product_cat-transmission-mecanique-safrane-quadra-renault-2","13":"product_tag-arbre-de-transmission","14":"product_tag-flector","15":"product_tag-safrane-biturbo","17":"first","18":"instock","19":"featured","20":"taxable","21":"shipping-taxable","22":"purchasable","23":"product-type-simple"},"yoast_head":"<!-- This site is optimized with the Yoast SEO plugin v27.5 - https:\/\/yoast.com\/product\/yoast-seo-wordpress\/ -->\n<title>Vis arbre transmission safrane 4x4 - Boutique du Club Safrane Biturbo<\/title>\n<meta name=\"description\" content=\"Vis arbre transmission safrane 4x4 Vis flector arbre transmission safrane 4x4 de remplacement en lieu et place de celles d&#039;origine\" \/>\n<meta name=\"robots\" content=\"index, follow, max-snippet:-1, max-image-preview:large, max-video-preview:-1\" \/>\n<link rel=\"canonical\" href=\"https:\/\/clubsafranebiturbo.fr\/boutique\/produit\/vis-arbre-transmission-safrane-4x4\/\" \/>\n<meta property=\"og:locale\" content=\"fr_FR\" \/>\n<meta property=\"og:type\" content=\"article\" \/>\n<meta property=\"og:title\" content=\"Vis arbre transmission safrane 4x4 - Boutique du Club Safrane Biturbo\" \/>\n<meta property=\"og:description\" content=\"Vis arbre transmission safrane 4x4 Vis flector arbre transmission safrane 4x4 de remplacement en lieu et place de celles d&#039;origine\" \/>\n<meta property=\"og:url\" content=\"https:\/\/clubsafranebiturbo.fr\/boutique\/produit\/vis-arbre-transmission-safrane-4x4\/\" \/>\n<meta property=\"og:site_name\" content=\"Boutique du Club Safrane Biturbo\" \/>\n<meta property=\"article:modified_time\" content=\"2026-04-14T11:23:48+00:00\" \/>\n<meta property=\"og:image\" content=\"https:\/\/clubsafranebiturbo.fr\/boutique\/wp-content\/uploads\/2015\/10\/Vis-flector-arbre-de-transmission-de-safrane-biturbo-et-safrane-quadra-photo-1.jpg\" \/>\n\t<meta property=\"og:image:width\" content=\"600\" \/>\n\t<meta property=\"og:image:height\" content=\"505\" \/>\n\t<meta property=\"og:image:type\" content=\"image\/jpeg\" \/>\n<meta name=\"twitter:card\" content=\"summary_large_image\" \/>\n<meta name=\"twitter:site\" content=\"@clubsafranebt\" \/>\n<meta name=\"twitter:label1\" content=\"Dur\u00e9e de lecture estim\u00e9e\" \/>\n\t<meta name=\"twitter:data1\" content=\"3 minutes\" \/>\n<script type=\"application\/ld+json\" class=\"yoast-schema-graph\">{\"@context\":\"https:\\\/\\\/schema.org\",\"@graph\":[{\"@type\":\"WebPage\",\"@id\":\"https:\\\/\\\/clubsafranebiturbo.fr\\\/boutique\\\/produit\\\/vis-arbre-transmission-safrane-4x4\\\/\",\"url\":\"https:\\\/\\\/clubsafranebiturbo.fr\\\/boutique\\\/produit\\\/vis-arbre-transmission-safrane-4x4\\\/\",\"name\":\"Vis arbre transmission safrane 4x4 - Boutique du Club Safrane Biturbo\",\"isPartOf\":{\"@id\":\"https:\\\/\\\/clubsafranebiturbo.fr\\\/boutique\\\/#website\"},\"primaryImageOfPage\":{\"@id\":\"https:\\\/\\\/clubsafranebiturbo.fr\\\/boutique\\\/produit\\\/vis-arbre-transmission-safrane-4x4\\\/#primaryimage\"},\"image\":{\"@id\":\"https:\\\/\\\/clubsafranebiturbo.fr\\\/boutique\\\/produit\\\/vis-arbre-transmission-safrane-4x4\\\/#primaryimage\"},\"thumbnailUrl\":\"https:\\\/\\\/clubsafranebiturbo.fr\\\/boutique\\\/wp-content\\\/uploads\\\/2015\\\/10\\\/Vis-flector-arbre-de-transmission-de-safrane-biturbo-et-safrane-quadra-photo-1.jpg\",\"datePublished\":\"2013-06-24T19:34:58+00:00\",\"dateModified\":\"2026-04-14T11:23:48+00:00\",\"description\":\"Vis arbre transmission safrane 4x4 Vis flector arbre transmission safrane 4x4 de remplacement en lieu et place de celles d'origine\",\"breadcrumb\":{\"@id\":\"https:\\\/\\\/clubsafranebiturbo.fr\\\/boutique\\\/produit\\\/vis-arbre-transmission-safrane-4x4\\\/#breadcrumb\"},\"inLanguage\":\"fr-FR\",\"potentialAction\":[{\"@type\":\"ReadAction\",\"target\":[\"https:\\\/\\\/clubsafranebiturbo.fr\\\/boutique\\\/produit\\\/vis-arbre-transmission-safrane-4x4\\\/\"]}]},{\"@type\":\"ImageObject\",\"inLanguage\":\"fr-FR\",\"@id\":\"https:\\\/\\\/clubsafranebiturbo.fr\\\/boutique\\\/produit\\\/vis-arbre-transmission-safrane-4x4\\\/#primaryimage\",\"url\":\"https:\\\/\\\/clubsafranebiturbo.fr\\\/boutique\\\/wp-content\\\/uploads\\\/2015\\\/10\\\/Vis-flector-arbre-de-transmission-de-safrane-biturbo-et-safrane-quadra-photo-1.jpg\",\"contentUrl\":\"https:\\\/\\\/clubsafranebiturbo.fr\\\/boutique\\\/wp-content\\\/uploads\\\/2015\\\/10\\\/Vis-flector-arbre-de-transmission-de-safrane-biturbo-et-safrane-quadra-photo-1.jpg\",\"width\":600,\"height\":505,\"caption\":\"Vis arbre transmission safrane 4x4\"},{\"@type\":\"BreadcrumbList\",\"@id\":\"https:\\\/\\\/clubsafranebiturbo.fr\\\/boutique\\\/produit\\\/vis-arbre-transmission-safrane-4x4\\\/#breadcrumb\",\"itemListElement\":[{\"@type\":\"ListItem\",\"position\":1,\"name\":\"Accueil\",\"item\":\"https:\\\/\\\/clubsafranebiturbo.fr\\\/boutique\\\/\"},{\"@type\":\"ListItem\",\"position\":2,\"name\":\"Boutique\",\"item\":\"https:\\\/\\\/clubsafranebiturbo.fr\\\/boutique\\\/boutique\\\/\"},{\"@type\":\"ListItem\",\"position\":3,\"name\":\"Vis arbre transmission safrane 4&#215;4\"}]},{\"@type\":\"WebSite\",\"@id\":\"https:\\\/\\\/clubsafranebiturbo.fr\\\/boutique\\\/#website\",\"url\":\"https:\\\/\\\/clubsafranebiturbo.fr\\\/boutique\\\/\",\"name\":\"Boutique du Club Safrane Biturbo\",\"description\":\"Vente de pi\u00e8ces de Safrane Biturbo\",\"potentialAction\":[{\"@type\":\"SearchAction\",\"target\":{\"@type\":\"EntryPoint\",\"urlTemplate\":\"https:\\\/\\\/clubsafranebiturbo.fr\\\/boutique\\\/?s={search_term_string}\"},\"query-input\":{\"@type\":\"PropertyValueSpecification\",\"valueRequired\":true,\"valueName\":\"search_term_string\"}}],\"inLanguage\":\"fr-FR\"}]}<\/script>\n<!-- \/ Yoast SEO plugin. -->","yoast_head_json":{"title":"Vis arbre transmission safrane 4x4 - Boutique du Club Safrane Biturbo","description":"Vis arbre transmission safrane 4x4 Vis flector arbre transmission safrane 4x4 de remplacement en lieu et place de celles d'origine","robots":{"index":"index","follow":"follow","max-snippet":"max-snippet:-1","max-image-preview":"max-image-preview:large","max-video-preview":"max-video-preview:-1"},"canonical":"https:\/\/clubsafranebiturbo.fr\/boutique\/produit\/vis-arbre-transmission-safrane-4x4\/","og_locale":"fr_FR","og_type":"article","og_title":"Vis arbre transmission safrane 4x4 - Boutique du Club Safrane Biturbo","og_description":"Vis arbre transmission safrane 4x4 Vis flector arbre transmission safrane 4x4 de remplacement en lieu et place de celles d'origine","og_url":"https:\/\/clubsafranebiturbo.fr\/boutique\/produit\/vis-arbre-transmission-safrane-4x4\/","og_site_name":"Boutique du Club Safrane Biturbo","article_modified_time":"2026-04-14T11:23:48+00:00","og_image":[{"width":600,"height":505,"url":"https:\/\/clubsafranebiturbo.fr\/boutique\/wp-content\/uploads\/2015\/10\/Vis-flector-arbre-de-transmission-de-safrane-biturbo-et-safrane-quadra-photo-1.jpg","type":"image\/jpeg"}],"twitter_card":"summary_large_image","twitter_site":"@clubsafranebt","twitter_misc":{"Dur\u00e9e de lecture estim\u00e9e":"3 minutes"},"schema":{"@context":"https:\/\/schema.org","@graph":[{"@type":"WebPage","@id":"https:\/\/clubsafranebiturbo.fr\/boutique\/produit\/vis-arbre-transmission-safrane-4x4\/","url":"https:\/\/clubsafranebiturbo.fr\/boutique\/produit\/vis-arbre-transmission-safrane-4x4\/","name":"Vis arbre transmission safrane 4x4 - Boutique du Club Safrane Biturbo","isPartOf":{"@id":"https:\/\/clubsafranebiturbo.fr\/boutique\/#website"},"primaryImageOfPage":{"@id":"https:\/\/clubsafranebiturbo.fr\/boutique\/produit\/vis-arbre-transmission-safrane-4x4\/#primaryimage"},"image":{"@id":"https:\/\/clubsafranebiturbo.fr\/boutique\/produit\/vis-arbre-transmission-safrane-4x4\/#primaryimage"},"thumbnailUrl":"https:\/\/clubsafranebiturbo.fr\/boutique\/wp-content\/uploads\/2015\/10\/Vis-flector-arbre-de-transmission-de-safrane-biturbo-et-safrane-quadra-photo-1.jpg","datePublished":"2013-06-24T19:34:58+00:00","dateModified":"2026-04-14T11:23:48+00:00","description":"Vis arbre transmission safrane 4x4 Vis flector arbre transmission safrane 4x4 de remplacement en lieu et place de celles d'origine","breadcrumb":{"@id":"https:\/\/clubsafranebiturbo.fr\/boutique\/produit\/vis-arbre-transmission-safrane-4x4\/#breadcrumb"},"inLanguage":"fr-FR","potentialAction":[{"@type":"ReadAction","target":["https:\/\/clubsafranebiturbo.fr\/boutique\/produit\/vis-arbre-transmission-safrane-4x4\/"]}]},{"@type":"ImageObject","inLanguage":"fr-FR","@id":"https:\/\/clubsafranebiturbo.fr\/boutique\/produit\/vis-arbre-transmission-safrane-4x4\/#primaryimage","url":"https:\/\/clubsafranebiturbo.fr\/boutique\/wp-content\/uploads\/2015\/10\/Vis-flector-arbre-de-transmission-de-safrane-biturbo-et-safrane-quadra-photo-1.jpg","contentUrl":"https:\/\/clubsafranebiturbo.fr\/boutique\/wp-content\/uploads\/2015\/10\/Vis-flector-arbre-de-transmission-de-safrane-biturbo-et-safrane-quadra-photo-1.jpg","width":600,"height":505,"caption":"Vis arbre transmission safrane 4x4"},{"@type":"BreadcrumbList","@id":"https:\/\/clubsafranebiturbo.fr\/boutique\/produit\/vis-arbre-transmission-safrane-4x4\/#breadcrumb","itemListElement":[{"@type":"ListItem","position":1,"name":"Accueil","item":"https:\/\/clubsafranebiturbo.fr\/boutique\/"},{"@type":"ListItem","position":2,"name":"Boutique","item":"https:\/\/clubsafranebiturbo.fr\/boutique\/boutique\/"},{"@type":"ListItem","position":3,"name":"Vis arbre transmission safrane 4&#215;4"}]},{"@type":"WebSite","@id":"https:\/\/clubsafranebiturbo.fr\/boutique\/#website","url":"https:\/\/clubsafranebiturbo.fr\/boutique\/","name":"Boutique du Club Safrane Biturbo","description":"Vente de pi\u00e8ces de Safrane Biturbo","potentialAction":[{"@type":"SearchAction","target":{"@type":"EntryPoint","urlTemplate":"https:\/\/clubsafranebiturbo.fr\/boutique\/?s={search_term_string}"},"query-input":{"@type":"PropertyValueSpecification","valueRequired":true,"valueName":"search_term_string"}}],"inLanguage":"fr-FR"}]}},"_links":{"self":[{"href":"https:\/\/clubsafranebiturbo.fr\/boutique\/wp-json\/wp\/v2\/product\/470","targetHints":{"allow":["GET"]}}],"collection":[{"href":"https:\/\/clubsafranebiturbo.fr\/boutique\/wp-json\/wp\/v2\/product"}],"about":[{"href":"https:\/\/clubsafranebiturbo.fr\/boutique\/wp-json\/wp\/v2\/types\/product"}],"replies":[{"embeddable":true,"href":"https:\/\/clubsafranebiturbo.fr\/boutique\/wp-json\/wp\/v2\/comments?post=470"}],"wp:featuredmedia":[{"embeddable":true,"href":"https:\/\/clubsafranebiturbo.fr\/boutique\/wp-json\/wp\/v2\/media\/1469"}],"wp:attachment":[{"href":"https:\/\/clubsafranebiturbo.fr\/boutique\/wp-json\/wp\/v2\/media?parent=470"}],"wp:term":[{"taxonomy":"product_brand","embeddable":true,"href":"https:\/\/clubsafranebiturbo.fr\/boutique\/wp-json\/wp\/v2\/product_brand?post=470"},{"taxonomy":"product_cat","embeddable":true,"href":"https:\/\/clubsafranebiturbo.fr\/boutique\/wp-json\/wp\/v2\/product_cat?post=470"},{"taxonomy":"product_tag","embeddable":true,"href":"https:\/\/clubsafranebiturbo.fr\/boutique\/wp-json\/wp\/v2\/product_tag?post=470"}],"curies":[{"name":"wp","href":"https:\/\/api.w.org\/{rel}","templated":true}]}}