{"id":2979,"date":"2026-03-01T13:10:30","date_gmt":"2026-03-01T12:10:30","guid":{"rendered":"https:\/\/clubsafranebiturbo.fr\/boutique\/?post_type=product&#038;p=2979"},"modified":"2026-04-08T04:25:28","modified_gmt":"2026-04-08T03:25:28","slug":"embrayage-safrane-v6-7701468338","status":"publish","type":"product","link":"https:\/\/clubsafranebiturbo.fr\/boutique\/produit\/embrayage-safrane-v6-7701468338\/","title":{"rendered":"Embrayage safrane V6 7701468338"},"content":{"rendered":"<h2 style=\"text-align: justify;\">Embrayage safrane V6 7701468338<\/h2>\n<p style=\"text-align: justify;\"><span style=\"font-family: arial, helvetica, sans-serif;\">Cet embrayage safrane V6 7701468338 est une pi\u00e8ce d&rsquo;origine Renault. Pour moteur PRV. Se monte sur safrane et Laguna 3.0L V6 170 CV boite manuelle. Pour boite de vitesse PK1. Il n&rsquo;est pas compatible avec la Safrane Biturbo.<\/span><\/p>\n<p style=\"text-align: justify;\"><span style=\"font-family: arial, helvetica, sans-serif;\">Nombre de dents : 21<\/span><\/p>\n<p style=\"text-align: justify;\"><span style=\"font-family: arial, helvetica, sans-serif;\">diam\u00e8tre du m\u00e9canisme d&#8217;embrayage : 235 mm<\/span><\/p>\n<p style=\"text-align: justify;\"><span style=\"font-family: arial, helvetica, sans-serif;\">Pour plus de questions vous pouvez nous contacter via le formulaire de <a href=\"http:\/\/clubsafranebiturbo.fr\/boutique\/contact\/\">contact<\/a> sur la boutique. Nous nous efforcerons de r\u00e9pondre \u00e0 toutes vos questions \u00e0 partir du moment ou vos coordonn\u00e9es de contact sont correctes dans les plus brefs d\u00e9lais.<\/span><\/p>\n<h2 style=\"text-align: justify;\"><span style=\"font-family: arial, helvetica, sans-serif;\">Livraison<\/span><\/h2>\n<p style=\"text-align: justify;\"><span style=\"font-family: arial, helvetica, sans-serif;\">D\u00e9lai de livraison : 7 \u00e0 15 jours apr\u00e8s r\u00e9ception de votre paiement sur nos comptes. Toutefois, nous vous rappelons que nous sommes une association, et que notre temps libre pr\u00e9vaut sur le temps consacr\u00e9 au Club. En conclusion, il peut donc arriver que ces d\u00e9lais soient plus long. Pour un traitement plus rapide de votre commande, vous pouvez nous contacter par mail et faire un virement bancaire. Il se peut que le prix de la livraison soit fauss\u00e9, nous avons pas trouv\u00e9 la solution encore, n&rsquo;h\u00e9sitez pas \u00e0 nous contacter avant de passer au paiement, il se peut que nous vous demandions une correction, mais c&rsquo;est rare.<\/span><\/p>\n<p style=\"text-align: justify;\"><span style=\"font-family: arial, helvetica, sans-serif;\">Livraison par Collissimo recommand\u00e9 \u00e0 r\u00e9ception du paiement sur nos comptes. En consultant le site de la poste, avec le num\u00e9ro de suivi que vous recevrez par mail, il vous permettra de suivre l&rsquo;avancement de la livraison. Envoi soign\u00e9 et bien prot\u00e9g\u00e9.<\/span><\/p>\n<h2 style=\"text-align: justify;\"><span style=\"font-family: arial, helvetica, sans-serif;\">Stock<\/span><\/h2>\n<p style=\"text-align: justify;\"><span style=\"font-family: arial, helvetica, sans-serif; color: #ff0000;\">Ces pi\u00e8ces sont pr\u00e9sentes dans notre stock et vous serez donc assur\u00e9 de la livraison. Vous ne recevrez pas de mail vous informant que nous sommes en rupture. Si les pi\u00e8ces ne sont pas disponibles vous ne pourrez tout simplement pas les commander. A noter que nous sommes une association et faisons cela sur notre temps libre. Il est donc possible que de temps en temps les r\u00e9ponses ou les d\u00e9lais de livraison soient plus long que la normale.<\/span><\/p>\n<p>&nbsp;<\/p>\n<p><a href=\"https:\/\/clubsafranebiturbo.fr\/boutique\/wp-content\/uploads\/2026\/03\/Embrayage_safrane_V6_7701468338_2.jpg\"><img loading=\"lazy\" decoding=\"async\" class=\" wp-image-2981 aligncenter\" src=\"https:\/\/clubsafranebiturbo.fr\/boutique\/wp-content\/uploads\/2026\/03\/Embrayage_safrane_V6_7701468338_2-241x300.jpg\" alt=\"\" width=\"182\" height=\"227\" srcset=\"https:\/\/clubsafranebiturbo.fr\/boutique\/wp-content\/uploads\/2026\/03\/Embrayage_safrane_V6_7701468338_2-241x300.jpg 241w, https:\/\/clubsafranebiturbo.fr\/boutique\/wp-content\/uploads\/2026\/03\/Embrayage_safrane_V6_7701468338_2.jpg 600w\" sizes=\"auto, (max-width: 182px) 100vw, 182px\" \/><\/a><\/p>\n<p>&nbsp;<\/p>\n<p style=\"text-align: justify;\"><span style=\"font-family: arial, helvetica, sans-serif;\"><a href=\"https:\/\/www.facebook.com\/profile.php?id=100086315447468\">https:\/\/www.facebook.com\/profile.php?id=100086315447468<\/a><\/span><\/p>\n<p style=\"text-align: justify;\"><span style=\"font-family: arial, helvetica, sans-serif;\"><a href=\"http:\/\/clubsafranebiturbo.fr\/\" target=\"_blank\" rel=\"noopener noreferrer\">https:\/\/clubsafranebiturbo.fr\/<\/a><\/span><\/p>\n","protected":false},"excerpt":{"rendered":"<p>Embrayage safrane V6 7701468338 Cet embrayage safrane V6 7701468338 est une pi\u00e8ce d&rsquo;origine Renault. Pour moteur PRV. Se monte sur safrane et Laguna 3.0L V6 170 CV boite manuelle. Pour boite de vitesse PK1. Il n&rsquo;est pas compatible avec la Safrane Biturbo. Nombre de dents : 21 diam\u00e8tre du m\u00e9canisme d&#8217;embrayage : 235 mm Pour [&hellip;]<\/p>\n","protected":false},"featured_media":2981,"comment_status":"open","ping_status":"closed","template":"","meta":[],"product_brand":[],"product_cat":[151,152,153,72],"product_tag":[],"class_list":{"0":"post-2979","1":"product","2":"type-product","3":"status-publish","4":"has-post-thumbnail","6":"product_cat-laguna-1","7":"product_cat-mecanique-laguna-1","8":"product_cat-moteur-mecanique-laguna-1","9":"product_cat-renault-2","11":"first","12":"instock","13":"sold-individually","14":"taxable","15":"shipping-taxable","16":"purchasable","17":"product-type-simple"},"yoast_head":"<!-- This site is optimized with the Yoast SEO plugin v27.5 - https:\/\/yoast.com\/product\/yoast-seo-wordpress\/ -->\n<title>Embrayage safrane V6 7701468338 - Boutique du Club Safrane Biturbo<\/title>\n<meta name=\"description\" content=\"Cet embrayage safrane V6 7701468338 est une pi\u00e8ce d&#039;origine Renault. Pour moteur PRV. Se monte sur safrane et Laguna 3.0L V6 170 CV boite manuelle\" \/>\n<meta name=\"robots\" content=\"index, follow, max-snippet:-1, max-image-preview:large, max-video-preview:-1\" \/>\n<link rel=\"canonical\" href=\"https:\/\/clubsafranebiturbo.fr\/boutique\/produit\/embrayage-safrane-v6-7701468338\/\" \/>\n<meta property=\"og:locale\" content=\"fr_FR\" \/>\n<meta property=\"og:type\" content=\"article\" \/>\n<meta property=\"og:title\" content=\"Embrayage safrane V6 7701468338 - Boutique du Club Safrane Biturbo\" \/>\n<meta property=\"og:description\" content=\"Cet embrayage safrane V6 7701468338 est une pi\u00e8ce d&#039;origine Renault. Pour moteur PRV. Se monte sur safrane et Laguna 3.0L V6 170 CV boite manuelle\" \/>\n<meta property=\"og:url\" content=\"https:\/\/clubsafranebiturbo.fr\/boutique\/produit\/embrayage-safrane-v6-7701468338\/\" \/>\n<meta property=\"og:site_name\" content=\"Boutique du Club Safrane Biturbo\" \/>\n<meta property=\"article:modified_time\" content=\"2026-04-08T03:25:28+00:00\" \/>\n<meta property=\"og:image\" content=\"https:\/\/clubsafranebiturbo.fr\/boutique\/wp-content\/uploads\/2026\/03\/Embrayage_safrane_V6_7701468338_2.jpg\" \/>\n\t<meta property=\"og:image:width\" content=\"600\" \/>\n\t<meta property=\"og:image:height\" content=\"747\" \/>\n\t<meta property=\"og:image:type\" content=\"image\/jpeg\" \/>\n<meta name=\"twitter:card\" content=\"summary_large_image\" \/>\n<meta name=\"twitter:site\" content=\"@clubsafranebt\" \/>\n<meta name=\"twitter:label1\" content=\"Dur\u00e9e de lecture estim\u00e9e\" \/>\n\t<meta name=\"twitter:data1\" content=\"3 minutes\" \/>\n<script type=\"application\/ld+json\" class=\"yoast-schema-graph\">{\"@context\":\"https:\\\/\\\/schema.org\",\"@graph\":[{\"@type\":\"WebPage\",\"@id\":\"https:\\\/\\\/clubsafranebiturbo.fr\\\/boutique\\\/produit\\\/embrayage-safrane-v6-7701468338\\\/\",\"url\":\"https:\\\/\\\/clubsafranebiturbo.fr\\\/boutique\\\/produit\\\/embrayage-safrane-v6-7701468338\\\/\",\"name\":\"Embrayage safrane V6 7701468338 - Boutique du Club Safrane Biturbo\",\"isPartOf\":{\"@id\":\"https:\\\/\\\/clubsafranebiturbo.fr\\\/boutique\\\/#website\"},\"primaryImageOfPage\":{\"@id\":\"https:\\\/\\\/clubsafranebiturbo.fr\\\/boutique\\\/produit\\\/embrayage-safrane-v6-7701468338\\\/#primaryimage\"},\"image\":{\"@id\":\"https:\\\/\\\/clubsafranebiturbo.fr\\\/boutique\\\/produit\\\/embrayage-safrane-v6-7701468338\\\/#primaryimage\"},\"thumbnailUrl\":\"https:\\\/\\\/clubsafranebiturbo.fr\\\/boutique\\\/wp-content\\\/uploads\\\/2026\\\/03\\\/Embrayage_safrane_V6_7701468338_2.jpg\",\"datePublished\":\"2026-03-01T12:10:30+00:00\",\"dateModified\":\"2026-04-08T03:25:28+00:00\",\"description\":\"Cet embrayage safrane V6 7701468338 est une pi\u00e8ce d'origine Renault. Pour moteur PRV. Se monte sur safrane et Laguna 3.0L V6 170 CV boite manuelle\",\"breadcrumb\":{\"@id\":\"https:\\\/\\\/clubsafranebiturbo.fr\\\/boutique\\\/produit\\\/embrayage-safrane-v6-7701468338\\\/#breadcrumb\"},\"inLanguage\":\"fr-FR\",\"potentialAction\":[{\"@type\":\"ReadAction\",\"target\":[\"https:\\\/\\\/clubsafranebiturbo.fr\\\/boutique\\\/produit\\\/embrayage-safrane-v6-7701468338\\\/\"]}]},{\"@type\":\"ImageObject\",\"inLanguage\":\"fr-FR\",\"@id\":\"https:\\\/\\\/clubsafranebiturbo.fr\\\/boutique\\\/produit\\\/embrayage-safrane-v6-7701468338\\\/#primaryimage\",\"url\":\"https:\\\/\\\/clubsafranebiturbo.fr\\\/boutique\\\/wp-content\\\/uploads\\\/2026\\\/03\\\/Embrayage_safrane_V6_7701468338_2.jpg\",\"contentUrl\":\"https:\\\/\\\/clubsafranebiturbo.fr\\\/boutique\\\/wp-content\\\/uploads\\\/2026\\\/03\\\/Embrayage_safrane_V6_7701468338_2.jpg\",\"width\":600,\"height\":747},{\"@type\":\"BreadcrumbList\",\"@id\":\"https:\\\/\\\/clubsafranebiturbo.fr\\\/boutique\\\/produit\\\/embrayage-safrane-v6-7701468338\\\/#breadcrumb\",\"itemListElement\":[{\"@type\":\"ListItem\",\"position\":1,\"name\":\"Accueil\",\"item\":\"https:\\\/\\\/clubsafranebiturbo.fr\\\/boutique\\\/\"},{\"@type\":\"ListItem\",\"position\":2,\"name\":\"Boutique\",\"item\":\"https:\\\/\\\/clubsafranebiturbo.fr\\\/boutique\\\/boutique\\\/\"},{\"@type\":\"ListItem\",\"position\":3,\"name\":\"Embrayage safrane V6 7701468338\"}]},{\"@type\":\"WebSite\",\"@id\":\"https:\\\/\\\/clubsafranebiturbo.fr\\\/boutique\\\/#website\",\"url\":\"https:\\\/\\\/clubsafranebiturbo.fr\\\/boutique\\\/\",\"name\":\"Boutique du Club Safrane Biturbo\",\"description\":\"Vente de pi\u00e8ces de Safrane Biturbo\",\"potentialAction\":[{\"@type\":\"SearchAction\",\"target\":{\"@type\":\"EntryPoint\",\"urlTemplate\":\"https:\\\/\\\/clubsafranebiturbo.fr\\\/boutique\\\/?s={search_term_string}\"},\"query-input\":{\"@type\":\"PropertyValueSpecification\",\"valueRequired\":true,\"valueName\":\"search_term_string\"}}],\"inLanguage\":\"fr-FR\"}]}<\/script>\n<!-- \/ Yoast SEO plugin. -->","yoast_head_json":{"title":"Embrayage safrane V6 7701468338 - Boutique du Club Safrane Biturbo","description":"Cet embrayage safrane V6 7701468338 est une pi\u00e8ce d'origine Renault. Pour moteur PRV. Se monte sur safrane et Laguna 3.0L V6 170 CV boite manuelle","robots":{"index":"index","follow":"follow","max-snippet":"max-snippet:-1","max-image-preview":"max-image-preview:large","max-video-preview":"max-video-preview:-1"},"canonical":"https:\/\/clubsafranebiturbo.fr\/boutique\/produit\/embrayage-safrane-v6-7701468338\/","og_locale":"fr_FR","og_type":"article","og_title":"Embrayage safrane V6 7701468338 - Boutique du Club Safrane Biturbo","og_description":"Cet embrayage safrane V6 7701468338 est une pi\u00e8ce d'origine Renault. Pour moteur PRV. Se monte sur safrane et Laguna 3.0L V6 170 CV boite manuelle","og_url":"https:\/\/clubsafranebiturbo.fr\/boutique\/produit\/embrayage-safrane-v6-7701468338\/","og_site_name":"Boutique du Club Safrane Biturbo","article_modified_time":"2026-04-08T03:25:28+00:00","og_image":[{"width":600,"height":747,"url":"https:\/\/clubsafranebiturbo.fr\/boutique\/wp-content\/uploads\/2026\/03\/Embrayage_safrane_V6_7701468338_2.jpg","type":"image\/jpeg"}],"twitter_card":"summary_large_image","twitter_site":"@clubsafranebt","twitter_misc":{"Dur\u00e9e de lecture estim\u00e9e":"3 minutes"},"schema":{"@context":"https:\/\/schema.org","@graph":[{"@type":"WebPage","@id":"https:\/\/clubsafranebiturbo.fr\/boutique\/produit\/embrayage-safrane-v6-7701468338\/","url":"https:\/\/clubsafranebiturbo.fr\/boutique\/produit\/embrayage-safrane-v6-7701468338\/","name":"Embrayage safrane V6 7701468338 - Boutique du Club Safrane Biturbo","isPartOf":{"@id":"https:\/\/clubsafranebiturbo.fr\/boutique\/#website"},"primaryImageOfPage":{"@id":"https:\/\/clubsafranebiturbo.fr\/boutique\/produit\/embrayage-safrane-v6-7701468338\/#primaryimage"},"image":{"@id":"https:\/\/clubsafranebiturbo.fr\/boutique\/produit\/embrayage-safrane-v6-7701468338\/#primaryimage"},"thumbnailUrl":"https:\/\/clubsafranebiturbo.fr\/boutique\/wp-content\/uploads\/2026\/03\/Embrayage_safrane_V6_7701468338_2.jpg","datePublished":"2026-03-01T12:10:30+00:00","dateModified":"2026-04-08T03:25:28+00:00","description":"Cet embrayage safrane V6 7701468338 est une pi\u00e8ce d'origine Renault. Pour moteur PRV. Se monte sur safrane et Laguna 3.0L V6 170 CV boite manuelle","breadcrumb":{"@id":"https:\/\/clubsafranebiturbo.fr\/boutique\/produit\/embrayage-safrane-v6-7701468338\/#breadcrumb"},"inLanguage":"fr-FR","potentialAction":[{"@type":"ReadAction","target":["https:\/\/clubsafranebiturbo.fr\/boutique\/produit\/embrayage-safrane-v6-7701468338\/"]}]},{"@type":"ImageObject","inLanguage":"fr-FR","@id":"https:\/\/clubsafranebiturbo.fr\/boutique\/produit\/embrayage-safrane-v6-7701468338\/#primaryimage","url":"https:\/\/clubsafranebiturbo.fr\/boutique\/wp-content\/uploads\/2026\/03\/Embrayage_safrane_V6_7701468338_2.jpg","contentUrl":"https:\/\/clubsafranebiturbo.fr\/boutique\/wp-content\/uploads\/2026\/03\/Embrayage_safrane_V6_7701468338_2.jpg","width":600,"height":747},{"@type":"BreadcrumbList","@id":"https:\/\/clubsafranebiturbo.fr\/boutique\/produit\/embrayage-safrane-v6-7701468338\/#breadcrumb","itemListElement":[{"@type":"ListItem","position":1,"name":"Accueil","item":"https:\/\/clubsafranebiturbo.fr\/boutique\/"},{"@type":"ListItem","position":2,"name":"Boutique","item":"https:\/\/clubsafranebiturbo.fr\/boutique\/boutique\/"},{"@type":"ListItem","position":3,"name":"Embrayage safrane V6 7701468338"}]},{"@type":"WebSite","@id":"https:\/\/clubsafranebiturbo.fr\/boutique\/#website","url":"https:\/\/clubsafranebiturbo.fr\/boutique\/","name":"Boutique du Club Safrane Biturbo","description":"Vente de pi\u00e8ces de Safrane Biturbo","potentialAction":[{"@type":"SearchAction","target":{"@type":"EntryPoint","urlTemplate":"https:\/\/clubsafranebiturbo.fr\/boutique\/?s={search_term_string}"},"query-input":{"@type":"PropertyValueSpecification","valueRequired":true,"valueName":"search_term_string"}}],"inLanguage":"fr-FR"}]}},"_links":{"self":[{"href":"https:\/\/clubsafranebiturbo.fr\/boutique\/wp-json\/wp\/v2\/product\/2979","targetHints":{"allow":["GET"]}}],"collection":[{"href":"https:\/\/clubsafranebiturbo.fr\/boutique\/wp-json\/wp\/v2\/product"}],"about":[{"href":"https:\/\/clubsafranebiturbo.fr\/boutique\/wp-json\/wp\/v2\/types\/product"}],"replies":[{"embeddable":true,"href":"https:\/\/clubsafranebiturbo.fr\/boutique\/wp-json\/wp\/v2\/comments?post=2979"}],"wp:featuredmedia":[{"embeddable":true,"href":"https:\/\/clubsafranebiturbo.fr\/boutique\/wp-json\/wp\/v2\/media\/2981"}],"wp:attachment":[{"href":"https:\/\/clubsafranebiturbo.fr\/boutique\/wp-json\/wp\/v2\/media?parent=2979"}],"wp:term":[{"taxonomy":"product_brand","embeddable":true,"href":"https:\/\/clubsafranebiturbo.fr\/boutique\/wp-json\/wp\/v2\/product_brand?post=2979"},{"taxonomy":"product_cat","embeddable":true,"href":"https:\/\/clubsafranebiturbo.fr\/boutique\/wp-json\/wp\/v2\/product_cat?post=2979"},{"taxonomy":"product_tag","embeddable":true,"href":"https:\/\/clubsafranebiturbo.fr\/boutique\/wp-json\/wp\/v2\/product_tag?post=2979"}],"curies":[{"name":"wp","href":"https:\/\/api.w.org\/{rel}","templated":true}]}}