{"id":2901,"date":"2025-06-24T23:20:06","date_gmt":"2025-06-24T22:20:06","guid":{"rendered":"https:\/\/clubsafranebiturbo.fr\/boutique\/?post_type=product&#038;p=2901"},"modified":"2026-03-16T15:53:18","modified_gmt":"2026-03-16T14:53:18","slug":"centre-de-jante-7701038081","status":"publish","type":"product","link":"https:\/\/clubsafranebiturbo.fr\/boutique\/produit\/centre-de-jante-7701038081\/","title":{"rendered":"Centre de jante 7701038081"},"content":{"rendered":"<h2 style=\"text-align: justify;\">Centre de jante 7701038081<\/h2>\n<p style=\"text-align: justify;\"><span style=\"font-family: arial, helvetica, sans-serif;\">Ce centre de jante 7701038081 est une copie de l&rsquo;original. Se monte en lieu et place sans modification. Il est vendu brut,\u00a0 non peint. Ce n&rsquo;est pas de l&rsquo;impression 3D. Ce mat\u00e9riaux r\u00e9siste aux UV et \u00e0 une temp\u00e9rature de 120\u00b0C. La tenue m\u00e9canique est \u00e9quivalente \u00e0 l&rsquo;originale. Pour faire un set complet, il faut commander 4 centres de jante.<\/span><\/p>\n<p style=\"text-align: justify;\"><span style=\"font-family: arial, helvetica, sans-serif;\">Pour plus de questions vous pouvez nous contacter via le formulaire de <a href=\"http:\/\/clubsafranebiturbo.fr\/boutique\/contact\/\">contact<\/a> sur la boutique. Nous nous efforcerons de r\u00e9pondre \u00e0 toutes vos questions \u00e0 partir du moment ou vos coordonn\u00e9es de contact sont correctes dans les plus brefs d\u00e9lais.<\/span><\/p>\n<h2 style=\"text-align: justify;\"><span style=\"font-family: arial, helvetica, sans-serif;\">Livraison<\/span><\/h2>\n<p style=\"text-align: justify;\"><span style=\"font-family: arial, helvetica, sans-serif;\">D\u00e9lai de livraison : 7 \u00e0 15 jours apr\u00e8s r\u00e9ception de votre paiement sur nos comptes. Toutefois, nous vous rappelons que nous sommes une association, et que notre temps libre pr\u00e9vaut sur le temps consacr\u00e9 au Club. En conclusion, il peut donc arriver que ces d\u00e9lais soient plus long. Pour un traitement plus rapide de votre commande, vous pouvez nous contacter par mail et faire un virement bancaire. Il se peut que le prix de la livraison soit fauss\u00e9, nous avons pas trouv\u00e9 la solution encore, n&rsquo;h\u00e9sitez pas \u00e0 nous contacter avant de passer au paiement, il se peut que nous vous demandions une correction, mais c&rsquo;est rare.<\/span><\/p>\n<p style=\"text-align: justify;\"><span style=\"font-family: arial, helvetica, sans-serif;\">Livraison par Collissimo recommand\u00e9 \u00e0 r\u00e9ception du paiement sur nos comptes. En consultant le site de la poste, avec le num\u00e9ro de suivi que vous recevrez par mail, il vous permettra de suivre l&rsquo;avancement de la livraison. Envoi soign\u00e9 et bien prot\u00e9g\u00e9.<\/span><\/p>\n<h2 style=\"text-align: justify;\"><span style=\"font-family: arial, helvetica, sans-serif;\">Stock<\/span><\/h2>\n<p style=\"text-align: justify;\"><span style=\"font-family: arial, helvetica, sans-serif; color: #ff0000;\">Ces pi\u00e8ces sont pr\u00e9sentes dans notre stock et vous serez donc assur\u00e9 de la livraison. Vous ne recevrez pas de mail vous informant que nous sommes en rupture. Si les pi\u00e8ces ne sont pas disponibles vous ne pourrez tout simplement pas les commander. A noter que nous sommes une association et faisons cela sur notre temps libre. Il est donc possible que de temps en temps les r\u00e9ponses ou les d\u00e9lais de livraison soient plus long que la normale.<\/span><\/p>\n<p><a href=\"https:\/\/clubsafranebiturbo.fr\/boutique\/wp-content\/uploads\/2025\/06\/Centre_de_jante_7701038081_2.jpg\"><img loading=\"lazy\" decoding=\"async\" class=\"size-medium wp-image-2904 aligncenter\" src=\"https:\/\/clubsafranebiturbo.fr\/boutique\/wp-content\/uploads\/2025\/06\/Centre_de_jante_7701038081_2-300x179.jpg\" alt=\"Centre de jante 7701038081\" width=\"300\" height=\"179\" srcset=\"https:\/\/clubsafranebiturbo.fr\/boutique\/wp-content\/uploads\/2025\/06\/Centre_de_jante_7701038081_2-300x179.jpg 300w, https:\/\/clubsafranebiturbo.fr\/boutique\/wp-content\/uploads\/2025\/06\/Centre_de_jante_7701038081_2.jpg 600w\" sizes=\"auto, (max-width: 300px) 100vw, 300px\" \/><\/a><\/p>\n<p>&nbsp;<\/p>\n<p>&nbsp;<\/p>\n<p style=\"text-align: justify;\"><span style=\"font-family: arial, helvetica, sans-serif;\"><a href=\"https:\/\/www.facebook.com\/profile.php?id=100086315447468\">https:\/\/www.facebook.com\/profile.php?id=100086315447468<\/a><\/span><\/p>\n<p style=\"text-align: justify;\"><span style=\"font-family: arial, helvetica, sans-serif;\"><a href=\"http:\/\/clubsafranebiturbo.fr\/\" target=\"_blank\" rel=\"noopener noreferrer\">http:\/\/clubsafranebiturbo.fr\/<\/a><\/span><\/p>\n","protected":false},"excerpt":{"rendered":"<p>Centre de jante 7701038081 Ce centre de jante 7701038081 est une copie de l&rsquo;original. Se monte en lieu et place sans modification. Il est vendu brut,\u00a0 non peint. Ce n&rsquo;est pas de l&rsquo;impression 3D. Ce mat\u00e9riaux r\u00e9siste aux UV et \u00e0 une temp\u00e9rature de 120\u00b0C. La tenue m\u00e9canique est \u00e9quivalente \u00e0 l&rsquo;originale. Pour faire un [&hellip;]<\/p>\n","protected":false},"featured_media":2904,"comment_status":"open","ping_status":"closed","template":"","meta":[],"product_brand":[],"product_cat":[22,67,72,73],"product_tag":[],"class_list":{"0":"post-2901","1":"product","2":"type-product","3":"status-publish","4":"has-post-thumbnail","6":"product_cat-carrosserie-safrane-biturbo","7":"product_cat-elements-de-carrosserie-safrane-biturbo","8":"product_cat-renault-2","9":"product_cat-safrane","11":"first","12":"instock","13":"taxable","14":"shipping-taxable","15":"purchasable","16":"product-type-simple"},"yoast_head":"<!-- This site is optimized with the Yoast SEO plugin v27.4 - https:\/\/yoast.com\/product\/yoast-seo-wordpress\/ -->\n<title>Centre de jante 7701038081 - Boutique du Club Safrane Biturbo<\/title>\n<meta name=\"description\" content=\"Ce centre de jante 7701038081 est une copie de l&#039;original. Conforme \u00e0 l&#039;original, non peint. Ce n&#039;est pas de l&#039;impression 3D. R\u00e9siste aux UV et \u00e0 120\u00b0C\" \/>\n<meta name=\"robots\" content=\"index, follow, max-snippet:-1, max-image-preview:large, max-video-preview:-1\" \/>\n<link rel=\"canonical\" href=\"https:\/\/clubsafranebiturbo.fr\/boutique\/produit\/centre-de-jante-7701038081\/\" \/>\n<meta property=\"og:locale\" content=\"fr_FR\" \/>\n<meta property=\"og:type\" content=\"article\" \/>\n<meta property=\"og:title\" content=\"Centre de jante 7701038081 - Boutique du Club Safrane Biturbo\" \/>\n<meta property=\"og:description\" content=\"Ce centre de jante 7701038081 est une copie de l&#039;original. Conforme \u00e0 l&#039;original, non peint. Ce n&#039;est pas de l&#039;impression 3D. R\u00e9siste aux UV et \u00e0 120\u00b0C\" \/>\n<meta property=\"og:url\" content=\"https:\/\/clubsafranebiturbo.fr\/boutique\/produit\/centre-de-jante-7701038081\/\" \/>\n<meta property=\"og:site_name\" content=\"Boutique du Club Safrane Biturbo\" \/>\n<meta property=\"article:modified_time\" content=\"2026-03-16T14:53:18+00:00\" \/>\n<meta property=\"og:image\" content=\"https:\/\/clubsafranebiturbo.fr\/boutique\/wp-content\/uploads\/2025\/06\/Centre_de_jante_7701038081_2.jpg\" \/>\n\t<meta property=\"og:image:width\" content=\"600\" \/>\n\t<meta property=\"og:image:height\" content=\"357\" \/>\n\t<meta property=\"og:image:type\" content=\"image\/jpeg\" \/>\n<meta name=\"twitter:card\" content=\"summary_large_image\" \/>\n<meta name=\"twitter:site\" content=\"@clubsafranebt\" \/>\n<meta name=\"twitter:label1\" content=\"Dur\u00e9e de lecture estim\u00e9e\" \/>\n\t<meta name=\"twitter:data1\" content=\"3 minutes\" \/>\n<script type=\"application\/ld+json\" class=\"yoast-schema-graph\">{\"@context\":\"https:\\\/\\\/schema.org\",\"@graph\":[{\"@type\":\"WebPage\",\"@id\":\"https:\\\/\\\/clubsafranebiturbo.fr\\\/boutique\\\/produit\\\/centre-de-jante-7701038081\\\/\",\"url\":\"https:\\\/\\\/clubsafranebiturbo.fr\\\/boutique\\\/produit\\\/centre-de-jante-7701038081\\\/\",\"name\":\"Centre de jante 7701038081 - Boutique du Club Safrane Biturbo\",\"isPartOf\":{\"@id\":\"https:\\\/\\\/clubsafranebiturbo.fr\\\/boutique\\\/#website\"},\"primaryImageOfPage\":{\"@id\":\"https:\\\/\\\/clubsafranebiturbo.fr\\\/boutique\\\/produit\\\/centre-de-jante-7701038081\\\/#primaryimage\"},\"image\":{\"@id\":\"https:\\\/\\\/clubsafranebiturbo.fr\\\/boutique\\\/produit\\\/centre-de-jante-7701038081\\\/#primaryimage\"},\"thumbnailUrl\":\"https:\\\/\\\/clubsafranebiturbo.fr\\\/boutique\\\/wp-content\\\/uploads\\\/2025\\\/06\\\/Centre_de_jante_7701038081_2.jpg\",\"datePublished\":\"2025-06-24T22:20:06+00:00\",\"dateModified\":\"2026-03-16T14:53:18+00:00\",\"description\":\"Ce centre de jante 7701038081 est une copie de l'original. Conforme \u00e0 l'original, non peint. Ce n'est pas de l'impression 3D. R\u00e9siste aux UV et \u00e0 120\u00b0C\",\"breadcrumb\":{\"@id\":\"https:\\\/\\\/clubsafranebiturbo.fr\\\/boutique\\\/produit\\\/centre-de-jante-7701038081\\\/#breadcrumb\"},\"inLanguage\":\"fr-FR\",\"potentialAction\":[{\"@type\":\"ReadAction\",\"target\":[\"https:\\\/\\\/clubsafranebiturbo.fr\\\/boutique\\\/produit\\\/centre-de-jante-7701038081\\\/\"]}]},{\"@type\":\"ImageObject\",\"inLanguage\":\"fr-FR\",\"@id\":\"https:\\\/\\\/clubsafranebiturbo.fr\\\/boutique\\\/produit\\\/centre-de-jante-7701038081\\\/#primaryimage\",\"url\":\"https:\\\/\\\/clubsafranebiturbo.fr\\\/boutique\\\/wp-content\\\/uploads\\\/2025\\\/06\\\/Centre_de_jante_7701038081_2.jpg\",\"contentUrl\":\"https:\\\/\\\/clubsafranebiturbo.fr\\\/boutique\\\/wp-content\\\/uploads\\\/2025\\\/06\\\/Centre_de_jante_7701038081_2.jpg\",\"width\":600,\"height\":357,\"caption\":\"Centre de jante 7701038081\"},{\"@type\":\"BreadcrumbList\",\"@id\":\"https:\\\/\\\/clubsafranebiturbo.fr\\\/boutique\\\/produit\\\/centre-de-jante-7701038081\\\/#breadcrumb\",\"itemListElement\":[{\"@type\":\"ListItem\",\"position\":1,\"name\":\"Accueil\",\"item\":\"https:\\\/\\\/clubsafranebiturbo.fr\\\/boutique\\\/\"},{\"@type\":\"ListItem\",\"position\":2,\"name\":\"Boutique\",\"item\":\"https:\\\/\\\/clubsafranebiturbo.fr\\\/boutique\\\/boutique\\\/\"},{\"@type\":\"ListItem\",\"position\":3,\"name\":\"Centre de jante 7701038081\"}]},{\"@type\":\"WebSite\",\"@id\":\"https:\\\/\\\/clubsafranebiturbo.fr\\\/boutique\\\/#website\",\"url\":\"https:\\\/\\\/clubsafranebiturbo.fr\\\/boutique\\\/\",\"name\":\"Boutique du Club Safrane Biturbo\",\"description\":\"Vente de pi\u00e8ces de Safrane Biturbo\",\"potentialAction\":[{\"@type\":\"SearchAction\",\"target\":{\"@type\":\"EntryPoint\",\"urlTemplate\":\"https:\\\/\\\/clubsafranebiturbo.fr\\\/boutique\\\/?s={search_term_string}\"},\"query-input\":{\"@type\":\"PropertyValueSpecification\",\"valueRequired\":true,\"valueName\":\"search_term_string\"}}],\"inLanguage\":\"fr-FR\"}]}<\/script>\n<!-- \/ Yoast SEO plugin. -->","yoast_head_json":{"title":"Centre de jante 7701038081 - Boutique du Club Safrane Biturbo","description":"Ce centre de jante 7701038081 est une copie de l'original. Conforme \u00e0 l'original, non peint. Ce n'est pas de l'impression 3D. R\u00e9siste aux UV et \u00e0 120\u00b0C","robots":{"index":"index","follow":"follow","max-snippet":"max-snippet:-1","max-image-preview":"max-image-preview:large","max-video-preview":"max-video-preview:-1"},"canonical":"https:\/\/clubsafranebiturbo.fr\/boutique\/produit\/centre-de-jante-7701038081\/","og_locale":"fr_FR","og_type":"article","og_title":"Centre de jante 7701038081 - Boutique du Club Safrane Biturbo","og_description":"Ce centre de jante 7701038081 est une copie de l'original. Conforme \u00e0 l'original, non peint. Ce n'est pas de l'impression 3D. R\u00e9siste aux UV et \u00e0 120\u00b0C","og_url":"https:\/\/clubsafranebiturbo.fr\/boutique\/produit\/centre-de-jante-7701038081\/","og_site_name":"Boutique du Club Safrane Biturbo","article_modified_time":"2026-03-16T14:53:18+00:00","og_image":[{"width":600,"height":357,"url":"https:\/\/clubsafranebiturbo.fr\/boutique\/wp-content\/uploads\/2025\/06\/Centre_de_jante_7701038081_2.jpg","type":"image\/jpeg"}],"twitter_card":"summary_large_image","twitter_site":"@clubsafranebt","twitter_misc":{"Dur\u00e9e de lecture estim\u00e9e":"3 minutes"},"schema":{"@context":"https:\/\/schema.org","@graph":[{"@type":"WebPage","@id":"https:\/\/clubsafranebiturbo.fr\/boutique\/produit\/centre-de-jante-7701038081\/","url":"https:\/\/clubsafranebiturbo.fr\/boutique\/produit\/centre-de-jante-7701038081\/","name":"Centre de jante 7701038081 - Boutique du Club Safrane Biturbo","isPartOf":{"@id":"https:\/\/clubsafranebiturbo.fr\/boutique\/#website"},"primaryImageOfPage":{"@id":"https:\/\/clubsafranebiturbo.fr\/boutique\/produit\/centre-de-jante-7701038081\/#primaryimage"},"image":{"@id":"https:\/\/clubsafranebiturbo.fr\/boutique\/produit\/centre-de-jante-7701038081\/#primaryimage"},"thumbnailUrl":"https:\/\/clubsafranebiturbo.fr\/boutique\/wp-content\/uploads\/2025\/06\/Centre_de_jante_7701038081_2.jpg","datePublished":"2025-06-24T22:20:06+00:00","dateModified":"2026-03-16T14:53:18+00:00","description":"Ce centre de jante 7701038081 est une copie de l'original. Conforme \u00e0 l'original, non peint. Ce n'est pas de l'impression 3D. R\u00e9siste aux UV et \u00e0 120\u00b0C","breadcrumb":{"@id":"https:\/\/clubsafranebiturbo.fr\/boutique\/produit\/centre-de-jante-7701038081\/#breadcrumb"},"inLanguage":"fr-FR","potentialAction":[{"@type":"ReadAction","target":["https:\/\/clubsafranebiturbo.fr\/boutique\/produit\/centre-de-jante-7701038081\/"]}]},{"@type":"ImageObject","inLanguage":"fr-FR","@id":"https:\/\/clubsafranebiturbo.fr\/boutique\/produit\/centre-de-jante-7701038081\/#primaryimage","url":"https:\/\/clubsafranebiturbo.fr\/boutique\/wp-content\/uploads\/2025\/06\/Centre_de_jante_7701038081_2.jpg","contentUrl":"https:\/\/clubsafranebiturbo.fr\/boutique\/wp-content\/uploads\/2025\/06\/Centre_de_jante_7701038081_2.jpg","width":600,"height":357,"caption":"Centre de jante 7701038081"},{"@type":"BreadcrumbList","@id":"https:\/\/clubsafranebiturbo.fr\/boutique\/produit\/centre-de-jante-7701038081\/#breadcrumb","itemListElement":[{"@type":"ListItem","position":1,"name":"Accueil","item":"https:\/\/clubsafranebiturbo.fr\/boutique\/"},{"@type":"ListItem","position":2,"name":"Boutique","item":"https:\/\/clubsafranebiturbo.fr\/boutique\/boutique\/"},{"@type":"ListItem","position":3,"name":"Centre de jante 7701038081"}]},{"@type":"WebSite","@id":"https:\/\/clubsafranebiturbo.fr\/boutique\/#website","url":"https:\/\/clubsafranebiturbo.fr\/boutique\/","name":"Boutique du Club Safrane Biturbo","description":"Vente de pi\u00e8ces de Safrane Biturbo","potentialAction":[{"@type":"SearchAction","target":{"@type":"EntryPoint","urlTemplate":"https:\/\/clubsafranebiturbo.fr\/boutique\/?s={search_term_string}"},"query-input":{"@type":"PropertyValueSpecification","valueRequired":true,"valueName":"search_term_string"}}],"inLanguage":"fr-FR"}]}},"_links":{"self":[{"href":"https:\/\/clubsafranebiturbo.fr\/boutique\/wp-json\/wp\/v2\/product\/2901","targetHints":{"allow":["GET"]}}],"collection":[{"href":"https:\/\/clubsafranebiturbo.fr\/boutique\/wp-json\/wp\/v2\/product"}],"about":[{"href":"https:\/\/clubsafranebiturbo.fr\/boutique\/wp-json\/wp\/v2\/types\/product"}],"replies":[{"embeddable":true,"href":"https:\/\/clubsafranebiturbo.fr\/boutique\/wp-json\/wp\/v2\/comments?post=2901"}],"wp:featuredmedia":[{"embeddable":true,"href":"https:\/\/clubsafranebiturbo.fr\/boutique\/wp-json\/wp\/v2\/media\/2904"}],"wp:attachment":[{"href":"https:\/\/clubsafranebiturbo.fr\/boutique\/wp-json\/wp\/v2\/media?parent=2901"}],"wp:term":[{"taxonomy":"product_brand","embeddable":true,"href":"https:\/\/clubsafranebiturbo.fr\/boutique\/wp-json\/wp\/v2\/product_brand?post=2901"},{"taxonomy":"product_cat","embeddable":true,"href":"https:\/\/clubsafranebiturbo.fr\/boutique\/wp-json\/wp\/v2\/product_cat?post=2901"},{"taxonomy":"product_tag","embeddable":true,"href":"https:\/\/clubsafranebiturbo.fr\/boutique\/wp-json\/wp\/v2\/product_tag?post=2901"}],"curies":[{"name":"wp","href":"https:\/\/api.w.org\/{rel}","templated":true}]}}