{"id":2880,"date":"2025-05-10T22:47:24","date_gmt":"2025-05-10T21:47:24","guid":{"rendered":"https:\/\/clubsafranebiturbo.fr\/boutique\/?post_type=product&#038;p=2880"},"modified":"2025-09-10T23:17:27","modified_gmt":"2025-09-10T22:17:27","slug":"kit-essui-glace-avant-arriere-safrane","status":"publish","type":"product","link":"https:\/\/clubsafranebiturbo.fr\/boutique\/produit\/kit-essui-glace-avant-arriere-safrane\/","title":{"rendered":"Kit essui glace avant arri\u00e8re Safrane"},"content":{"rendered":"<h2 style=\"text-align: justify;\">Kit essui glace avant arri\u00e8re Safrane<\/h2>\n<p style=\"text-align: justify;\"><span style=\"font-family: arial, helvetica, sans-serif;\">Ce kit essui glace avant arri\u00e8re Safrane est compos\u00e9 de trois balais d&rsquo;essuie glace de marque Valeo. Se monte sur Safrane Phase 1.<\/span><\/p>\n<p style=\"text-align: justify;\"><span style=\"font-family: arial, helvetica, sans-serif;\">Pour plus de questions vous pouvez nous contacter via le formulaire de <a href=\"http:\/\/clubsafranebiturbo.fr\/boutique\/contact\/\">contact<\/a> sur la boutique. Nous nous efforcerons de r\u00e9pondre \u00e0 toutes vos questions \u00e0 partir du moment ou vos coordonn\u00e9es de contact sont correctes dans les plus brefs d\u00e9lais.<\/span><\/p>\n<h2 style=\"text-align: justify;\"><span style=\"font-family: arial, helvetica, sans-serif;\">Livraison<\/span><\/h2>\n<p style=\"text-align: justify;\"><span style=\"font-family: arial, helvetica, sans-serif;\">D\u00e9lai de livraison : 7 \u00e0 15 jours apr\u00e8s r\u00e9ception de votre paiement sur nos comptes. Toutefois, nous vous rappelons que nous sommes une association, et que notre temps libre pr\u00e9vaut sur le temps consacr\u00e9 au Club. En conclusion, il peut donc arriver que ces d\u00e9lais soient plus long. Pour un traitement plus rapide de votre commande, vous pouvez nous contacter par mail et faire un virement bancaire.<\/span><\/p>\n<p style=\"text-align: justify;\"><span style=\"font-family: arial, helvetica, sans-serif;\">Livraison par Collissimo recommand\u00e9 \u00e0 r\u00e9ception du paiement sur nos comptes. En consultant le site de la poste, avec le num\u00e9ro de suivi que vous recevrez par mail, il vous permettra de suivre l&rsquo;avancement de la livraison. Envoi soign\u00e9 et bien prot\u00e9g\u00e9.<\/span><\/p>\n<h2 style=\"text-align: justify;\"><span style=\"font-family: arial, helvetica, sans-serif;\">Stock<\/span><\/h2>\n<p style=\"text-align: justify;\"><span style=\"font-family: arial, helvetica, sans-serif; color: #ff0000;\">Ces pi\u00e8ces sont pr\u00e9sentes dans notre stock et vous serez donc assur\u00e9 de la livraison. Vous ne recevrez pas de mail vous informant que nous sommes en rupture. Si les pi\u00e8ces ne sont pas disponibles vous ne pourrez tout simplement pas les commander. A noter que nous sommes une association et faisons cela sur notre temps libre. Il est donc possible que de temps en temps les r\u00e9ponses ou les d\u00e9lais de livraison soient plus long que la normale.<\/span><\/p>\n<p>&nbsp;<\/p>\n<p style=\"text-align: justify;\"><span style=\"font-family: arial, helvetica, sans-serif;\"><a href=\"https:\/\/www.facebook.com\/profile.php?id=100086315447468\">https:\/\/www.facebook.com\/profile.php?id=100086315447468<\/a><\/span><\/p>\n<p style=\"text-align: justify;\"><span style=\"font-family: arial, helvetica, sans-serif;\"><a href=\"http:\/\/clubsafranebiturbo.fr\/\" target=\"_blank\" rel=\"noopener noreferrer\">http:\/\/clubsafranebiturbo.fr\/<\/a><\/span><\/p>\n","protected":false},"excerpt":{"rendered":"<p>Kit essui glace avant arri\u00e8re Safrane Ce kit essui glace avant arri\u00e8re Safrane est compos\u00e9 de trois balais d&rsquo;essuie glace de marque Valeo. Se monte sur Safrane Phase 1. Pour plus de questions vous pouvez nous contacter via le formulaire de contact sur la boutique. Nous nous efforcerons de r\u00e9pondre \u00e0 toutes vos questions \u00e0 [&hellip;]<\/p>\n","protected":false},"featured_media":2882,"comment_status":"open","ping_status":"closed","template":"","meta":[],"product_brand":[],"product_cat":[111,22,67,113,72,73,78],"product_tag":[],"class_list":{"0":"post-2880","1":"product","2":"type-product","3":"status-publish","4":"has-post-thumbnail","6":"product_cat-carroserie","7":"product_cat-carrosserie-safrane-biturbo","8":"product_cat-elements-de-carrosserie-safrane-biturbo","9":"product_cat-elements-de-carrosserie-carroserie","10":"product_cat-renault-2","11":"product_cat-safrane","12":"product_cat-safrane-quadra-renault-2","14":"first","15":"instock","16":"taxable","17":"shipping-taxable","18":"purchasable","19":"product-type-simple"},"yoast_head":"<!-- This site is optimized with the Yoast SEO plugin v27.4 - https:\/\/yoast.com\/product\/yoast-seo-wordpress\/ -->\n<title>Kit essui glace avant arri\u00e8re Safrane - Boutique du Club Safrane Biturbo<\/title>\n<meta name=\"description\" content=\"Ce kit essui glace avant arri\u00e8re Safrane est compos\u00e9 de trois balais d&#039;essuie glace de marque Valeo. Se monte sur Safrane Phase 1.\" \/>\n<meta name=\"robots\" content=\"index, follow, max-snippet:-1, max-image-preview:large, max-video-preview:-1\" \/>\n<link rel=\"canonical\" href=\"https:\/\/clubsafranebiturbo.fr\/boutique\/produit\/kit-essui-glace-avant-arriere-safrane\/\" \/>\n<meta property=\"og:locale\" content=\"fr_FR\" \/>\n<meta property=\"og:type\" content=\"article\" \/>\n<meta property=\"og:title\" content=\"Kit essui glace avant arri\u00e8re Safrane - Boutique du Club Safrane Biturbo\" \/>\n<meta property=\"og:description\" content=\"Ce kit essui glace avant arri\u00e8re Safrane est compos\u00e9 de trois balais d&#039;essuie glace de marque Valeo. Se monte sur Safrane Phase 1.\" \/>\n<meta property=\"og:url\" content=\"https:\/\/clubsafranebiturbo.fr\/boutique\/produit\/kit-essui-glace-avant-arriere-safrane\/\" \/>\n<meta property=\"og:site_name\" content=\"Boutique du Club Safrane Biturbo\" \/>\n<meta property=\"article:modified_time\" content=\"2025-09-10T22:17:27+00:00\" \/>\n<meta property=\"og:image\" content=\"https:\/\/clubsafranebiturbo.fr\/boutique\/wp-content\/uploads\/2025\/05\/Kit_essui_glace_avant_arriere_Safrane_1.jpg\" \/>\n\t<meta property=\"og:image:width\" content=\"600\" \/>\n\t<meta property=\"og:image:height\" content=\"270\" \/>\n\t<meta property=\"og:image:type\" content=\"image\/jpeg\" \/>\n<meta name=\"twitter:card\" content=\"summary_large_image\" \/>\n<meta name=\"twitter:site\" content=\"@clubsafranebt\" \/>\n<meta name=\"twitter:label1\" content=\"Dur\u00e9e de lecture estim\u00e9e\" \/>\n\t<meta name=\"twitter:data1\" content=\"2 minutes\" \/>\n<script type=\"application\/ld+json\" class=\"yoast-schema-graph\">{\"@context\":\"https:\\\/\\\/schema.org\",\"@graph\":[{\"@type\":\"WebPage\",\"@id\":\"https:\\\/\\\/clubsafranebiturbo.fr\\\/boutique\\\/produit\\\/kit-essui-glace-avant-arriere-safrane\\\/\",\"url\":\"https:\\\/\\\/clubsafranebiturbo.fr\\\/boutique\\\/produit\\\/kit-essui-glace-avant-arriere-safrane\\\/\",\"name\":\"Kit essui glace avant arri\u00e8re Safrane - Boutique du Club Safrane Biturbo\",\"isPartOf\":{\"@id\":\"https:\\\/\\\/clubsafranebiturbo.fr\\\/boutique\\\/#website\"},\"primaryImageOfPage\":{\"@id\":\"https:\\\/\\\/clubsafranebiturbo.fr\\\/boutique\\\/produit\\\/kit-essui-glace-avant-arriere-safrane\\\/#primaryimage\"},\"image\":{\"@id\":\"https:\\\/\\\/clubsafranebiturbo.fr\\\/boutique\\\/produit\\\/kit-essui-glace-avant-arriere-safrane\\\/#primaryimage\"},\"thumbnailUrl\":\"https:\\\/\\\/clubsafranebiturbo.fr\\\/boutique\\\/wp-content\\\/uploads\\\/2025\\\/05\\\/Kit_essui_glace_avant_arriere_Safrane_1.jpg\",\"datePublished\":\"2025-05-10T21:47:24+00:00\",\"dateModified\":\"2025-09-10T22:17:27+00:00\",\"description\":\"Ce kit essui glace avant arri\u00e8re Safrane est compos\u00e9 de trois balais d'essuie glace de marque Valeo. Se monte sur Safrane Phase 1.\",\"breadcrumb\":{\"@id\":\"https:\\\/\\\/clubsafranebiturbo.fr\\\/boutique\\\/produit\\\/kit-essui-glace-avant-arriere-safrane\\\/#breadcrumb\"},\"inLanguage\":\"fr-FR\",\"potentialAction\":[{\"@type\":\"ReadAction\",\"target\":[\"https:\\\/\\\/clubsafranebiturbo.fr\\\/boutique\\\/produit\\\/kit-essui-glace-avant-arriere-safrane\\\/\"]}]},{\"@type\":\"ImageObject\",\"inLanguage\":\"fr-FR\",\"@id\":\"https:\\\/\\\/clubsafranebiturbo.fr\\\/boutique\\\/produit\\\/kit-essui-glace-avant-arriere-safrane\\\/#primaryimage\",\"url\":\"https:\\\/\\\/clubsafranebiturbo.fr\\\/boutique\\\/wp-content\\\/uploads\\\/2025\\\/05\\\/Kit_essui_glace_avant_arriere_Safrane_1.jpg\",\"contentUrl\":\"https:\\\/\\\/clubsafranebiturbo.fr\\\/boutique\\\/wp-content\\\/uploads\\\/2025\\\/05\\\/Kit_essui_glace_avant_arriere_Safrane_1.jpg\",\"width\":600,\"height\":270,\"caption\":\"Kit essui glace avant arri\u00e8re Safrane\"},{\"@type\":\"BreadcrumbList\",\"@id\":\"https:\\\/\\\/clubsafranebiturbo.fr\\\/boutique\\\/produit\\\/kit-essui-glace-avant-arriere-safrane\\\/#breadcrumb\",\"itemListElement\":[{\"@type\":\"ListItem\",\"position\":1,\"name\":\"Accueil\",\"item\":\"https:\\\/\\\/clubsafranebiturbo.fr\\\/boutique\\\/\"},{\"@type\":\"ListItem\",\"position\":2,\"name\":\"Boutique\",\"item\":\"https:\\\/\\\/clubsafranebiturbo.fr\\\/boutique\\\/boutique\\\/\"},{\"@type\":\"ListItem\",\"position\":3,\"name\":\"Kit essui glace avant arri\u00e8re Safrane\"}]},{\"@type\":\"WebSite\",\"@id\":\"https:\\\/\\\/clubsafranebiturbo.fr\\\/boutique\\\/#website\",\"url\":\"https:\\\/\\\/clubsafranebiturbo.fr\\\/boutique\\\/\",\"name\":\"Boutique du Club Safrane Biturbo\",\"description\":\"Vente de pi\u00e8ces de Safrane Biturbo\",\"potentialAction\":[{\"@type\":\"SearchAction\",\"target\":{\"@type\":\"EntryPoint\",\"urlTemplate\":\"https:\\\/\\\/clubsafranebiturbo.fr\\\/boutique\\\/?s={search_term_string}\"},\"query-input\":{\"@type\":\"PropertyValueSpecification\",\"valueRequired\":true,\"valueName\":\"search_term_string\"}}],\"inLanguage\":\"fr-FR\"}]}<\/script>\n<!-- \/ Yoast SEO plugin. -->","yoast_head_json":{"title":"Kit essui glace avant arri\u00e8re Safrane - Boutique du Club Safrane Biturbo","description":"Ce kit essui glace avant arri\u00e8re Safrane est compos\u00e9 de trois balais d'essuie glace de marque Valeo. Se monte sur Safrane Phase 1.","robots":{"index":"index","follow":"follow","max-snippet":"max-snippet:-1","max-image-preview":"max-image-preview:large","max-video-preview":"max-video-preview:-1"},"canonical":"https:\/\/clubsafranebiturbo.fr\/boutique\/produit\/kit-essui-glace-avant-arriere-safrane\/","og_locale":"fr_FR","og_type":"article","og_title":"Kit essui glace avant arri\u00e8re Safrane - Boutique du Club Safrane Biturbo","og_description":"Ce kit essui glace avant arri\u00e8re Safrane est compos\u00e9 de trois balais d'essuie glace de marque Valeo. Se monte sur Safrane Phase 1.","og_url":"https:\/\/clubsafranebiturbo.fr\/boutique\/produit\/kit-essui-glace-avant-arriere-safrane\/","og_site_name":"Boutique du Club Safrane Biturbo","article_modified_time":"2025-09-10T22:17:27+00:00","og_image":[{"width":600,"height":270,"url":"https:\/\/clubsafranebiturbo.fr\/boutique\/wp-content\/uploads\/2025\/05\/Kit_essui_glace_avant_arriere_Safrane_1.jpg","type":"image\/jpeg"}],"twitter_card":"summary_large_image","twitter_site":"@clubsafranebt","twitter_misc":{"Dur\u00e9e de lecture estim\u00e9e":"2 minutes"},"schema":{"@context":"https:\/\/schema.org","@graph":[{"@type":"WebPage","@id":"https:\/\/clubsafranebiturbo.fr\/boutique\/produit\/kit-essui-glace-avant-arriere-safrane\/","url":"https:\/\/clubsafranebiturbo.fr\/boutique\/produit\/kit-essui-glace-avant-arriere-safrane\/","name":"Kit essui glace avant arri\u00e8re Safrane - Boutique du Club Safrane Biturbo","isPartOf":{"@id":"https:\/\/clubsafranebiturbo.fr\/boutique\/#website"},"primaryImageOfPage":{"@id":"https:\/\/clubsafranebiturbo.fr\/boutique\/produit\/kit-essui-glace-avant-arriere-safrane\/#primaryimage"},"image":{"@id":"https:\/\/clubsafranebiturbo.fr\/boutique\/produit\/kit-essui-glace-avant-arriere-safrane\/#primaryimage"},"thumbnailUrl":"https:\/\/clubsafranebiturbo.fr\/boutique\/wp-content\/uploads\/2025\/05\/Kit_essui_glace_avant_arriere_Safrane_1.jpg","datePublished":"2025-05-10T21:47:24+00:00","dateModified":"2025-09-10T22:17:27+00:00","description":"Ce kit essui glace avant arri\u00e8re Safrane est compos\u00e9 de trois balais d'essuie glace de marque Valeo. Se monte sur Safrane Phase 1.","breadcrumb":{"@id":"https:\/\/clubsafranebiturbo.fr\/boutique\/produit\/kit-essui-glace-avant-arriere-safrane\/#breadcrumb"},"inLanguage":"fr-FR","potentialAction":[{"@type":"ReadAction","target":["https:\/\/clubsafranebiturbo.fr\/boutique\/produit\/kit-essui-glace-avant-arriere-safrane\/"]}]},{"@type":"ImageObject","inLanguage":"fr-FR","@id":"https:\/\/clubsafranebiturbo.fr\/boutique\/produit\/kit-essui-glace-avant-arriere-safrane\/#primaryimage","url":"https:\/\/clubsafranebiturbo.fr\/boutique\/wp-content\/uploads\/2025\/05\/Kit_essui_glace_avant_arriere_Safrane_1.jpg","contentUrl":"https:\/\/clubsafranebiturbo.fr\/boutique\/wp-content\/uploads\/2025\/05\/Kit_essui_glace_avant_arriere_Safrane_1.jpg","width":600,"height":270,"caption":"Kit essui glace avant arri\u00e8re Safrane"},{"@type":"BreadcrumbList","@id":"https:\/\/clubsafranebiturbo.fr\/boutique\/produit\/kit-essui-glace-avant-arriere-safrane\/#breadcrumb","itemListElement":[{"@type":"ListItem","position":1,"name":"Accueil","item":"https:\/\/clubsafranebiturbo.fr\/boutique\/"},{"@type":"ListItem","position":2,"name":"Boutique","item":"https:\/\/clubsafranebiturbo.fr\/boutique\/boutique\/"},{"@type":"ListItem","position":3,"name":"Kit essui glace avant arri\u00e8re Safrane"}]},{"@type":"WebSite","@id":"https:\/\/clubsafranebiturbo.fr\/boutique\/#website","url":"https:\/\/clubsafranebiturbo.fr\/boutique\/","name":"Boutique du Club Safrane Biturbo","description":"Vente de pi\u00e8ces de Safrane Biturbo","potentialAction":[{"@type":"SearchAction","target":{"@type":"EntryPoint","urlTemplate":"https:\/\/clubsafranebiturbo.fr\/boutique\/?s={search_term_string}"},"query-input":{"@type":"PropertyValueSpecification","valueRequired":true,"valueName":"search_term_string"}}],"inLanguage":"fr-FR"}]}},"_links":{"self":[{"href":"https:\/\/clubsafranebiturbo.fr\/boutique\/wp-json\/wp\/v2\/product\/2880","targetHints":{"allow":["GET"]}}],"collection":[{"href":"https:\/\/clubsafranebiturbo.fr\/boutique\/wp-json\/wp\/v2\/product"}],"about":[{"href":"https:\/\/clubsafranebiturbo.fr\/boutique\/wp-json\/wp\/v2\/types\/product"}],"replies":[{"embeddable":true,"href":"https:\/\/clubsafranebiturbo.fr\/boutique\/wp-json\/wp\/v2\/comments?post=2880"}],"wp:featuredmedia":[{"embeddable":true,"href":"https:\/\/clubsafranebiturbo.fr\/boutique\/wp-json\/wp\/v2\/media\/2882"}],"wp:attachment":[{"href":"https:\/\/clubsafranebiturbo.fr\/boutique\/wp-json\/wp\/v2\/media?parent=2880"}],"wp:term":[{"taxonomy":"product_brand","embeddable":true,"href":"https:\/\/clubsafranebiturbo.fr\/boutique\/wp-json\/wp\/v2\/product_brand?post=2880"},{"taxonomy":"product_cat","embeddable":true,"href":"https:\/\/clubsafranebiturbo.fr\/boutique\/wp-json\/wp\/v2\/product_cat?post=2880"},{"taxonomy":"product_tag","embeddable":true,"href":"https:\/\/clubsafranebiturbo.fr\/boutique\/wp-json\/wp\/v2\/product_tag?post=2880"}],"curies":[{"name":"wp","href":"https:\/\/api.w.org\/{rel}","templated":true}]}}