{"id":2798,"date":"2024-11-12T18:17:55","date_gmt":"2024-11-12T17:17:55","guid":{"rendered":"https:\/\/clubsafranebiturbo.fr\/boutique\/?post_type=product&#038;p=2798"},"modified":"2025-07-02T19:46:05","modified_gmt":"2025-07-02T18:46:05","slug":"chaine-pompe-a-huile-7910245548","status":"publish","type":"product","link":"https:\/\/clubsafranebiturbo.fr\/boutique\/produit\/chaine-pompe-a-huile-7910245548\/","title":{"rendered":"Chaine pompe \u00e0 huile 7910245548"},"content":{"rendered":"<h2>Chaine pompe \u00e0 huile 7910245548<\/h2>\n<p>Cette Chaine pompe \u00e0 huile 7910245548 Renault est une pi\u00e8ce originale. Pour moteur PRV Z7X-726 et bien d&rsquo;autre. Elle est potentiellement utilisable sur d&rsquo;autres v\u00e9hicules de la marque, \u00e0 vous de v\u00e9rifier sa compatibilit\u00e9 avec la r\u00e9f\u00e9rence Renault.<\/p>\n<p>Pour plus de questions vous pouvez nous contacter via le formulaire de <a href=\"http:\/\/clubsafranebiturbo.fr\/boutique\/contact\/\">contact<\/a> sur la boutique. Nous nous efforcerons de r\u00e9pondre \u00e0 toutes vos questions \u00e0\u00a0 partir du moment ou vos coordonn\u00e9es de contact sont correctes dans les plus brefs d\u00e9lais.<\/p>\n<h2>Livraison<\/h2>\n<p>D\u00e9lai de livraison : 7 \u00e0 15 jours apr\u00e8s r\u00e9ception de votre paiement sur nos comptes. Toutefois, nous vous rappelons que nous sommes une association, et que notre temps libre pr\u00e9vaut sur le temps consacr\u00e9 au Club. En conclusion, il peut donc arriver que ces d\u00e9lais soient plus long. Pour un traitement plus rapide de votre commande, vous pouvez nous contacter par mail et faire un virement bancaire.<\/p>\n<p>Livraison par colissimo recommand\u00e9 \u00e0 r\u00e9ception du paiement sur nos comptes. En consultant le site de la poste avec le num\u00e9ro de suivi que vous recevrez par mail, il vous permettra de suivre l&rsquo;avancement de la livraison. Envoi soign\u00e9 et bien prot\u00e9g\u00e9.<\/p>\n<p><a href=\"https:\/\/clubsafranebiturbo.fr\/boutique\/wp-content\/uploads\/2024\/11\/chaine11.jpg\"><img loading=\"lazy\" decoding=\"async\" class=\"size-medium wp-image-2802 aligncenter\" src=\"https:\/\/clubsafranebiturbo.fr\/boutique\/wp-content\/uploads\/2024\/11\/chaine11-135x300.jpg\" alt=\"\" width=\"135\" height=\"300\" srcset=\"https:\/\/clubsafranebiturbo.fr\/boutique\/wp-content\/uploads\/2024\/11\/chaine11-135x300.jpg 135w, https:\/\/clubsafranebiturbo.fr\/boutique\/wp-content\/uploads\/2024\/11\/chaine11-460x1024.jpg 460w, https:\/\/clubsafranebiturbo.fr\/boutique\/wp-content\/uploads\/2024\/11\/chaine11.jpg 600w\" sizes=\"auto, (max-width: 135px) 100vw, 135px\" \/><\/a><\/p>\n<h2>Stock<\/h2>\n<p><span style=\"color: #ff0000;\">Ces pi\u00e8ces sont pr\u00e9sentes dans notre stock et vous serez donc assur\u00e9 de la livraison. Vous ne recevrez pas de mail vous informant que nous sommes en rupture. Si les pi\u00e8ces ne sont pas disponibles vous ne pourrez tout simplement pas les commander. A noter que nous sommes une association et faisons cela sur notre temps libre. Il est donc possible que de temps en temps les r\u00e9ponses ou les d\u00e9lais de livraison soient plus long que la normale.<\/span><\/p>\n<p>&nbsp;<\/p>\n<p><a href=\"https:\/\/www.facebook.com\/profile.php?id=100086315447468\">https:\/\/www.facebook.com\/profile.php?id=100086315447468<\/a><\/p>\n<p><a href=\"http:\/\/clubsafranebiturbo.fr\/\">http:\/\/clubsafranebiturbo.fr\/<\/a><\/p>\n","protected":false},"excerpt":{"rendered":"<p>Chaine pompe \u00e0 huile 7910245548 Cette Chaine pompe \u00e0 huile 7910245548 Renault est une pi\u00e8ce originale. Pour moteur PRV Z7X-726 et bien d&rsquo;autre. Elle est potentiellement utilisable sur d&rsquo;autres v\u00e9hicules de la marque, \u00e0 vous de v\u00e9rifier sa compatibilit\u00e9 avec la r\u00e9f\u00e9rence Renault. Pour plus de questions vous pouvez nous contacter via le formulaire de [&hellip;]<\/p>\n","protected":false},"featured_media":2802,"comment_status":"open","ping_status":"closed","template":"","meta":[],"product_brand":[],"product_cat":[141],"product_tag":[],"class_list":{"0":"post-2798","1":"product","2":"type-product","3":"status-publish","4":"has-post-thumbnail","6":"product_cat-non-classe","8":"first","9":"instock","10":"taxable","11":"shipping-taxable","12":"purchasable","13":"product-type-simple"},"yoast_head":"<!-- This site is optimized with the Yoast SEO plugin v27.5 - https:\/\/yoast.com\/product\/yoast-seo-wordpress\/ -->\n<title>Chaine pompe \u00e0 huile 7910245548 - Boutique du Club Safrane Biturbo<\/title>\n<meta name=\"description\" content=\"Cette Chaine pompe \u00e0 huile 7910245548 Renault est une pi\u00e8ce originale. Pour moteur PRV Z7X-726 et bien d&#039;autre. A vous de v\u00e9rifier avant d&#039;acheter\" \/>\n<meta name=\"robots\" content=\"index, follow, max-snippet:-1, max-image-preview:large, max-video-preview:-1\" \/>\n<link rel=\"canonical\" href=\"https:\/\/clubsafranebiturbo.fr\/boutique\/produit\/chaine-pompe-a-huile-7910245548\/\" \/>\n<meta property=\"og:locale\" content=\"fr_FR\" \/>\n<meta property=\"og:type\" content=\"article\" \/>\n<meta property=\"og:title\" content=\"Chaine pompe \u00e0 huile 7910245548 - Boutique du Club Safrane Biturbo\" \/>\n<meta property=\"og:description\" content=\"Cette Chaine pompe \u00e0 huile 7910245548 Renault est une pi\u00e8ce originale. Pour moteur PRV Z7X-726 et bien d&#039;autre. A vous de v\u00e9rifier avant d&#039;acheter\" \/>\n<meta property=\"og:url\" content=\"https:\/\/clubsafranebiturbo.fr\/boutique\/produit\/chaine-pompe-a-huile-7910245548\/\" \/>\n<meta property=\"og:site_name\" content=\"Boutique du Club Safrane Biturbo\" \/>\n<meta property=\"article:modified_time\" content=\"2025-07-02T18:46:05+00:00\" \/>\n<meta property=\"og:image\" content=\"https:\/\/clubsafranebiturbo.fr\/boutique\/wp-content\/uploads\/2024\/11\/chaine11.jpg\" \/>\n\t<meta property=\"og:image:width\" content=\"600\" \/>\n\t<meta property=\"og:image:height\" content=\"1336\" \/>\n\t<meta property=\"og:image:type\" content=\"image\/jpeg\" \/>\n<meta name=\"twitter:card\" content=\"summary_large_image\" \/>\n<meta name=\"twitter:site\" content=\"@clubsafranebt\" \/>\n<meta name=\"twitter:label1\" content=\"Dur\u00e9e de lecture estim\u00e9e\" \/>\n\t<meta name=\"twitter:data1\" content=\"2 minutes\" \/>\n<script type=\"application\/ld+json\" class=\"yoast-schema-graph\">{\"@context\":\"https:\\\/\\\/schema.org\",\"@graph\":[{\"@type\":\"WebPage\",\"@id\":\"https:\\\/\\\/clubsafranebiturbo.fr\\\/boutique\\\/produit\\\/chaine-pompe-a-huile-7910245548\\\/\",\"url\":\"https:\\\/\\\/clubsafranebiturbo.fr\\\/boutique\\\/produit\\\/chaine-pompe-a-huile-7910245548\\\/\",\"name\":\"Chaine pompe \u00e0 huile 7910245548 - Boutique du Club Safrane Biturbo\",\"isPartOf\":{\"@id\":\"https:\\\/\\\/clubsafranebiturbo.fr\\\/boutique\\\/#website\"},\"primaryImageOfPage\":{\"@id\":\"https:\\\/\\\/clubsafranebiturbo.fr\\\/boutique\\\/produit\\\/chaine-pompe-a-huile-7910245548\\\/#primaryimage\"},\"image\":{\"@id\":\"https:\\\/\\\/clubsafranebiturbo.fr\\\/boutique\\\/produit\\\/chaine-pompe-a-huile-7910245548\\\/#primaryimage\"},\"thumbnailUrl\":\"https:\\\/\\\/clubsafranebiturbo.fr\\\/boutique\\\/wp-content\\\/uploads\\\/2024\\\/11\\\/chaine11.jpg\",\"datePublished\":\"2024-11-12T17:17:55+00:00\",\"dateModified\":\"2025-07-02T18:46:05+00:00\",\"description\":\"Cette Chaine pompe \u00e0 huile 7910245548 Renault est une pi\u00e8ce originale. Pour moteur PRV Z7X-726 et bien d'autre. A vous de v\u00e9rifier avant d'acheter\",\"breadcrumb\":{\"@id\":\"https:\\\/\\\/clubsafranebiturbo.fr\\\/boutique\\\/produit\\\/chaine-pompe-a-huile-7910245548\\\/#breadcrumb\"},\"inLanguage\":\"fr-FR\",\"potentialAction\":[{\"@type\":\"ReadAction\",\"target\":[\"https:\\\/\\\/clubsafranebiturbo.fr\\\/boutique\\\/produit\\\/chaine-pompe-a-huile-7910245548\\\/\"]}]},{\"@type\":\"ImageObject\",\"inLanguage\":\"fr-FR\",\"@id\":\"https:\\\/\\\/clubsafranebiturbo.fr\\\/boutique\\\/produit\\\/chaine-pompe-a-huile-7910245548\\\/#primaryimage\",\"url\":\"https:\\\/\\\/clubsafranebiturbo.fr\\\/boutique\\\/wp-content\\\/uploads\\\/2024\\\/11\\\/chaine11.jpg\",\"contentUrl\":\"https:\\\/\\\/clubsafranebiturbo.fr\\\/boutique\\\/wp-content\\\/uploads\\\/2024\\\/11\\\/chaine11.jpg\",\"width\":600,\"height\":1336,\"caption\":\"Chaine pompe \u00e0 huile 7910245548\"},{\"@type\":\"BreadcrumbList\",\"@id\":\"https:\\\/\\\/clubsafranebiturbo.fr\\\/boutique\\\/produit\\\/chaine-pompe-a-huile-7910245548\\\/#breadcrumb\",\"itemListElement\":[{\"@type\":\"ListItem\",\"position\":1,\"name\":\"Accueil\",\"item\":\"https:\\\/\\\/clubsafranebiturbo.fr\\\/boutique\\\/\"},{\"@type\":\"ListItem\",\"position\":2,\"name\":\"Boutique\",\"item\":\"https:\\\/\\\/clubsafranebiturbo.fr\\\/boutique\\\/boutique\\\/\"},{\"@type\":\"ListItem\",\"position\":3,\"name\":\"Chaine pompe \u00e0 huile 7910245548\"}]},{\"@type\":\"WebSite\",\"@id\":\"https:\\\/\\\/clubsafranebiturbo.fr\\\/boutique\\\/#website\",\"url\":\"https:\\\/\\\/clubsafranebiturbo.fr\\\/boutique\\\/\",\"name\":\"Boutique du Club Safrane Biturbo\",\"description\":\"Vente de pi\u00e8ces de Safrane Biturbo\",\"potentialAction\":[{\"@type\":\"SearchAction\",\"target\":{\"@type\":\"EntryPoint\",\"urlTemplate\":\"https:\\\/\\\/clubsafranebiturbo.fr\\\/boutique\\\/?s={search_term_string}\"},\"query-input\":{\"@type\":\"PropertyValueSpecification\",\"valueRequired\":true,\"valueName\":\"search_term_string\"}}],\"inLanguage\":\"fr-FR\"}]}<\/script>\n<!-- \/ Yoast SEO plugin. -->","yoast_head_json":{"title":"Chaine pompe \u00e0 huile 7910245548 - Boutique du Club Safrane Biturbo","description":"Cette Chaine pompe \u00e0 huile 7910245548 Renault est une pi\u00e8ce originale. Pour moteur PRV Z7X-726 et bien d'autre. A vous de v\u00e9rifier avant d'acheter","robots":{"index":"index","follow":"follow","max-snippet":"max-snippet:-1","max-image-preview":"max-image-preview:large","max-video-preview":"max-video-preview:-1"},"canonical":"https:\/\/clubsafranebiturbo.fr\/boutique\/produit\/chaine-pompe-a-huile-7910245548\/","og_locale":"fr_FR","og_type":"article","og_title":"Chaine pompe \u00e0 huile 7910245548 - Boutique du Club Safrane Biturbo","og_description":"Cette Chaine pompe \u00e0 huile 7910245548 Renault est une pi\u00e8ce originale. Pour moteur PRV Z7X-726 et bien d'autre. A vous de v\u00e9rifier avant d'acheter","og_url":"https:\/\/clubsafranebiturbo.fr\/boutique\/produit\/chaine-pompe-a-huile-7910245548\/","og_site_name":"Boutique du Club Safrane Biturbo","article_modified_time":"2025-07-02T18:46:05+00:00","og_image":[{"width":600,"height":1336,"url":"https:\/\/clubsafranebiturbo.fr\/boutique\/wp-content\/uploads\/2024\/11\/chaine11.jpg","type":"image\/jpeg"}],"twitter_card":"summary_large_image","twitter_site":"@clubsafranebt","twitter_misc":{"Dur\u00e9e de lecture estim\u00e9e":"2 minutes"},"schema":{"@context":"https:\/\/schema.org","@graph":[{"@type":"WebPage","@id":"https:\/\/clubsafranebiturbo.fr\/boutique\/produit\/chaine-pompe-a-huile-7910245548\/","url":"https:\/\/clubsafranebiturbo.fr\/boutique\/produit\/chaine-pompe-a-huile-7910245548\/","name":"Chaine pompe \u00e0 huile 7910245548 - Boutique du Club Safrane Biturbo","isPartOf":{"@id":"https:\/\/clubsafranebiturbo.fr\/boutique\/#website"},"primaryImageOfPage":{"@id":"https:\/\/clubsafranebiturbo.fr\/boutique\/produit\/chaine-pompe-a-huile-7910245548\/#primaryimage"},"image":{"@id":"https:\/\/clubsafranebiturbo.fr\/boutique\/produit\/chaine-pompe-a-huile-7910245548\/#primaryimage"},"thumbnailUrl":"https:\/\/clubsafranebiturbo.fr\/boutique\/wp-content\/uploads\/2024\/11\/chaine11.jpg","datePublished":"2024-11-12T17:17:55+00:00","dateModified":"2025-07-02T18:46:05+00:00","description":"Cette Chaine pompe \u00e0 huile 7910245548 Renault est une pi\u00e8ce originale. Pour moteur PRV Z7X-726 et bien d'autre. A vous de v\u00e9rifier avant d'acheter","breadcrumb":{"@id":"https:\/\/clubsafranebiturbo.fr\/boutique\/produit\/chaine-pompe-a-huile-7910245548\/#breadcrumb"},"inLanguage":"fr-FR","potentialAction":[{"@type":"ReadAction","target":["https:\/\/clubsafranebiturbo.fr\/boutique\/produit\/chaine-pompe-a-huile-7910245548\/"]}]},{"@type":"ImageObject","inLanguage":"fr-FR","@id":"https:\/\/clubsafranebiturbo.fr\/boutique\/produit\/chaine-pompe-a-huile-7910245548\/#primaryimage","url":"https:\/\/clubsafranebiturbo.fr\/boutique\/wp-content\/uploads\/2024\/11\/chaine11.jpg","contentUrl":"https:\/\/clubsafranebiturbo.fr\/boutique\/wp-content\/uploads\/2024\/11\/chaine11.jpg","width":600,"height":1336,"caption":"Chaine pompe \u00e0 huile 7910245548"},{"@type":"BreadcrumbList","@id":"https:\/\/clubsafranebiturbo.fr\/boutique\/produit\/chaine-pompe-a-huile-7910245548\/#breadcrumb","itemListElement":[{"@type":"ListItem","position":1,"name":"Accueil","item":"https:\/\/clubsafranebiturbo.fr\/boutique\/"},{"@type":"ListItem","position":2,"name":"Boutique","item":"https:\/\/clubsafranebiturbo.fr\/boutique\/boutique\/"},{"@type":"ListItem","position":3,"name":"Chaine pompe \u00e0 huile 7910245548"}]},{"@type":"WebSite","@id":"https:\/\/clubsafranebiturbo.fr\/boutique\/#website","url":"https:\/\/clubsafranebiturbo.fr\/boutique\/","name":"Boutique du Club Safrane Biturbo","description":"Vente de pi\u00e8ces de Safrane Biturbo","potentialAction":[{"@type":"SearchAction","target":{"@type":"EntryPoint","urlTemplate":"https:\/\/clubsafranebiturbo.fr\/boutique\/?s={search_term_string}"},"query-input":{"@type":"PropertyValueSpecification","valueRequired":true,"valueName":"search_term_string"}}],"inLanguage":"fr-FR"}]}},"_links":{"self":[{"href":"https:\/\/clubsafranebiturbo.fr\/boutique\/wp-json\/wp\/v2\/product\/2798","targetHints":{"allow":["GET"]}}],"collection":[{"href":"https:\/\/clubsafranebiturbo.fr\/boutique\/wp-json\/wp\/v2\/product"}],"about":[{"href":"https:\/\/clubsafranebiturbo.fr\/boutique\/wp-json\/wp\/v2\/types\/product"}],"replies":[{"embeddable":true,"href":"https:\/\/clubsafranebiturbo.fr\/boutique\/wp-json\/wp\/v2\/comments?post=2798"}],"wp:featuredmedia":[{"embeddable":true,"href":"https:\/\/clubsafranebiturbo.fr\/boutique\/wp-json\/wp\/v2\/media\/2802"}],"wp:attachment":[{"href":"https:\/\/clubsafranebiturbo.fr\/boutique\/wp-json\/wp\/v2\/media?parent=2798"}],"wp:term":[{"taxonomy":"product_brand","embeddable":true,"href":"https:\/\/clubsafranebiturbo.fr\/boutique\/wp-json\/wp\/v2\/product_brand?post=2798"},{"taxonomy":"product_cat","embeddable":true,"href":"https:\/\/clubsafranebiturbo.fr\/boutique\/wp-json\/wp\/v2\/product_cat?post=2798"},{"taxonomy":"product_tag","embeddable":true,"href":"https:\/\/clubsafranebiturbo.fr\/boutique\/wp-json\/wp\/v2\/product_tag?post=2798"}],"curies":[{"name":"wp","href":"https:\/\/api.w.org\/{rel}","templated":true}]}}