{"id":2785,"date":"2024-10-10T19:38:41","date_gmt":"2024-10-10T18:38:41","guid":{"rendered":"https:\/\/clubsafranebiturbo.fr\/boutique\/?post_type=product&#038;p=2785"},"modified":"2026-04-07T20:34:30","modified_gmt":"2026-04-07T19:34:30","slug":"filtre-a-huile-7700720978","status":"publish","type":"product","link":"https:\/\/clubsafranebiturbo.fr\/boutique\/produit\/filtre-a-huile-7700720978\/","title":{"rendered":"Filtre \u00e0 huile 7700720978"},"content":{"rendered":"<h2>Filtre \u00e0 huile 7700720978<\/h2>\n<p>Ce filtre \u00e0 huile 7700720978 Renault est une pi\u00e8ce originale. De marque PURFLUX. Pas de probl\u00e8me donc de compatibilit\u00e9 pour effectuer votre vidange. Il est potentiellement utilisable sur d&rsquo;autres v\u00e9hicules de la marque, \u00e0 vous de v\u00e9rifier sa compatibilit\u00e9 avec la r\u00e9f\u00e9rence Renault.<\/p>\n<p>Pour plus de questions vous pouvez nous contacter via le formulaire de <a href=\"http:\/\/clubsafranebiturbo.fr\/boutique\/contact\/\">contact<\/a> sur la boutique. Nous nous efforcerons de r\u00e9pondre \u00e0 toutes vos questions \u00e0\u00a0 partir du moment ou vos coordonn\u00e9es de contact sont correctes dans les plus brefs d\u00e9lais.<\/p>\n<h2>Livraison<\/h2>\n<p>D\u00e9lai de livraison : 7 \u00e0 15 jours apr\u00e8s r\u00e9ception de votre paiement sur nos comptes. Toutefois, nous vous rappelons que nous sommes une association, et que notre temps libre pr\u00e9vaut sur le temps consacr\u00e9 au Club. En conclusion, il peut donc arriver que ces d\u00e9lais soient plus long. Pour un traitement plus rapide de votre commande, vous pouvez nous contacter par mail et faire un virement bancaire.<\/p>\n<p>Livraison par colissimo recommand\u00e9 \u00e0 r\u00e9ception du paiement sur nos comptes. En consultant le site de la poste avec le num\u00e9ro de suivi que vous recevrez par mail, il vous permettra de suivre l&rsquo;avancement de la livraison. Envoi soign\u00e9 et bien prot\u00e9g\u00e9.<\/p>\n<h2>Stock<\/h2>\n<p><span style=\"color: #ff0000;\">Ces pi\u00e8ces sont pr\u00e9sentes dans notre stock et vous serez donc assur\u00e9 de la livraison. Vous ne recevrez pas de mail vous informant que nous sommes en rupture. Si les pi\u00e8ces ne sont pas disponibles vous ne pourrez tout simplement pas les commander. A noter que nous sommes une association et faisons cela sur notre temps libre. Il est donc possible que de temps en temps les r\u00e9ponses ou les d\u00e9lais de livraison soient plus long que la normale.<\/span><\/p>\n<p><a href=\"https:\/\/clubsafranebiturbo.fr\/boutique\/wp-content\/uploads\/2024\/10\/Filtre-a-huile-7700720978-2.jpg\"><img loading=\"lazy\" decoding=\"async\" class=\"size-medium wp-image-2787 aligncenter\" src=\"https:\/\/clubsafranebiturbo.fr\/boutique\/wp-content\/uploads\/2024\/10\/Filtre-a-huile-7700720978-2-300x178.jpg\" alt=\"\" width=\"300\" height=\"178\" srcset=\"https:\/\/clubsafranebiturbo.fr\/boutique\/wp-content\/uploads\/2024\/10\/Filtre-a-huile-7700720978-2-300x178.jpg 300w, https:\/\/clubsafranebiturbo.fr\/boutique\/wp-content\/uploads\/2024\/10\/Filtre-a-huile-7700720978-2.jpg 600w\" sizes=\"auto, (max-width: 300px) 100vw, 300px\" \/><\/a><\/p>\n<p>&nbsp;<\/p>\n<p><a href=\"https:\/\/www.facebook.com\/profile.php?id=100086315447468\">https:\/\/www.facebook.com\/profile.php?id=100086315447468<\/a><\/p>\n<p><a href=\"http:\/\/clubsafranebiturbo.fr\/\" target=\"_blank\" rel=\"noopener noreferrer\">http:\/\/clubsafranebiturbo.fr\/<\/a><\/p>\n","protected":false},"excerpt":{"rendered":"<p>Filtre \u00e0 huile 7700720978 Ce filtre \u00e0 huile 7700720978 Renault est une pi\u00e8ce originale. De marque PURFLUX. Pas de probl\u00e8me donc de compatibilit\u00e9 pour effectuer votre vidange. Il est potentiellement utilisable sur d&rsquo;autres v\u00e9hicules de la marque, \u00e0 vous de v\u00e9rifier sa compatibilit\u00e9 avec la r\u00e9f\u00e9rence Renault. Pour plus de questions vous pouvez nous contacter [&hellip;]<\/p>\n","protected":false},"featured_media":2788,"comment_status":"open","ping_status":"closed","template":"","meta":[],"product_brand":[],"product_cat":[16,116,25,120,141,72,73,78],"product_tag":[],"class_list":{"0":"post-2785","1":"product","2":"type-product","3":"status-publish","4":"has-post-thumbnail","6":"product_cat-mecanique-safrane-biturbo","7":"product_cat-mecanique-safrane-quadra-renault-2","8":"product_cat-moteur-safrane-biturbo","9":"product_cat-moteur-mecanique-safrane-quadra-renault-2","10":"product_cat-non-classe","11":"product_cat-renault-2","12":"product_cat-safrane","13":"product_cat-safrane-quadra-renault-2","15":"first","16":"instock","17":"sold-individually","18":"taxable","19":"shipping-taxable","20":"purchasable","21":"product-type-simple"},"yoast_head":"<!-- This site is optimized with the Yoast SEO plugin v27.4 - https:\/\/yoast.com\/product\/yoast-seo-wordpress\/ -->\n<title>Filtre \u00e0 huile 7700720978 - Boutique du Club Safrane Biturbo<\/title>\n<meta name=\"robots\" content=\"index, follow, max-snippet:-1, max-image-preview:large, max-video-preview:-1\" \/>\n<link rel=\"canonical\" href=\"https:\/\/clubsafranebiturbo.fr\/boutique\/produit\/filtre-a-huile-7700720978\/\" \/>\n<meta property=\"og:locale\" content=\"fr_FR\" \/>\n<meta property=\"og:type\" content=\"article\" \/>\n<meta property=\"og:title\" content=\"Filtre \u00e0 huile 7700720978 - Boutique du Club Safrane Biturbo\" \/>\n<meta property=\"og:description\" content=\"Filtre \u00e0 huile 7700720978 Ce filtre \u00e0 huile 7700720978 Renault est une pi\u00e8ce originale. De marque PURFLUX. Pas de probl\u00e8me donc de compatibilit\u00e9 pour effectuer votre vidange. Il est potentiellement utilisable sur d&rsquo;autres v\u00e9hicules de la marque, \u00e0 vous de v\u00e9rifier sa compatibilit\u00e9 avec la r\u00e9f\u00e9rence Renault. Pour plus de questions vous pouvez nous contacter [&hellip;]\" \/>\n<meta property=\"og:url\" content=\"https:\/\/clubsafranebiturbo.fr\/boutique\/produit\/filtre-a-huile-7700720978\/\" \/>\n<meta property=\"og:site_name\" content=\"Boutique du Club Safrane Biturbo\" \/>\n<meta property=\"article:modified_time\" content=\"2026-04-07T19:34:30+00:00\" \/>\n<meta property=\"og:image\" content=\"https:\/\/clubsafranebiturbo.fr\/boutique\/wp-content\/uploads\/2024\/10\/Filtre-a-huile-7700720978-1.jpg\" \/>\n\t<meta property=\"og:image:width\" content=\"600\" \/>\n\t<meta property=\"og:image:height\" content=\"650\" \/>\n\t<meta property=\"og:image:type\" content=\"image\/jpeg\" \/>\n<meta name=\"twitter:card\" content=\"summary_large_image\" \/>\n<meta name=\"twitter:site\" content=\"@clubsafranebt\" \/>\n<meta name=\"twitter:label1\" content=\"Dur\u00e9e de lecture estim\u00e9e\" \/>\n\t<meta name=\"twitter:data1\" content=\"2 minutes\" \/>\n<script type=\"application\/ld+json\" class=\"yoast-schema-graph\">{\"@context\":\"https:\\\/\\\/schema.org\",\"@graph\":[{\"@type\":\"WebPage\",\"@id\":\"https:\\\/\\\/clubsafranebiturbo.fr\\\/boutique\\\/produit\\\/filtre-a-huile-7700720978\\\/\",\"url\":\"https:\\\/\\\/clubsafranebiturbo.fr\\\/boutique\\\/produit\\\/filtre-a-huile-7700720978\\\/\",\"name\":\"Filtre \u00e0 huile 7700720978 - Boutique du Club Safrane Biturbo\",\"isPartOf\":{\"@id\":\"https:\\\/\\\/clubsafranebiturbo.fr\\\/boutique\\\/#website\"},\"primaryImageOfPage\":{\"@id\":\"https:\\\/\\\/clubsafranebiturbo.fr\\\/boutique\\\/produit\\\/filtre-a-huile-7700720978\\\/#primaryimage\"},\"image\":{\"@id\":\"https:\\\/\\\/clubsafranebiturbo.fr\\\/boutique\\\/produit\\\/filtre-a-huile-7700720978\\\/#primaryimage\"},\"thumbnailUrl\":\"https:\\\/\\\/clubsafranebiturbo.fr\\\/boutique\\\/wp-content\\\/uploads\\\/2024\\\/10\\\/Filtre-a-huile-7700720978-1.jpg\",\"datePublished\":\"2024-10-10T18:38:41+00:00\",\"dateModified\":\"2026-04-07T19:34:30+00:00\",\"breadcrumb\":{\"@id\":\"https:\\\/\\\/clubsafranebiturbo.fr\\\/boutique\\\/produit\\\/filtre-a-huile-7700720978\\\/#breadcrumb\"},\"inLanguage\":\"fr-FR\",\"potentialAction\":[{\"@type\":\"ReadAction\",\"target\":[\"https:\\\/\\\/clubsafranebiturbo.fr\\\/boutique\\\/produit\\\/filtre-a-huile-7700720978\\\/\"]}]},{\"@type\":\"ImageObject\",\"inLanguage\":\"fr-FR\",\"@id\":\"https:\\\/\\\/clubsafranebiturbo.fr\\\/boutique\\\/produit\\\/filtre-a-huile-7700720978\\\/#primaryimage\",\"url\":\"https:\\\/\\\/clubsafranebiturbo.fr\\\/boutique\\\/wp-content\\\/uploads\\\/2024\\\/10\\\/Filtre-a-huile-7700720978-1.jpg\",\"contentUrl\":\"https:\\\/\\\/clubsafranebiturbo.fr\\\/boutique\\\/wp-content\\\/uploads\\\/2024\\\/10\\\/Filtre-a-huile-7700720978-1.jpg\",\"width\":600,\"height\":650,\"caption\":\"Filtre \u00e0 huile 7700720978\"},{\"@type\":\"BreadcrumbList\",\"@id\":\"https:\\\/\\\/clubsafranebiturbo.fr\\\/boutique\\\/produit\\\/filtre-a-huile-7700720978\\\/#breadcrumb\",\"itemListElement\":[{\"@type\":\"ListItem\",\"position\":1,\"name\":\"Accueil\",\"item\":\"https:\\\/\\\/clubsafranebiturbo.fr\\\/boutique\\\/\"},{\"@type\":\"ListItem\",\"position\":2,\"name\":\"Boutique\",\"item\":\"https:\\\/\\\/clubsafranebiturbo.fr\\\/boutique\\\/boutique\\\/\"},{\"@type\":\"ListItem\",\"position\":3,\"name\":\"Filtre \u00e0 huile 7700720978\"}]},{\"@type\":\"WebSite\",\"@id\":\"https:\\\/\\\/clubsafranebiturbo.fr\\\/boutique\\\/#website\",\"url\":\"https:\\\/\\\/clubsafranebiturbo.fr\\\/boutique\\\/\",\"name\":\"Boutique du Club Safrane Biturbo\",\"description\":\"Vente de pi\u00e8ces de Safrane Biturbo\",\"potentialAction\":[{\"@type\":\"SearchAction\",\"target\":{\"@type\":\"EntryPoint\",\"urlTemplate\":\"https:\\\/\\\/clubsafranebiturbo.fr\\\/boutique\\\/?s={search_term_string}\"},\"query-input\":{\"@type\":\"PropertyValueSpecification\",\"valueRequired\":true,\"valueName\":\"search_term_string\"}}],\"inLanguage\":\"fr-FR\"}]}<\/script>\n<!-- \/ Yoast SEO plugin. -->","yoast_head_json":{"title":"Filtre \u00e0 huile 7700720978 - Boutique du Club Safrane Biturbo","robots":{"index":"index","follow":"follow","max-snippet":"max-snippet:-1","max-image-preview":"max-image-preview:large","max-video-preview":"max-video-preview:-1"},"canonical":"https:\/\/clubsafranebiturbo.fr\/boutique\/produit\/filtre-a-huile-7700720978\/","og_locale":"fr_FR","og_type":"article","og_title":"Filtre \u00e0 huile 7700720978 - Boutique du Club Safrane Biturbo","og_description":"Filtre \u00e0 huile 7700720978 Ce filtre \u00e0 huile 7700720978 Renault est une pi\u00e8ce originale. De marque PURFLUX. Pas de probl\u00e8me donc de compatibilit\u00e9 pour effectuer votre vidange. Il est potentiellement utilisable sur d&rsquo;autres v\u00e9hicules de la marque, \u00e0 vous de v\u00e9rifier sa compatibilit\u00e9 avec la r\u00e9f\u00e9rence Renault. Pour plus de questions vous pouvez nous contacter [&hellip;]","og_url":"https:\/\/clubsafranebiturbo.fr\/boutique\/produit\/filtre-a-huile-7700720978\/","og_site_name":"Boutique du Club Safrane Biturbo","article_modified_time":"2026-04-07T19:34:30+00:00","og_image":[{"width":600,"height":650,"url":"https:\/\/clubsafranebiturbo.fr\/boutique\/wp-content\/uploads\/2024\/10\/Filtre-a-huile-7700720978-1.jpg","type":"image\/jpeg"}],"twitter_card":"summary_large_image","twitter_site":"@clubsafranebt","twitter_misc":{"Dur\u00e9e de lecture estim\u00e9e":"2 minutes"},"schema":{"@context":"https:\/\/schema.org","@graph":[{"@type":"WebPage","@id":"https:\/\/clubsafranebiturbo.fr\/boutique\/produit\/filtre-a-huile-7700720978\/","url":"https:\/\/clubsafranebiturbo.fr\/boutique\/produit\/filtre-a-huile-7700720978\/","name":"Filtre \u00e0 huile 7700720978 - Boutique du Club Safrane Biturbo","isPartOf":{"@id":"https:\/\/clubsafranebiturbo.fr\/boutique\/#website"},"primaryImageOfPage":{"@id":"https:\/\/clubsafranebiturbo.fr\/boutique\/produit\/filtre-a-huile-7700720978\/#primaryimage"},"image":{"@id":"https:\/\/clubsafranebiturbo.fr\/boutique\/produit\/filtre-a-huile-7700720978\/#primaryimage"},"thumbnailUrl":"https:\/\/clubsafranebiturbo.fr\/boutique\/wp-content\/uploads\/2024\/10\/Filtre-a-huile-7700720978-1.jpg","datePublished":"2024-10-10T18:38:41+00:00","dateModified":"2026-04-07T19:34:30+00:00","breadcrumb":{"@id":"https:\/\/clubsafranebiturbo.fr\/boutique\/produit\/filtre-a-huile-7700720978\/#breadcrumb"},"inLanguage":"fr-FR","potentialAction":[{"@type":"ReadAction","target":["https:\/\/clubsafranebiturbo.fr\/boutique\/produit\/filtre-a-huile-7700720978\/"]}]},{"@type":"ImageObject","inLanguage":"fr-FR","@id":"https:\/\/clubsafranebiturbo.fr\/boutique\/produit\/filtre-a-huile-7700720978\/#primaryimage","url":"https:\/\/clubsafranebiturbo.fr\/boutique\/wp-content\/uploads\/2024\/10\/Filtre-a-huile-7700720978-1.jpg","contentUrl":"https:\/\/clubsafranebiturbo.fr\/boutique\/wp-content\/uploads\/2024\/10\/Filtre-a-huile-7700720978-1.jpg","width":600,"height":650,"caption":"Filtre \u00e0 huile 7700720978"},{"@type":"BreadcrumbList","@id":"https:\/\/clubsafranebiturbo.fr\/boutique\/produit\/filtre-a-huile-7700720978\/#breadcrumb","itemListElement":[{"@type":"ListItem","position":1,"name":"Accueil","item":"https:\/\/clubsafranebiturbo.fr\/boutique\/"},{"@type":"ListItem","position":2,"name":"Boutique","item":"https:\/\/clubsafranebiturbo.fr\/boutique\/boutique\/"},{"@type":"ListItem","position":3,"name":"Filtre \u00e0 huile 7700720978"}]},{"@type":"WebSite","@id":"https:\/\/clubsafranebiturbo.fr\/boutique\/#website","url":"https:\/\/clubsafranebiturbo.fr\/boutique\/","name":"Boutique du Club Safrane Biturbo","description":"Vente de pi\u00e8ces de Safrane Biturbo","potentialAction":[{"@type":"SearchAction","target":{"@type":"EntryPoint","urlTemplate":"https:\/\/clubsafranebiturbo.fr\/boutique\/?s={search_term_string}"},"query-input":{"@type":"PropertyValueSpecification","valueRequired":true,"valueName":"search_term_string"}}],"inLanguage":"fr-FR"}]}},"_links":{"self":[{"href":"https:\/\/clubsafranebiturbo.fr\/boutique\/wp-json\/wp\/v2\/product\/2785","targetHints":{"allow":["GET"]}}],"collection":[{"href":"https:\/\/clubsafranebiturbo.fr\/boutique\/wp-json\/wp\/v2\/product"}],"about":[{"href":"https:\/\/clubsafranebiturbo.fr\/boutique\/wp-json\/wp\/v2\/types\/product"}],"replies":[{"embeddable":true,"href":"https:\/\/clubsafranebiturbo.fr\/boutique\/wp-json\/wp\/v2\/comments?post=2785"}],"wp:featuredmedia":[{"embeddable":true,"href":"https:\/\/clubsafranebiturbo.fr\/boutique\/wp-json\/wp\/v2\/media\/2788"}],"wp:attachment":[{"href":"https:\/\/clubsafranebiturbo.fr\/boutique\/wp-json\/wp\/v2\/media?parent=2785"}],"wp:term":[{"taxonomy":"product_brand","embeddable":true,"href":"https:\/\/clubsafranebiturbo.fr\/boutique\/wp-json\/wp\/v2\/product_brand?post=2785"},{"taxonomy":"product_cat","embeddable":true,"href":"https:\/\/clubsafranebiturbo.fr\/boutique\/wp-json\/wp\/v2\/product_cat?post=2785"},{"taxonomy":"product_tag","embeddable":true,"href":"https:\/\/clubsafranebiturbo.fr\/boutique\/wp-json\/wp\/v2\/product_tag?post=2785"}],"curies":[{"name":"wp","href":"https:\/\/api.w.org\/{rel}","templated":true}]}}