{"id":2664,"date":"2023-11-08T00:28:49","date_gmt":"2023-11-07T23:28:49","guid":{"rendered":"https:\/\/clubsafranebiturbo.fr\/boutique\/?post_type=product&#038;p=2664"},"modified":"2025-07-28T16:34:49","modified_gmt":"2025-07-28T15:34:49","slug":"joint-7700260108-renault","status":"publish","type":"product","link":"https:\/\/clubsafranebiturbo.fr\/boutique\/produit\/joint-7700260108-renault\/","title":{"rendered":"Joint 7700260108 Renault"},"content":{"rendered":"<h2 style=\"text-align: justify;\"><span style=\"font-family: arial, helvetica, sans-serif;\">Joint 7700260108 Renault<\/span><\/h2>\n<p style=\"text-align: justify;\"><span style=\"font-family: arial, helvetica, sans-serif;\">Ce joint 7700260108 Renault du circuit d&rsquo;eau de safrane biturbo ou safrane V6 classiques permet de remplacer l&rsquo;original. Le joint original a servi d&rsquo;exemple pour la reproduction. Ce joint est strictement identique au joint d&rsquo;origine. Ce joint n&rsquo;est plus disponible \u00e0 l&rsquo;heure actuelle chez Renault. Il y a 1 joint par sachet. Ils se monte sur le circuit d&rsquo;eau.<\/span><\/p>\n<p style=\"text-align: justify;\"><span style=\"font-family: arial, helvetica, sans-serif;\">Ils se montent sur les moteurs suivants : Z7X-721, Z7X-722, Z7X-723, Z7X-726 et Z7X-753 de Safrane.<\/span><\/p>\n<p>Se monte \u00e9galement sur Espace, Laguna 1, Safrane phase 2.<\/p>\n<p style=\"text-align: justify;\"><span style=\"font-family: arial, helvetica, sans-serif;\">La photo du manuel de pi\u00e8ces de rechange vous montre l&#8217;emplacement du\u00a0 joint sur le moteur. Nous vous pr\u00e9sentons la photo de la reproduction et du joint original \u00e0 gauche, le joint reproduis est \u00e0 droite. Cela vous permet de constater que les joints sont identiques. Les photos vous montrent que les joints ont un\u00a0 emballage maison.<\/span><\/p>\n<p style=\"text-align: justify;\"><span style=\"font-family: arial, helvetica, sans-serif;\">Pour plus de questions vous pouvez nous contacter via le formulaire de <a href=\"http:\/\/clubsafranebiturbo.fr\/boutique\/contact\/\">contact<\/a> sur la boutique. Nous nous efforcerons de r\u00e9pondre \u00e0 toutes vos questions \u00e0 partir du moment ou vos coordonn\u00e9es de contact sont correctes dans les plus brefs d\u00e9lais.<\/span><\/p>\n<h2 style=\"text-align: justify;\"><span style=\"font-family: arial, helvetica, sans-serif;\">Livraison<\/span><\/h2>\n<p style=\"text-align: justify;\"><span style=\"font-family: arial, helvetica, sans-serif;\">D\u00e9lai de livraison : 7 \u00e0 15 jours apr\u00e8s r\u00e9ception de votre paiement sur nos comptes. Toutefois, nous vous rappelons que nous sommes une association, et que notre temps libre pr\u00e9vaut sur le temps consacr\u00e9 au Club. En conclusion, il peut donc arriver que ces d\u00e9lais soient plus long. Pour un traitement plus rapide de votre commande, vous pouvez nous contacter par mail et faire un virement bancaire. L&#8217;emballage personnalis\u00e9 de ce joint 7700260108 Renault a le m\u00e9rite d&rsquo;\u00eatre original.<\/span><\/p>\n<p style=\"text-align: justify;\"><span style=\"font-family: arial, helvetica, sans-serif;\">Livraison par lettre suivie \u00e0 r\u00e9ception du paiement sur nos comptes. En consultant le site de la poste avec le num\u00e9ro de suivi que vous recevrez par mail, il vous permettra de suivre l&rsquo;avancement de la livraison. Envoi soign\u00e9 et bien prot\u00e9g\u00e9.<\/span><\/p>\n<h2 style=\"text-align: justify;\"><span style=\"font-family: arial, helvetica, sans-serif;\">Stock<\/span><\/h2>\n<p style=\"text-align: justify;\"><span style=\"font-family: arial, helvetica, sans-serif; color: #ff0000;\">Ces pi\u00e8ces sont pr\u00e9sentes dans notre stock et vous serez donc assur\u00e9 de la livraison. Vous ne recevrez pas de mail vous informant que nous sommes en rupture. Si les pi\u00e8ces ne sont pas disponibles vous ne pourrez tout simplement pas les commander. A noter que nous sommes une association et faisons cela sur notre temps libre. Il est donc possible que de temps en temps les r\u00e9ponses ou les d\u00e9lais de livraison soient plus long que la normale.<\/span><\/p>\n<p><a href=\"https:\/\/clubsafranebiturbo.fr\/boutique\/wp-content\/uploads\/2023\/11\/Joint-7700260108-Renault-3.jpg\"><img loading=\"lazy\" decoding=\"async\" class=\"size-full wp-image-2668 aligncenter\" src=\"https:\/\/clubsafranebiturbo.fr\/boutique\/wp-content\/uploads\/2023\/11\/Joint-7700260108-Renault-3.jpg\" alt=\"\" width=\"300\" height=\"250\" \/><\/a><\/p>\n<p style=\"text-align: justify;\"><span style=\"font-family: arial, helvetica, sans-serif;\"><a href=\"https:\/\/www.facebook.com\/profile.php?id=100086315447468\">https:\/\/www.facebook.com\/profile.php?id=100086315447468<\/a><\/span><\/p>\n<p style=\"text-align: justify;\"><span style=\"font-family: arial, helvetica, sans-serif;\"><a href=\"http:\/\/clubsafranebiturbo.fr\/\" target=\"_blank\" rel=\"noopener noreferrer\">http:\/\/clubsafranebiturbo.fr\/<\/a><\/span><\/p>\n","protected":false},"excerpt":{"rendered":"<p>Joint 7700260108 Renault Ce joint 7700260108 Renault du circuit d&rsquo;eau de safrane biturbo ou safrane V6 classiques permet de remplacer l&rsquo;original. Le joint original a servi d&rsquo;exemple pour la reproduction. Ce joint est strictement identique au joint d&rsquo;origine. Ce joint n&rsquo;est plus disponible \u00e0 l&rsquo;heure actuelle chez Renault. Il y a 1 joint par sachet. [&hellip;]<\/p>\n","protected":false},"featured_media":2670,"comment_status":"open","ping_status":"closed","template":"","meta":[],"product_brand":[],"product_cat":[151,16,116,25,120,72,73,78],"product_tag":[],"class_list":{"0":"post-2664","1":"product","2":"type-product","3":"status-publish","4":"has-post-thumbnail","6":"product_cat-laguna-1","7":"product_cat-mecanique-safrane-biturbo","8":"product_cat-mecanique-safrane-quadra-renault-2","9":"product_cat-moteur-safrane-biturbo","10":"product_cat-moteur-mecanique-safrane-quadra-renault-2","11":"product_cat-renault-2","12":"product_cat-safrane","13":"product_cat-safrane-quadra-renault-2","15":"first","16":"instock","17":"taxable","18":"shipping-taxable","19":"purchasable","20":"product-type-simple"},"yoast_head":"<!-- This site is optimized with the Yoast SEO plugin v27.5 - https:\/\/yoast.com\/product\/yoast-seo-wordpress\/ -->\n<title>Joint 7700260108 Renault - Boutique du Club Safrane Biturbo<\/title>\n<meta name=\"description\" content=\"Ce joint 7700260108 Renault du circuit d&#039;eau de safrane biturbo ou safrane V6 classiques permet de remplacer l&#039;original. Le joint original a servi d&#039;exemple\" \/>\n<meta name=\"robots\" content=\"index, follow, max-snippet:-1, max-image-preview:large, max-video-preview:-1\" \/>\n<link rel=\"canonical\" href=\"https:\/\/clubsafranebiturbo.fr\/boutique\/produit\/joint-7700260108-renault\/\" \/>\n<meta property=\"og:locale\" content=\"fr_FR\" \/>\n<meta property=\"og:type\" content=\"article\" \/>\n<meta property=\"og:title\" content=\"Joint 7700260108 Renault - Boutique du Club Safrane Biturbo\" \/>\n<meta property=\"og:description\" content=\"Ce joint 7700260108 Renault du circuit d&#039;eau de safrane biturbo ou safrane V6 classiques permet de remplacer l&#039;original. Le joint original a servi d&#039;exemple\" \/>\n<meta property=\"og:url\" content=\"https:\/\/clubsafranebiturbo.fr\/boutique\/produit\/joint-7700260108-renault\/\" \/>\n<meta property=\"og:site_name\" content=\"Boutique du Club Safrane Biturbo\" \/>\n<meta property=\"article:modified_time\" content=\"2025-07-28T15:34:49+00:00\" \/>\n<meta property=\"og:image\" content=\"https:\/\/clubsafranebiturbo.fr\/boutique\/wp-content\/uploads\/2023\/11\/Joint-7700260108-Renault-1.jpg\" \/>\n\t<meta property=\"og:image:width\" content=\"600\" \/>\n\t<meta property=\"og:image:height\" content=\"787\" \/>\n\t<meta property=\"og:image:type\" content=\"image\/jpeg\" \/>\n<meta name=\"twitter:card\" content=\"summary_large_image\" \/>\n<meta name=\"twitter:site\" content=\"@clubsafranebt\" \/>\n<meta name=\"twitter:label1\" content=\"Dur\u00e9e de lecture estim\u00e9e\" \/>\n\t<meta name=\"twitter:data1\" content=\"3 minutes\" \/>\n<script type=\"application\/ld+json\" class=\"yoast-schema-graph\">{\"@context\":\"https:\\\/\\\/schema.org\",\"@graph\":[{\"@type\":\"WebPage\",\"@id\":\"https:\\\/\\\/clubsafranebiturbo.fr\\\/boutique\\\/produit\\\/joint-7700260108-renault\\\/\",\"url\":\"https:\\\/\\\/clubsafranebiturbo.fr\\\/boutique\\\/produit\\\/joint-7700260108-renault\\\/\",\"name\":\"Joint 7700260108 Renault - Boutique du Club Safrane Biturbo\",\"isPartOf\":{\"@id\":\"https:\\\/\\\/clubsafranebiturbo.fr\\\/boutique\\\/#website\"},\"primaryImageOfPage\":{\"@id\":\"https:\\\/\\\/clubsafranebiturbo.fr\\\/boutique\\\/produit\\\/joint-7700260108-renault\\\/#primaryimage\"},\"image\":{\"@id\":\"https:\\\/\\\/clubsafranebiturbo.fr\\\/boutique\\\/produit\\\/joint-7700260108-renault\\\/#primaryimage\"},\"thumbnailUrl\":\"https:\\\/\\\/clubsafranebiturbo.fr\\\/boutique\\\/wp-content\\\/uploads\\\/2023\\\/11\\\/Joint-7700260108-Renault-1.jpg\",\"datePublished\":\"2023-11-07T23:28:49+00:00\",\"dateModified\":\"2025-07-28T15:34:49+00:00\",\"description\":\"Ce joint 7700260108 Renault du circuit d'eau de safrane biturbo ou safrane V6 classiques permet de remplacer l'original. Le joint original a servi d'exemple\",\"breadcrumb\":{\"@id\":\"https:\\\/\\\/clubsafranebiturbo.fr\\\/boutique\\\/produit\\\/joint-7700260108-renault\\\/#breadcrumb\"},\"inLanguage\":\"fr-FR\",\"potentialAction\":[{\"@type\":\"ReadAction\",\"target\":[\"https:\\\/\\\/clubsafranebiturbo.fr\\\/boutique\\\/produit\\\/joint-7700260108-renault\\\/\"]}]},{\"@type\":\"ImageObject\",\"inLanguage\":\"fr-FR\",\"@id\":\"https:\\\/\\\/clubsafranebiturbo.fr\\\/boutique\\\/produit\\\/joint-7700260108-renault\\\/#primaryimage\",\"url\":\"https:\\\/\\\/clubsafranebiturbo.fr\\\/boutique\\\/wp-content\\\/uploads\\\/2023\\\/11\\\/Joint-7700260108-Renault-1.jpg\",\"contentUrl\":\"https:\\\/\\\/clubsafranebiturbo.fr\\\/boutique\\\/wp-content\\\/uploads\\\/2023\\\/11\\\/Joint-7700260108-Renault-1.jpg\",\"width\":600,\"height\":787,\"caption\":\"Joint-7700260108-Renault\"},{\"@type\":\"BreadcrumbList\",\"@id\":\"https:\\\/\\\/clubsafranebiturbo.fr\\\/boutique\\\/produit\\\/joint-7700260108-renault\\\/#breadcrumb\",\"itemListElement\":[{\"@type\":\"ListItem\",\"position\":1,\"name\":\"Accueil\",\"item\":\"https:\\\/\\\/clubsafranebiturbo.fr\\\/boutique\\\/\"},{\"@type\":\"ListItem\",\"position\":2,\"name\":\"Boutique\",\"item\":\"https:\\\/\\\/clubsafranebiturbo.fr\\\/boutique\\\/boutique\\\/\"},{\"@type\":\"ListItem\",\"position\":3,\"name\":\"Joint 7700260108 Renault\"}]},{\"@type\":\"WebSite\",\"@id\":\"https:\\\/\\\/clubsafranebiturbo.fr\\\/boutique\\\/#website\",\"url\":\"https:\\\/\\\/clubsafranebiturbo.fr\\\/boutique\\\/\",\"name\":\"Boutique du Club Safrane Biturbo\",\"description\":\"Vente de pi\u00e8ces de Safrane Biturbo\",\"potentialAction\":[{\"@type\":\"SearchAction\",\"target\":{\"@type\":\"EntryPoint\",\"urlTemplate\":\"https:\\\/\\\/clubsafranebiturbo.fr\\\/boutique\\\/?s={search_term_string}\"},\"query-input\":{\"@type\":\"PropertyValueSpecification\",\"valueRequired\":true,\"valueName\":\"search_term_string\"}}],\"inLanguage\":\"fr-FR\"}]}<\/script>\n<!-- \/ Yoast SEO plugin. -->","yoast_head_json":{"title":"Joint 7700260108 Renault - Boutique du Club Safrane Biturbo","description":"Ce joint 7700260108 Renault du circuit d'eau de safrane biturbo ou safrane V6 classiques permet de remplacer l'original. Le joint original a servi d'exemple","robots":{"index":"index","follow":"follow","max-snippet":"max-snippet:-1","max-image-preview":"max-image-preview:large","max-video-preview":"max-video-preview:-1"},"canonical":"https:\/\/clubsafranebiturbo.fr\/boutique\/produit\/joint-7700260108-renault\/","og_locale":"fr_FR","og_type":"article","og_title":"Joint 7700260108 Renault - Boutique du Club Safrane Biturbo","og_description":"Ce joint 7700260108 Renault du circuit d'eau de safrane biturbo ou safrane V6 classiques permet de remplacer l'original. Le joint original a servi d'exemple","og_url":"https:\/\/clubsafranebiturbo.fr\/boutique\/produit\/joint-7700260108-renault\/","og_site_name":"Boutique du Club Safrane Biturbo","article_modified_time":"2025-07-28T15:34:49+00:00","og_image":[{"width":600,"height":787,"url":"https:\/\/clubsafranebiturbo.fr\/boutique\/wp-content\/uploads\/2023\/11\/Joint-7700260108-Renault-1.jpg","type":"image\/jpeg"}],"twitter_card":"summary_large_image","twitter_site":"@clubsafranebt","twitter_misc":{"Dur\u00e9e de lecture estim\u00e9e":"3 minutes"},"schema":{"@context":"https:\/\/schema.org","@graph":[{"@type":"WebPage","@id":"https:\/\/clubsafranebiturbo.fr\/boutique\/produit\/joint-7700260108-renault\/","url":"https:\/\/clubsafranebiturbo.fr\/boutique\/produit\/joint-7700260108-renault\/","name":"Joint 7700260108 Renault - Boutique du Club Safrane Biturbo","isPartOf":{"@id":"https:\/\/clubsafranebiturbo.fr\/boutique\/#website"},"primaryImageOfPage":{"@id":"https:\/\/clubsafranebiturbo.fr\/boutique\/produit\/joint-7700260108-renault\/#primaryimage"},"image":{"@id":"https:\/\/clubsafranebiturbo.fr\/boutique\/produit\/joint-7700260108-renault\/#primaryimage"},"thumbnailUrl":"https:\/\/clubsafranebiturbo.fr\/boutique\/wp-content\/uploads\/2023\/11\/Joint-7700260108-Renault-1.jpg","datePublished":"2023-11-07T23:28:49+00:00","dateModified":"2025-07-28T15:34:49+00:00","description":"Ce joint 7700260108 Renault du circuit d'eau de safrane biturbo ou safrane V6 classiques permet de remplacer l'original. Le joint original a servi d'exemple","breadcrumb":{"@id":"https:\/\/clubsafranebiturbo.fr\/boutique\/produit\/joint-7700260108-renault\/#breadcrumb"},"inLanguage":"fr-FR","potentialAction":[{"@type":"ReadAction","target":["https:\/\/clubsafranebiturbo.fr\/boutique\/produit\/joint-7700260108-renault\/"]}]},{"@type":"ImageObject","inLanguage":"fr-FR","@id":"https:\/\/clubsafranebiturbo.fr\/boutique\/produit\/joint-7700260108-renault\/#primaryimage","url":"https:\/\/clubsafranebiturbo.fr\/boutique\/wp-content\/uploads\/2023\/11\/Joint-7700260108-Renault-1.jpg","contentUrl":"https:\/\/clubsafranebiturbo.fr\/boutique\/wp-content\/uploads\/2023\/11\/Joint-7700260108-Renault-1.jpg","width":600,"height":787,"caption":"Joint-7700260108-Renault"},{"@type":"BreadcrumbList","@id":"https:\/\/clubsafranebiturbo.fr\/boutique\/produit\/joint-7700260108-renault\/#breadcrumb","itemListElement":[{"@type":"ListItem","position":1,"name":"Accueil","item":"https:\/\/clubsafranebiturbo.fr\/boutique\/"},{"@type":"ListItem","position":2,"name":"Boutique","item":"https:\/\/clubsafranebiturbo.fr\/boutique\/boutique\/"},{"@type":"ListItem","position":3,"name":"Joint 7700260108 Renault"}]},{"@type":"WebSite","@id":"https:\/\/clubsafranebiturbo.fr\/boutique\/#website","url":"https:\/\/clubsafranebiturbo.fr\/boutique\/","name":"Boutique du Club Safrane Biturbo","description":"Vente de pi\u00e8ces de Safrane Biturbo","potentialAction":[{"@type":"SearchAction","target":{"@type":"EntryPoint","urlTemplate":"https:\/\/clubsafranebiturbo.fr\/boutique\/?s={search_term_string}"},"query-input":{"@type":"PropertyValueSpecification","valueRequired":true,"valueName":"search_term_string"}}],"inLanguage":"fr-FR"}]}},"_links":{"self":[{"href":"https:\/\/clubsafranebiturbo.fr\/boutique\/wp-json\/wp\/v2\/product\/2664","targetHints":{"allow":["GET"]}}],"collection":[{"href":"https:\/\/clubsafranebiturbo.fr\/boutique\/wp-json\/wp\/v2\/product"}],"about":[{"href":"https:\/\/clubsafranebiturbo.fr\/boutique\/wp-json\/wp\/v2\/types\/product"}],"replies":[{"embeddable":true,"href":"https:\/\/clubsafranebiturbo.fr\/boutique\/wp-json\/wp\/v2\/comments?post=2664"}],"wp:featuredmedia":[{"embeddable":true,"href":"https:\/\/clubsafranebiturbo.fr\/boutique\/wp-json\/wp\/v2\/media\/2670"}],"wp:attachment":[{"href":"https:\/\/clubsafranebiturbo.fr\/boutique\/wp-json\/wp\/v2\/media?parent=2664"}],"wp:term":[{"taxonomy":"product_brand","embeddable":true,"href":"https:\/\/clubsafranebiturbo.fr\/boutique\/wp-json\/wp\/v2\/product_brand?post=2664"},{"taxonomy":"product_cat","embeddable":true,"href":"https:\/\/clubsafranebiturbo.fr\/boutique\/wp-json\/wp\/v2\/product_cat?post=2664"},{"taxonomy":"product_tag","embeddable":true,"href":"https:\/\/clubsafranebiturbo.fr\/boutique\/wp-json\/wp\/v2\/product_tag?post=2664"}],"curies":[{"name":"wp","href":"https:\/\/api.w.org\/{rel}","templated":true}]}}