{"id":2623,"date":"2023-10-11T01:51:04","date_gmt":"2023-10-11T00:51:04","guid":{"rendered":"https:\/\/clubsafranebiturbo.fr\/boutique\/?post_type=product&#038;p=2623"},"modified":"2025-07-06T18:22:14","modified_gmt":"2025-07-06T17:22:14","slug":"etrier-safrane-biturbo-7701203665","status":"publish","type":"product","link":"https:\/\/clubsafranebiturbo.fr\/boutique\/produit\/etrier-safrane-biturbo-7701203665\/","title":{"rendered":"\u00c9trier safrane biturbo 7701203665"},"content":{"rendered":"<h2 style=\"text-align: justify;\">\u00c9trier safrane biturbo 7701203665<\/h2>\n<p style=\"text-align: justify;\">Cet \u00e9trier safrane biturbo 7701203665 se monte c\u00f4t\u00e9 arri\u00e8re droit. Ce sont des originaux dans leurs carton Renault. Ces pi\u00e8ces ne sont plus disponibles chez le constructeur. Ce n&rsquo;est pas le jeu complet, mais que l&rsquo;\u00e9trier droit. La boite contient la graisse et les rondelles cuivre pour le montage. Ce n&rsquo;est pas un \u00e9trier en \u00e9change standard, ils est neuf comme vous pouvez le voir sur les photos.<\/p>\n<p style=\"text-align: justify;\">r\u00e9f\u00e9rences : 7701203665<\/p>\n<p style=\"text-align: justify;\">Pour plus de questions vous pouvez nous contacter via le formulaire de <a href=\"http:\/\/clubsafranebiturbo.fr\/boutique\/contact\/\">contact<\/a> sur la boutique. Nous nous efforcerons de r\u00e9pondre \u00e0 toutes vos questions \u00e0 partir du moment ou vos coordonn\u00e9es de contact sont correctes dans les plus brefs d\u00e9lais.<\/p>\n<h2 style=\"text-align: justify;\">Livraison<\/h2>\n<p style=\"text-align: justify;\">D\u00e9lai de livraison : 7 \u00e0 15 jours apr\u00e8s r\u00e9ception de votre paiement sur nos comptes. Toutefois, nous vous rappelons que nous sommes une association, et que notre temps libre pr\u00e9vaut sur le temps consacr\u00e9 au Club. En conclusion, il peut donc arriver que ces d\u00e9lais soient plus long. Pour un traitement plus rapide de votre commande, vous pouvez nous contacter par mail et faire un virement bancaire.<\/p>\n<p style=\"text-align: justify;\">Livraison par collissimo recommand\u00e9 \u00e0 r\u00e9ception du paiement sur nos comptes. En consultant le site de la poste avec le num\u00e9ro de suivi que vous recevrez par mail, il vous permettra de suivre l&rsquo;avancement de la livraison. Envoi soign\u00e9 et bien prot\u00e9g\u00e9.<\/p>\n<h2 style=\"text-align: justify;\">Stock<\/h2>\n<p style=\"text-align: justify;\">Ces pi\u00e8ces sont pr\u00e9sentes dans notre stock et vous serez donc assur\u00e9 de la livraison. Vous ne recevrez pas de mail vous informant que nous sommes en rupture. Si les pi\u00e8ces ne sont pas disponibles vous ne pourrez tout simplement pas les commander. A noter que nous sommes une association et faisons cela sur notre temps libre. Il est donc possible que de temps en temps les r\u00e9ponses ou les d\u00e9lais de livraison soient plus long que la normale.<\/p>\n<p>&nbsp;<\/p>\n<p><a href=\"https:\/\/clubsafranebiturbo.fr\/boutique\/wp-content\/uploads\/2023\/10\/Etrier-safrane-biturbo-7701203665-1.jpg\"><img loading=\"lazy\" decoding=\"async\" class=\"size-full wp-image-2625 aligncenter\" src=\"https:\/\/clubsafranebiturbo.fr\/boutique\/wp-content\/uploads\/2023\/10\/Etrier-safrane-biturbo-7701203665-1.jpg\" alt=\"\u00c9trier safrane biturbo 7701203665\" width=\"300\" height=\"236\" \/><\/a><\/p>\n<p style=\"text-align: justify;\"><a href=\"https:\/\/www.facebook.com\/profile.php?id=100086315447468\">https:\/\/www.facebook.com\/profile.php?id=100086315447468<\/a><\/p>\n<p style=\"text-align: justify;\"><a href=\"http:\/\/clubsafranebiturbo.fr\/\" target=\"_blank\" rel=\"noopener noreferrer\">http:\/\/clubsafranebiturbo.fr\/<\/a><\/p>\n","protected":false},"excerpt":{"rendered":"<p>\u00c9trier safrane biturbo 7701203665 Cet \u00e9trier safrane biturbo 7701203665 se monte c\u00f4t\u00e9 arri\u00e8re droit. Ce sont des originaux dans leurs carton Renault. Ces pi\u00e8ces ne sont plus disponibles chez le constructeur. Ce n&rsquo;est pas le jeu complet, mais que l&rsquo;\u00e9trier droit. La boite contient la graisse et les rondelles cuivre pour le montage. Ce n&rsquo;est [&hellip;]<\/p>\n","protected":false},"featured_media":2628,"comment_status":"open","ping_status":"closed","template":"","meta":[],"product_brand":[],"product_cat":[19,16,72,73],"product_tag":[],"class_list":{"0":"post-2623","1":"product","2":"type-product","3":"status-publish","4":"has-post-thumbnail","6":"product_cat-freinage-safrane-biturbo","7":"product_cat-mecanique-safrane-biturbo","8":"product_cat-renault-2","9":"product_cat-safrane","11":"first","12":"instock","13":"taxable","14":"shipping-taxable","15":"purchasable","16":"product-type-simple"},"yoast_head":"<!-- This site is optimized with the Yoast SEO plugin v27.5 - https:\/\/yoast.com\/product\/yoast-seo-wordpress\/ -->\n<title>\u00c9trier safrane biturbo 7701203665 - Boutique du Club Safrane Biturbo<\/title>\n<meta name=\"description\" content=\"Cet \u00e9trier safrane biturbo 7701203665 se monte c\u00f4t\u00e9 arri\u00e8re droit. Ce sont des originaux dans leurs carton Renault. Plus disponibles chez le constructeur.\" \/>\n<meta name=\"robots\" content=\"index, follow, max-snippet:-1, max-image-preview:large, max-video-preview:-1\" \/>\n<link rel=\"canonical\" href=\"https:\/\/clubsafranebiturbo.fr\/boutique\/produit\/etrier-safrane-biturbo-7701203665\/\" \/>\n<meta property=\"og:locale\" content=\"fr_FR\" \/>\n<meta property=\"og:type\" content=\"article\" \/>\n<meta property=\"og:title\" content=\"\u00c9trier safrane biturbo 7701203665 - Boutique du Club Safrane Biturbo\" \/>\n<meta property=\"og:description\" content=\"Cet \u00e9trier safrane biturbo 7701203665 se monte c\u00f4t\u00e9 arri\u00e8re droit. Ce sont des originaux dans leurs carton Renault. Plus disponibles chez le constructeur.\" \/>\n<meta property=\"og:url\" content=\"https:\/\/clubsafranebiturbo.fr\/boutique\/produit\/etrier-safrane-biturbo-7701203665\/\" \/>\n<meta property=\"og:site_name\" content=\"Boutique du Club Safrane Biturbo\" \/>\n<meta property=\"article:modified_time\" content=\"2025-07-06T17:22:14+00:00\" \/>\n<meta property=\"og:image\" content=\"https:\/\/clubsafranebiturbo.fr\/boutique\/wp-content\/uploads\/2023\/10\/Etrier-safrane-biturbo-7701203665-1.jpg\" \/>\n\t<meta property=\"og:image:width\" content=\"600\" \/>\n\t<meta property=\"og:image:height\" content=\"475\" \/>\n\t<meta property=\"og:image:type\" content=\"image\/jpeg\" \/>\n<meta name=\"twitter:card\" content=\"summary_large_image\" \/>\n<meta name=\"twitter:site\" content=\"@clubsafranebt\" \/>\n<meta name=\"twitter:label1\" content=\"Dur\u00e9e de lecture estim\u00e9e\" \/>\n\t<meta name=\"twitter:data1\" content=\"2 minutes\" \/>\n<script type=\"application\/ld+json\" class=\"yoast-schema-graph\">{\"@context\":\"https:\\\/\\\/schema.org\",\"@graph\":[{\"@type\":\"WebPage\",\"@id\":\"https:\\\/\\\/clubsafranebiturbo.fr\\\/boutique\\\/produit\\\/etrier-safrane-biturbo-7701203665\\\/\",\"url\":\"https:\\\/\\\/clubsafranebiturbo.fr\\\/boutique\\\/produit\\\/etrier-safrane-biturbo-7701203665\\\/\",\"name\":\"\u00c9trier safrane biturbo 7701203665 - Boutique du Club Safrane Biturbo\",\"isPartOf\":{\"@id\":\"https:\\\/\\\/clubsafranebiturbo.fr\\\/boutique\\\/#website\"},\"primaryImageOfPage\":{\"@id\":\"https:\\\/\\\/clubsafranebiturbo.fr\\\/boutique\\\/produit\\\/etrier-safrane-biturbo-7701203665\\\/#primaryimage\"},\"image\":{\"@id\":\"https:\\\/\\\/clubsafranebiturbo.fr\\\/boutique\\\/produit\\\/etrier-safrane-biturbo-7701203665\\\/#primaryimage\"},\"thumbnailUrl\":\"https:\\\/\\\/clubsafranebiturbo.fr\\\/boutique\\\/wp-content\\\/uploads\\\/2023\\\/10\\\/Etrier-safrane-biturbo-7701203665-1.jpg\",\"datePublished\":\"2023-10-11T00:51:04+00:00\",\"dateModified\":\"2025-07-06T17:22:14+00:00\",\"description\":\"Cet \u00e9trier safrane biturbo 7701203665 se monte c\u00f4t\u00e9 arri\u00e8re droit. Ce sont des originaux dans leurs carton Renault. Plus disponibles chez le constructeur.\",\"breadcrumb\":{\"@id\":\"https:\\\/\\\/clubsafranebiturbo.fr\\\/boutique\\\/produit\\\/etrier-safrane-biturbo-7701203665\\\/#breadcrumb\"},\"inLanguage\":\"fr-FR\",\"potentialAction\":[{\"@type\":\"ReadAction\",\"target\":[\"https:\\\/\\\/clubsafranebiturbo.fr\\\/boutique\\\/produit\\\/etrier-safrane-biturbo-7701203665\\\/\"]}]},{\"@type\":\"ImageObject\",\"inLanguage\":\"fr-FR\",\"@id\":\"https:\\\/\\\/clubsafranebiturbo.fr\\\/boutique\\\/produit\\\/etrier-safrane-biturbo-7701203665\\\/#primaryimage\",\"url\":\"https:\\\/\\\/clubsafranebiturbo.fr\\\/boutique\\\/wp-content\\\/uploads\\\/2023\\\/10\\\/Etrier-safrane-biturbo-7701203665-1.jpg\",\"contentUrl\":\"https:\\\/\\\/clubsafranebiturbo.fr\\\/boutique\\\/wp-content\\\/uploads\\\/2023\\\/10\\\/Etrier-safrane-biturbo-7701203665-1.jpg\",\"width\":600,\"height\":475},{\"@type\":\"BreadcrumbList\",\"@id\":\"https:\\\/\\\/clubsafranebiturbo.fr\\\/boutique\\\/produit\\\/etrier-safrane-biturbo-7701203665\\\/#breadcrumb\",\"itemListElement\":[{\"@type\":\"ListItem\",\"position\":1,\"name\":\"Accueil\",\"item\":\"https:\\\/\\\/clubsafranebiturbo.fr\\\/boutique\\\/\"},{\"@type\":\"ListItem\",\"position\":2,\"name\":\"Boutique\",\"item\":\"https:\\\/\\\/clubsafranebiturbo.fr\\\/boutique\\\/boutique\\\/\"},{\"@type\":\"ListItem\",\"position\":3,\"name\":\"\u00c9trier safrane biturbo 7701203665\"}]},{\"@type\":\"WebSite\",\"@id\":\"https:\\\/\\\/clubsafranebiturbo.fr\\\/boutique\\\/#website\",\"url\":\"https:\\\/\\\/clubsafranebiturbo.fr\\\/boutique\\\/\",\"name\":\"Boutique du Club Safrane Biturbo\",\"description\":\"Vente de pi\u00e8ces de Safrane Biturbo\",\"potentialAction\":[{\"@type\":\"SearchAction\",\"target\":{\"@type\":\"EntryPoint\",\"urlTemplate\":\"https:\\\/\\\/clubsafranebiturbo.fr\\\/boutique\\\/?s={search_term_string}\"},\"query-input\":{\"@type\":\"PropertyValueSpecification\",\"valueRequired\":true,\"valueName\":\"search_term_string\"}}],\"inLanguage\":\"fr-FR\"}]}<\/script>\n<!-- \/ Yoast SEO plugin. -->","yoast_head_json":{"title":"\u00c9trier safrane biturbo 7701203665 - Boutique du Club Safrane Biturbo","description":"Cet \u00e9trier safrane biturbo 7701203665 se monte c\u00f4t\u00e9 arri\u00e8re droit. Ce sont des originaux dans leurs carton Renault. Plus disponibles chez le constructeur.","robots":{"index":"index","follow":"follow","max-snippet":"max-snippet:-1","max-image-preview":"max-image-preview:large","max-video-preview":"max-video-preview:-1"},"canonical":"https:\/\/clubsafranebiturbo.fr\/boutique\/produit\/etrier-safrane-biturbo-7701203665\/","og_locale":"fr_FR","og_type":"article","og_title":"\u00c9trier safrane biturbo 7701203665 - Boutique du Club Safrane Biturbo","og_description":"Cet \u00e9trier safrane biturbo 7701203665 se monte c\u00f4t\u00e9 arri\u00e8re droit. Ce sont des originaux dans leurs carton Renault. Plus disponibles chez le constructeur.","og_url":"https:\/\/clubsafranebiturbo.fr\/boutique\/produit\/etrier-safrane-biturbo-7701203665\/","og_site_name":"Boutique du Club Safrane Biturbo","article_modified_time":"2025-07-06T17:22:14+00:00","og_image":[{"width":600,"height":475,"url":"https:\/\/clubsafranebiturbo.fr\/boutique\/wp-content\/uploads\/2023\/10\/Etrier-safrane-biturbo-7701203665-1.jpg","type":"image\/jpeg"}],"twitter_card":"summary_large_image","twitter_site":"@clubsafranebt","twitter_misc":{"Dur\u00e9e de lecture estim\u00e9e":"2 minutes"},"schema":{"@context":"https:\/\/schema.org","@graph":[{"@type":"WebPage","@id":"https:\/\/clubsafranebiturbo.fr\/boutique\/produit\/etrier-safrane-biturbo-7701203665\/","url":"https:\/\/clubsafranebiturbo.fr\/boutique\/produit\/etrier-safrane-biturbo-7701203665\/","name":"\u00c9trier safrane biturbo 7701203665 - Boutique du Club Safrane Biturbo","isPartOf":{"@id":"https:\/\/clubsafranebiturbo.fr\/boutique\/#website"},"primaryImageOfPage":{"@id":"https:\/\/clubsafranebiturbo.fr\/boutique\/produit\/etrier-safrane-biturbo-7701203665\/#primaryimage"},"image":{"@id":"https:\/\/clubsafranebiturbo.fr\/boutique\/produit\/etrier-safrane-biturbo-7701203665\/#primaryimage"},"thumbnailUrl":"https:\/\/clubsafranebiturbo.fr\/boutique\/wp-content\/uploads\/2023\/10\/Etrier-safrane-biturbo-7701203665-1.jpg","datePublished":"2023-10-11T00:51:04+00:00","dateModified":"2025-07-06T17:22:14+00:00","description":"Cet \u00e9trier safrane biturbo 7701203665 se monte c\u00f4t\u00e9 arri\u00e8re droit. Ce sont des originaux dans leurs carton Renault. Plus disponibles chez le constructeur.","breadcrumb":{"@id":"https:\/\/clubsafranebiturbo.fr\/boutique\/produit\/etrier-safrane-biturbo-7701203665\/#breadcrumb"},"inLanguage":"fr-FR","potentialAction":[{"@type":"ReadAction","target":["https:\/\/clubsafranebiturbo.fr\/boutique\/produit\/etrier-safrane-biturbo-7701203665\/"]}]},{"@type":"ImageObject","inLanguage":"fr-FR","@id":"https:\/\/clubsafranebiturbo.fr\/boutique\/produit\/etrier-safrane-biturbo-7701203665\/#primaryimage","url":"https:\/\/clubsafranebiturbo.fr\/boutique\/wp-content\/uploads\/2023\/10\/Etrier-safrane-biturbo-7701203665-1.jpg","contentUrl":"https:\/\/clubsafranebiturbo.fr\/boutique\/wp-content\/uploads\/2023\/10\/Etrier-safrane-biturbo-7701203665-1.jpg","width":600,"height":475},{"@type":"BreadcrumbList","@id":"https:\/\/clubsafranebiturbo.fr\/boutique\/produit\/etrier-safrane-biturbo-7701203665\/#breadcrumb","itemListElement":[{"@type":"ListItem","position":1,"name":"Accueil","item":"https:\/\/clubsafranebiturbo.fr\/boutique\/"},{"@type":"ListItem","position":2,"name":"Boutique","item":"https:\/\/clubsafranebiturbo.fr\/boutique\/boutique\/"},{"@type":"ListItem","position":3,"name":"\u00c9trier safrane biturbo 7701203665"}]},{"@type":"WebSite","@id":"https:\/\/clubsafranebiturbo.fr\/boutique\/#website","url":"https:\/\/clubsafranebiturbo.fr\/boutique\/","name":"Boutique du Club Safrane Biturbo","description":"Vente de pi\u00e8ces de Safrane Biturbo","potentialAction":[{"@type":"SearchAction","target":{"@type":"EntryPoint","urlTemplate":"https:\/\/clubsafranebiturbo.fr\/boutique\/?s={search_term_string}"},"query-input":{"@type":"PropertyValueSpecification","valueRequired":true,"valueName":"search_term_string"}}],"inLanguage":"fr-FR"}]}},"_links":{"self":[{"href":"https:\/\/clubsafranebiturbo.fr\/boutique\/wp-json\/wp\/v2\/product\/2623","targetHints":{"allow":["GET"]}}],"collection":[{"href":"https:\/\/clubsafranebiturbo.fr\/boutique\/wp-json\/wp\/v2\/product"}],"about":[{"href":"https:\/\/clubsafranebiturbo.fr\/boutique\/wp-json\/wp\/v2\/types\/product"}],"replies":[{"embeddable":true,"href":"https:\/\/clubsafranebiturbo.fr\/boutique\/wp-json\/wp\/v2\/comments?post=2623"}],"wp:featuredmedia":[{"embeddable":true,"href":"https:\/\/clubsafranebiturbo.fr\/boutique\/wp-json\/wp\/v2\/media\/2628"}],"wp:attachment":[{"href":"https:\/\/clubsafranebiturbo.fr\/boutique\/wp-json\/wp\/v2\/media?parent=2623"}],"wp:term":[{"taxonomy":"product_brand","embeddable":true,"href":"https:\/\/clubsafranebiturbo.fr\/boutique\/wp-json\/wp\/v2\/product_brand?post=2623"},{"taxonomy":"product_cat","embeddable":true,"href":"https:\/\/clubsafranebiturbo.fr\/boutique\/wp-json\/wp\/v2\/product_cat?post=2623"},{"taxonomy":"product_tag","embeddable":true,"href":"https:\/\/clubsafranebiturbo.fr\/boutique\/wp-json\/wp\/v2\/product_tag?post=2623"}],"curies":[{"name":"wp","href":"https:\/\/api.w.org\/{rel}","templated":true}]}}