{"id":2614,"date":"2023-10-10T22:04:44","date_gmt":"2023-10-10T21:04:44","guid":{"rendered":"https:\/\/clubsafranebiturbo.fr\/boutique\/?post_type=product&#038;p=2614"},"modified":"2026-03-06T23:34:54","modified_gmt":"2026-03-06T22:34:54","slug":"joints-7903065056-collecteur-dadmission","status":"publish","type":"product","link":"https:\/\/clubsafranebiturbo.fr\/boutique\/produit\/joints-7903065056-collecteur-dadmission\/","title":{"rendered":"6 joints 7903065056 collecteur d&rsquo;admission"},"content":{"rendered":"<h2 style=\"text-align: justify;\"><span style=\"font-family: arial, helvetica, sans-serif;\">6 Joints 7903065056 collecteur d&rsquo;admission<\/span><\/h2>\n<p style=\"text-align: justify;\"><span style=\"font-family: arial, helvetica, sans-serif;\">Ces 6 joints 7903065056 collecteur d&rsquo;admission d&rsquo;air de safrane biturbo ou safrane V6 classiques\u00a0 permettent de remplacer les originaux. Les joints originaux ont servis \u00e0 reproduire les copies. Ces joints sont strictement identiques aux joints d&rsquo;origine. Ce joint est encore disponible \u00e0 l&rsquo;heure actuelle chez Renault au prix de xx euros au jour ou l&rsquo;on \u00e9crit l&rsquo;article. Il y a 6 joints par sachet. Ils se montent sur l&rsquo;admission d&rsquo;air.<\/span><\/p>\n<p style=\"text-align: justify;\"><span style=\"font-family: arial, helvetica, sans-serif;\">Ils se montent sur les moteurs suivants : Z7X-721, Z7X-722, Z7X-723, Z7X-726 et Z7X-753. et \u00e9galement sur moteur de R25 Z7W.<\/span><\/p>\n<p style=\"text-align: justify;\"><span style=\"font-family: arial, helvetica, sans-serif;\">La photo du manuel de pi\u00e8ces de rechange vous montre l&#8217;emplacement du\u00a0 joint sur le moteur. Nous vous pr\u00e9sentons la photo de la reproduction et du joint original \u00e0 gauche, le joint reproduis est \u00e0 droite. Cela vous permet de constater que les joints sont identiques. Les photos vous montrent que les joints ont un\u00a0 emballage maison comme vous pouvez le voir sur les photos.<\/span><\/p>\n<p style=\"text-align: justify;\"><span style=\"font-family: arial, helvetica, sans-serif;\">Pour plus de questions vous pouvez nous contacter via le formulaire de <a href=\"http:\/\/clubsafranebiturbo.fr\/boutique\/contact\/\">contact<\/a> sur la boutique. Nous nous efforcerons de r\u00e9pondre \u00e0 toutes vos questions \u00e0 partir du moment ou vos coordonn\u00e9es de contact sont correctes dans les plus brefs d\u00e9lais.<\/span><\/p>\n<h2 style=\"text-align: justify;\"><span style=\"font-family: arial, helvetica, sans-serif;\">Livraison<\/span><\/h2>\n<p style=\"text-align: justify;\"><span style=\"font-family: arial, helvetica, sans-serif;\">D\u00e9lai de livraison : 7 \u00e0 15 jours apr\u00e8s r\u00e9ception de votre paiement sur nos comptes. Toutefois, nous vous rappelons que nous sommes une association, et que notre temps libre pr\u00e9vaut sur le temps consacr\u00e9 au Club. En conclusion, il peut donc arriver que ces d\u00e9lais soient plus long. Pour un traitement plus rapide de votre commande, vous pouvez nous contacter par mail et faire un virement bancaire. L&#8217;emballage personnalis\u00e9 de ces joints 7903065056 collecteur d&rsquo;admission a le m\u00e9rite d&rsquo;\u00eatre original.<\/span><\/p>\n<p style=\"text-align: justify;\"><span style=\"font-family: arial, helvetica, sans-serif;\">Livraison par lettre suivie \u00e0 r\u00e9ception du paiement sur nos comptes. En consultant le site de la poste avec le num\u00e9ro de suivi que vous recevrez par mail, il vous permettra de suivre l&rsquo;avancement de la livraison. Envoi soign\u00e9 et bien prot\u00e9g\u00e9.<\/span><\/p>\n<h2 style=\"text-align: justify;\"><span style=\"font-family: arial, helvetica, sans-serif;\">Stock<\/span><\/h2>\n<p style=\"text-align: justify;\"><span style=\"font-family: arial, helvetica, sans-serif;\">Ces pi\u00e8ces sont pr\u00e9sentes dans notre stock et vous serez donc assur\u00e9 de la livraison. Vous ne recevrez pas de mail vous informant que nous sommes en rupture. Si les pi\u00e8ces ne sont pas disponibles vous ne pourrez tout simplement pas les commander. A noter que nous sommes une association et faisons cela sur notre temps libre. Il est donc possible que de temps en temps les r\u00e9ponses ou les d\u00e9lais de livraison soient plus long que la normale.<\/span><\/p>\n<p><span style=\"font-family: arial, helvetica, sans-serif;\"><a href=\"https:\/\/clubsafranebiturbo.fr\/boutique\/wp-content\/uploads\/2016\/08\/7903065056.jpg\"><img loading=\"lazy\" decoding=\"async\" class=\"size-full wp-image-1723 aligncenter\" src=\"https:\/\/clubsafranebiturbo.fr\/boutique\/wp-content\/uploads\/2016\/08\/7903065056.jpg\" alt=\"Kit joints eau air safrane biturbo\" width=\"300\" height=\"200\" srcset=\"https:\/\/clubsafranebiturbo.fr\/boutique\/wp-content\/uploads\/2016\/08\/7903065056.jpg 600w, https:\/\/clubsafranebiturbo.fr\/boutique\/wp-content\/uploads\/2016\/08\/7903065056-320x213.jpg 320w, https:\/\/clubsafranebiturbo.fr\/boutique\/wp-content\/uploads\/2016\/08\/7903065056-300x200.jpg 300w\" sizes=\"auto, (max-width: 300px) 100vw, 300px\" \/><\/a><\/span><\/p>\n<p><span style=\"font-family: arial, helvetica, sans-serif;\"><a href=\"https:\/\/www.facebook.com\/profile.php?id=100086315447468\">https:\/\/www.facebook.com\/profile.php?id=100086315447468<\/a><\/span><\/p>\n<p><span style=\"font-family: arial, helvetica, sans-serif;\"><a href=\"http:\/\/clubsafranebiturbo.fr\/\" target=\"_blank\" rel=\"noopener noreferrer\">http:\/\/clubsafranebiturbo.fr\/<\/a><\/span><\/p>\n<p>&nbsp;<\/p>\n","protected":false},"excerpt":{"rendered":"<p>6 Joints 7903065056 collecteur d&rsquo;admission Ces 6 joints 7903065056 collecteur d&rsquo;admission d&rsquo;air de safrane biturbo ou safrane V6 classiques\u00a0 permettent de remplacer les originaux. Les joints originaux ont servis \u00e0 reproduire les copies. Ces joints sont strictement identiques aux joints d&rsquo;origine. Ce joint est encore disponible \u00e0 l&rsquo;heure actuelle chez Renault au prix de xx [&hellip;]<\/p>\n","protected":false},"featured_media":1723,"comment_status":"open","ping_status":"closed","template":"","meta":[],"product_brand":[],"product_cat":[16,116,148,25,120,150,147,72,73,78],"product_tag":[],"class_list":{"0":"post-2614","1":"product","2":"type-product","3":"status-publish","4":"has-post-thumbnail","6":"product_cat-mecanique-safrane-biturbo","7":"product_cat-mecanique-safrane-quadra-renault-2","8":"product_cat-mecanique","9":"product_cat-moteur-safrane-biturbo","10":"product_cat-moteur-mecanique-safrane-quadra-renault-2","11":"product_cat-moteur","12":"product_cat-r25-v6-turbo","13":"product_cat-renault-2","14":"product_cat-safrane","15":"product_cat-safrane-quadra-renault-2","17":"first","18":"instock","19":"taxable","20":"shipping-taxable","21":"purchasable","22":"product-type-simple"},"yoast_head":"<!-- This site is optimized with the Yoast SEO plugin v27.4 - https:\/\/yoast.com\/product\/yoast-seo-wordpress\/ -->\n<title>6 joints 7903065056 collecteur d&#039;admission - Boutique du Club Safrane Biturbo<\/title>\n<meta name=\"description\" content=\"Ces 6 joints 7903065056 du collecteur d&#039;admission d&#039;air de safrane biturbo ou safrane V6 classiques\u00a0 permettent de remplacer les originaux\" \/>\n<meta name=\"robots\" content=\"index, follow, max-snippet:-1, max-image-preview:large, max-video-preview:-1\" \/>\n<link rel=\"canonical\" href=\"https:\/\/clubsafranebiturbo.fr\/boutique\/produit\/joints-7903065056-collecteur-dadmission\/\" \/>\n<meta property=\"og:locale\" content=\"fr_FR\" \/>\n<meta property=\"og:type\" content=\"article\" \/>\n<meta property=\"og:title\" content=\"6 joints 7903065056 collecteur d&#039;admission - Boutique du Club Safrane Biturbo\" \/>\n<meta property=\"og:description\" content=\"Ces 6 joints 7903065056 du collecteur d&#039;admission d&#039;air de safrane biturbo ou safrane V6 classiques\u00a0 permettent de remplacer les originaux\" \/>\n<meta property=\"og:url\" content=\"https:\/\/clubsafranebiturbo.fr\/boutique\/produit\/joints-7903065056-collecteur-dadmission\/\" \/>\n<meta property=\"og:site_name\" content=\"Boutique du Club Safrane Biturbo\" \/>\n<meta property=\"article:modified_time\" content=\"2026-03-06T22:34:54+00:00\" \/>\n<meta property=\"og:image\" content=\"https:\/\/clubsafranebiturbo.fr\/boutique\/wp-content\/uploads\/2016\/08\/7903065056.jpg\" \/>\n\t<meta property=\"og:image:width\" content=\"600\" \/>\n\t<meta property=\"og:image:height\" content=\"399\" \/>\n\t<meta property=\"og:image:type\" content=\"image\/jpeg\" \/>\n<meta name=\"twitter:card\" content=\"summary_large_image\" \/>\n<meta name=\"twitter:site\" content=\"@clubsafranebt\" \/>\n<meta name=\"twitter:label1\" content=\"Dur\u00e9e de lecture estim\u00e9e\" \/>\n\t<meta name=\"twitter:data1\" content=\"3 minutes\" \/>\n<script type=\"application\/ld+json\" class=\"yoast-schema-graph\">{\"@context\":\"https:\\\/\\\/schema.org\",\"@graph\":[{\"@type\":\"WebPage\",\"@id\":\"https:\\\/\\\/clubsafranebiturbo.fr\\\/boutique\\\/produit\\\/joints-7903065056-collecteur-dadmission\\\/\",\"url\":\"https:\\\/\\\/clubsafranebiturbo.fr\\\/boutique\\\/produit\\\/joints-7903065056-collecteur-dadmission\\\/\",\"name\":\"6 joints 7903065056 collecteur d'admission - Boutique du Club Safrane Biturbo\",\"isPartOf\":{\"@id\":\"https:\\\/\\\/clubsafranebiturbo.fr\\\/boutique\\\/#website\"},\"primaryImageOfPage\":{\"@id\":\"https:\\\/\\\/clubsafranebiturbo.fr\\\/boutique\\\/produit\\\/joints-7903065056-collecteur-dadmission\\\/#primaryimage\"},\"image\":{\"@id\":\"https:\\\/\\\/clubsafranebiturbo.fr\\\/boutique\\\/produit\\\/joints-7903065056-collecteur-dadmission\\\/#primaryimage\"},\"thumbnailUrl\":\"https:\\\/\\\/clubsafranebiturbo.fr\\\/boutique\\\/wp-content\\\/uploads\\\/2016\\\/08\\\/7903065056.jpg\",\"datePublished\":\"2023-10-10T21:04:44+00:00\",\"dateModified\":\"2026-03-06T22:34:54+00:00\",\"description\":\"Ces 6 joints 7903065056 du collecteur d'admission d'air de safrane biturbo ou safrane V6 classiques\u00a0 permettent de remplacer les originaux\",\"breadcrumb\":{\"@id\":\"https:\\\/\\\/clubsafranebiturbo.fr\\\/boutique\\\/produit\\\/joints-7903065056-collecteur-dadmission\\\/#breadcrumb\"},\"inLanguage\":\"fr-FR\",\"potentialAction\":[{\"@type\":\"ReadAction\",\"target\":[\"https:\\\/\\\/clubsafranebiturbo.fr\\\/boutique\\\/produit\\\/joints-7903065056-collecteur-dadmission\\\/\"]}]},{\"@type\":\"ImageObject\",\"inLanguage\":\"fr-FR\",\"@id\":\"https:\\\/\\\/clubsafranebiturbo.fr\\\/boutique\\\/produit\\\/joints-7903065056-collecteur-dadmission\\\/#primaryimage\",\"url\":\"https:\\\/\\\/clubsafranebiturbo.fr\\\/boutique\\\/wp-content\\\/uploads\\\/2016\\\/08\\\/7903065056.jpg\",\"contentUrl\":\"https:\\\/\\\/clubsafranebiturbo.fr\\\/boutique\\\/wp-content\\\/uploads\\\/2016\\\/08\\\/7903065056.jpg\",\"width\":600,\"height\":399,\"caption\":\"Joint collecteur d'admission\"},{\"@type\":\"BreadcrumbList\",\"@id\":\"https:\\\/\\\/clubsafranebiturbo.fr\\\/boutique\\\/produit\\\/joints-7903065056-collecteur-dadmission\\\/#breadcrumb\",\"itemListElement\":[{\"@type\":\"ListItem\",\"position\":1,\"name\":\"Accueil\",\"item\":\"https:\\\/\\\/clubsafranebiturbo.fr\\\/boutique\\\/\"},{\"@type\":\"ListItem\",\"position\":2,\"name\":\"Boutique\",\"item\":\"https:\\\/\\\/clubsafranebiturbo.fr\\\/boutique\\\/boutique\\\/\"},{\"@type\":\"ListItem\",\"position\":3,\"name\":\"6 joints 7903065056 collecteur d&rsquo;admission\"}]},{\"@type\":\"WebSite\",\"@id\":\"https:\\\/\\\/clubsafranebiturbo.fr\\\/boutique\\\/#website\",\"url\":\"https:\\\/\\\/clubsafranebiturbo.fr\\\/boutique\\\/\",\"name\":\"Boutique du Club Safrane Biturbo\",\"description\":\"Vente de pi\u00e8ces de Safrane Biturbo\",\"potentialAction\":[{\"@type\":\"SearchAction\",\"target\":{\"@type\":\"EntryPoint\",\"urlTemplate\":\"https:\\\/\\\/clubsafranebiturbo.fr\\\/boutique\\\/?s={search_term_string}\"},\"query-input\":{\"@type\":\"PropertyValueSpecification\",\"valueRequired\":true,\"valueName\":\"search_term_string\"}}],\"inLanguage\":\"fr-FR\"}]}<\/script>\n<!-- \/ Yoast SEO plugin. -->","yoast_head_json":{"title":"6 joints 7903065056 collecteur d'admission - Boutique du Club Safrane Biturbo","description":"Ces 6 joints 7903065056 du collecteur d'admission d'air de safrane biturbo ou safrane V6 classiques\u00a0 permettent de remplacer les originaux","robots":{"index":"index","follow":"follow","max-snippet":"max-snippet:-1","max-image-preview":"max-image-preview:large","max-video-preview":"max-video-preview:-1"},"canonical":"https:\/\/clubsafranebiturbo.fr\/boutique\/produit\/joints-7903065056-collecteur-dadmission\/","og_locale":"fr_FR","og_type":"article","og_title":"6 joints 7903065056 collecteur d'admission - Boutique du Club Safrane Biturbo","og_description":"Ces 6 joints 7903065056 du collecteur d'admission d'air de safrane biturbo ou safrane V6 classiques\u00a0 permettent de remplacer les originaux","og_url":"https:\/\/clubsafranebiturbo.fr\/boutique\/produit\/joints-7903065056-collecteur-dadmission\/","og_site_name":"Boutique du Club Safrane Biturbo","article_modified_time":"2026-03-06T22:34:54+00:00","og_image":[{"width":600,"height":399,"url":"https:\/\/clubsafranebiturbo.fr\/boutique\/wp-content\/uploads\/2016\/08\/7903065056.jpg","type":"image\/jpeg"}],"twitter_card":"summary_large_image","twitter_site":"@clubsafranebt","twitter_misc":{"Dur\u00e9e de lecture estim\u00e9e":"3 minutes"},"schema":{"@context":"https:\/\/schema.org","@graph":[{"@type":"WebPage","@id":"https:\/\/clubsafranebiturbo.fr\/boutique\/produit\/joints-7903065056-collecteur-dadmission\/","url":"https:\/\/clubsafranebiturbo.fr\/boutique\/produit\/joints-7903065056-collecteur-dadmission\/","name":"6 joints 7903065056 collecteur d'admission - Boutique du Club Safrane Biturbo","isPartOf":{"@id":"https:\/\/clubsafranebiturbo.fr\/boutique\/#website"},"primaryImageOfPage":{"@id":"https:\/\/clubsafranebiturbo.fr\/boutique\/produit\/joints-7903065056-collecteur-dadmission\/#primaryimage"},"image":{"@id":"https:\/\/clubsafranebiturbo.fr\/boutique\/produit\/joints-7903065056-collecteur-dadmission\/#primaryimage"},"thumbnailUrl":"https:\/\/clubsafranebiturbo.fr\/boutique\/wp-content\/uploads\/2016\/08\/7903065056.jpg","datePublished":"2023-10-10T21:04:44+00:00","dateModified":"2026-03-06T22:34:54+00:00","description":"Ces 6 joints 7903065056 du collecteur d'admission d'air de safrane biturbo ou safrane V6 classiques\u00a0 permettent de remplacer les originaux","breadcrumb":{"@id":"https:\/\/clubsafranebiturbo.fr\/boutique\/produit\/joints-7903065056-collecteur-dadmission\/#breadcrumb"},"inLanguage":"fr-FR","potentialAction":[{"@type":"ReadAction","target":["https:\/\/clubsafranebiturbo.fr\/boutique\/produit\/joints-7903065056-collecteur-dadmission\/"]}]},{"@type":"ImageObject","inLanguage":"fr-FR","@id":"https:\/\/clubsafranebiturbo.fr\/boutique\/produit\/joints-7903065056-collecteur-dadmission\/#primaryimage","url":"https:\/\/clubsafranebiturbo.fr\/boutique\/wp-content\/uploads\/2016\/08\/7903065056.jpg","contentUrl":"https:\/\/clubsafranebiturbo.fr\/boutique\/wp-content\/uploads\/2016\/08\/7903065056.jpg","width":600,"height":399,"caption":"Joint collecteur d'admission"},{"@type":"BreadcrumbList","@id":"https:\/\/clubsafranebiturbo.fr\/boutique\/produit\/joints-7903065056-collecteur-dadmission\/#breadcrumb","itemListElement":[{"@type":"ListItem","position":1,"name":"Accueil","item":"https:\/\/clubsafranebiturbo.fr\/boutique\/"},{"@type":"ListItem","position":2,"name":"Boutique","item":"https:\/\/clubsafranebiturbo.fr\/boutique\/boutique\/"},{"@type":"ListItem","position":3,"name":"6 joints 7903065056 collecteur d&rsquo;admission"}]},{"@type":"WebSite","@id":"https:\/\/clubsafranebiturbo.fr\/boutique\/#website","url":"https:\/\/clubsafranebiturbo.fr\/boutique\/","name":"Boutique du Club Safrane Biturbo","description":"Vente de pi\u00e8ces de Safrane Biturbo","potentialAction":[{"@type":"SearchAction","target":{"@type":"EntryPoint","urlTemplate":"https:\/\/clubsafranebiturbo.fr\/boutique\/?s={search_term_string}"},"query-input":{"@type":"PropertyValueSpecification","valueRequired":true,"valueName":"search_term_string"}}],"inLanguage":"fr-FR"}]}},"_links":{"self":[{"href":"https:\/\/clubsafranebiturbo.fr\/boutique\/wp-json\/wp\/v2\/product\/2614","targetHints":{"allow":["GET"]}}],"collection":[{"href":"https:\/\/clubsafranebiturbo.fr\/boutique\/wp-json\/wp\/v2\/product"}],"about":[{"href":"https:\/\/clubsafranebiturbo.fr\/boutique\/wp-json\/wp\/v2\/types\/product"}],"replies":[{"embeddable":true,"href":"https:\/\/clubsafranebiturbo.fr\/boutique\/wp-json\/wp\/v2\/comments?post=2614"}],"wp:featuredmedia":[{"embeddable":true,"href":"https:\/\/clubsafranebiturbo.fr\/boutique\/wp-json\/wp\/v2\/media\/1723"}],"wp:attachment":[{"href":"https:\/\/clubsafranebiturbo.fr\/boutique\/wp-json\/wp\/v2\/media?parent=2614"}],"wp:term":[{"taxonomy":"product_brand","embeddable":true,"href":"https:\/\/clubsafranebiturbo.fr\/boutique\/wp-json\/wp\/v2\/product_brand?post=2614"},{"taxonomy":"product_cat","embeddable":true,"href":"https:\/\/clubsafranebiturbo.fr\/boutique\/wp-json\/wp\/v2\/product_cat?post=2614"},{"taxonomy":"product_tag","embeddable":true,"href":"https:\/\/clubsafranebiturbo.fr\/boutique\/wp-json\/wp\/v2\/product_tag?post=2614"}],"curies":[{"name":"wp","href":"https:\/\/api.w.org\/{rel}","templated":true}]}}