{"id":2471,"date":"2021-02-18T17:59:32","date_gmt":"2021-02-18T16:59:32","guid":{"rendered":"https:\/\/clubsafranebiturbo.fr\/boutique\/?post_type=product&#038;p=2471"},"modified":"2025-12-08T15:52:32","modified_gmt":"2025-12-08T14:52:32","slug":"renovation-hydraulique-damortisseurs-safrane","status":"publish","type":"product","link":"https:\/\/clubsafranebiturbo.fr\/boutique\/produit\/renovation-hydraulique-damortisseurs-safrane\/","title":{"rendered":"R\u00e9novation hydraulique amortisseur safrane"},"content":{"rendered":"<h2 style=\"text-align: justify;\">R\u00e9novation hydraulique amortisseur safrane<\/h2>\n<p style=\"text-align: justify;\">Nous vous proposons ici la r\u00e9novation hydraulique amortisseur Safrane Biturbo, et Safrane classique ayant une suspension pilot\u00e9e.<\/p>\n<p style=\"text-align: justify;\">Cette r\u00e9novation comprend :<\/p>\n<ul style=\"text-align: justify;\">\n<li>Un d\u00e9montage complet de votre amortisseur de la partie hydraulique.<\/li>\n<li>Un d\u00e9montage complet de tous ses composants de la partie hydraulique interne.<\/li>\n<li>Le changement de l&rsquo;huile de votre amortisseur.<\/li>\n<li>Le changement des joints interne.<\/li>\n<li>Du changement du joint de tige par un joint plus r\u00e9cent et plus r\u00e9sistant \u00e0 la pression interne.<\/li>\n<li>L&rsquo;ajout d&rsquo;une valve sur le corps de l&rsquo;amortisseur pour pouvoir le remettre en pression, et pour pouvoir avoir un amortisseur qui sera d\u00e9montable dans le temps pour l&rsquo;entretenir. (changer les joints si n\u00e9cessaire, changer l&rsquo;huile quand cela est n\u00e9cessaire, faire la maintenance quand on le souhaite) Sur un amortisseur d&rsquo;origine, il n&rsquo;est absolument pas possible de faire l&rsquo;entretien, rien ne le permet.<\/li>\n<li>La mise en pression hydraulique de l\u2019amortisseur comme \u00e0 l&rsquo;origine. Changer l&rsquo;huile sans le remettre en pression est n\u00e9faste pour celui-ci.<\/li>\n<li>La v\u00e9rification du fonctionnement interne et de l&rsquo;\u00e9tat des pi\u00e8ces m\u00e9caniques qui s&rsquo;y trouvent.<\/li>\n<\/ul>\n<p>&nbsp;<\/p>\n<p>&nbsp;<\/p>\n<p style=\"text-align: justify;\"><span style=\"color: #ff0000;\"><strong><span style=\"font-size: 20px;\">Attention, cette r\u00e9novation consiste \u00e0 d\u00e9monter compl\u00e9tement votre amortisseur vous l&rsquo;aurez compris. Il se peut que les parties internes soient endommag\u00e9es suivant l&rsquo;\u00e9tat et l&rsquo;\u00e2ge de vos amortisseurs. Si il y a des r\u00e9parations en interne, vous en serez inform\u00e9, et ce sera \u00e0 votre charge. Tout au long du projet vous recevrez des photos de l&rsquo;avancement de la r\u00e9novation. Les photos vous montrent un amortisseur d\u00e9mont\u00e9 pour r\u00e9novation.<\/span><\/strong><\/span><\/p>\n<p>&nbsp;<\/p>\n<p>&nbsp;<\/p>\n<p style=\"text-align: justify;\">Cette r\u00e9novation implique de faire par la suite la r\u00e9novation pneumatique. Visible ici pour un arri\u00e8re (cela peut \u00eatre fait par vous m\u00eame) :<\/p>\n<p style=\"text-align: justify;\"><a href=\"https:\/\/clubsafranebiturbo.fr\/boutique\/produit\/sertissage-amortisseur-arriere\/\">https:\/\/clubsafranebiturbo.fr\/boutique\/produit\/sertissage-amortisseur-arriere\/<\/a><\/p>\n<p style=\"text-align: justify;\">Visible ici pour un avant (cela peut \u00eatre fait par vous m\u00eame) :<\/p>\n<p style=\"text-align: justify;\"><a href=\"https:\/\/clubsafranebiturbo.fr\/boutique\/produit\/sertissage-amortisseur-avant\/\">https:\/\/clubsafranebiturbo.fr\/boutique\/produit\/sertissage-amortisseur-avant\/<\/a><\/p>\n<p>&nbsp;<\/p>\n<h2 style=\"text-align: justify;\">Livraison<\/h2>\n<p style=\"text-align: justify;\">D\u00e9lai de livraison : Ce projet de r\u00e9novation est long, cela demande g\u00e9n\u00e9ralement minimum deux mois de traitement entre tous les fournisseurs \u00e0 aller voir et le renvoi de l&rsquo;amortisseur r\u00e9nov\u00e9. Avant de commander il est indispensable de nous contacter par mail pour en parler et voir comment on peut faire pour am\u00e9liorer le temps de traitement.<\/p>\n<p style=\"text-align: justify;\">Livraison par colissimo recommand\u00e9 \u00e0 r\u00e9ception du paiement sur nos comptes. En consultant le site de la poste avec le num\u00e9ro de suivi que vous recevrez par mail, il vous permettra de suivre l&rsquo;avancement de la livraison. Envoi soign\u00e9 et bien prot\u00e9g\u00e9. Une remise en main propre est nettement pr\u00e9f\u00e9rable, car si dans le transport le colis est perdu, il sera impossible de vous fournir de nouveaux amortisseurs.\u00a0 Avant de choisir cette m\u00e9thode de livraison, merci de prendre contact avec nous pour voir si cela est possible. <span style=\"color: #ff0000;\"><strong>Les frais de livraison sont mal calcul\u00e9s pour cet article par le site. Il est n\u00e9cessaire de nous joindre par le formulaire de contact avant de faire le paiement pour que l&rsquo;on mette le prix r\u00e9el.<\/strong><\/span><\/p>\n<p style=\"text-align: justify;\"><span style=\"color: #ff0000;\"><strong>Si vous choisissez une exp\u00e9dition pour que nous vous renvoyons vos amortisseurs, sachez que nous assurons nos colis. Au vue du poids et du co\u00fbt de la livraison pour ce poids, le prix sera cons\u00e9quent. Nous pouvons \u00e9ventuellement envoyer en relais colis, il faudra prendre contact avec nous.<\/strong><\/span><\/p>\n<p style=\"text-align: justify;\"><a href=\"https:\/\/clubsafranebiturbo.fr\/boutique\/wp-content\/uploads\/2021\/02\/rzonov11.jpg\"><img loading=\"lazy\" decoding=\"async\" class=\" wp-image-2469 aligncenter\" src=\"https:\/\/clubsafranebiturbo.fr\/boutique\/wp-content\/uploads\/2021\/02\/rzonov11.jpg\" alt=\"\" width=\"222\" height=\"296\" srcset=\"https:\/\/clubsafranebiturbo.fr\/boutique\/wp-content\/uploads\/2021\/02\/rzonov11.jpg 600w, https:\/\/clubsafranebiturbo.fr\/boutique\/wp-content\/uploads\/2021\/02\/rzonov11-225x300.jpg 225w, https:\/\/clubsafranebiturbo.fr\/boutique\/wp-content\/uploads\/2021\/02\/rzonov11-320x427.jpg 320w\" sizes=\"auto, (max-width: 222px) 100vw, 222px\" \/><\/a><\/p>\n<p><a href=\"https:\/\/www.facebook.com\/profile.php?id=100086315447468\">https:\/\/www.facebook.com\/profile.php?id=100086315447468<\/a><\/p>\n<p style=\"text-align: justify;\"><a href=\"http:\/\/clubsafranebiturbo.fr\/\" target=\"_blank\" rel=\"noopener noreferrer\">http:\/\/clubsafranebiturbo.fr\/<\/a><\/p>\n","protected":false},"excerpt":{"rendered":"<p>R\u00e9novation hydraulique amortisseur safrane Nous vous proposons ici la r\u00e9novation hydraulique amortisseur Safrane Biturbo, et Safrane classique ayant une suspension pilot\u00e9e. Cette r\u00e9novation comprend : Un d\u00e9montage complet de votre amortisseur de la partie hydraulique. Un d\u00e9montage complet de tous ses composants de la partie hydraulique interne. Le changement de l&rsquo;huile de votre amortisseur. Le [&hellip;]<\/p>\n","protected":false},"featured_media":2469,"comment_status":"open","ping_status":"closed","template":"","meta":[],"product_brand":[],"product_cat":[16,116,72,73,78,26,121],"product_tag":[],"class_list":{"0":"post-2471","1":"product","2":"type-product","3":"status-publish","4":"has-post-thumbnail","6":"product_cat-mecanique-safrane-biturbo","7":"product_cat-mecanique-safrane-quadra-renault-2","8":"product_cat-renault-2","9":"product_cat-safrane","10":"product_cat-safrane-quadra-renault-2","11":"product_cat-suspension-safrane-biturbo","12":"product_cat-suspension-mecanique-safrane-quadra-renault-2","14":"first","15":"instock","16":"taxable","17":"shipping-taxable","18":"purchasable","19":"product-type-simple"},"yoast_head":"<!-- This site is optimized with the Yoast SEO plugin v27.4 - https:\/\/yoast.com\/product\/yoast-seo-wordpress\/ -->\n<title>R\u00e9novation hydraulique amortisseur safrane - Boutique du Club Safrane Biturbo<\/title>\n<meta name=\"description\" content=\"Nous vous proposons ici la r\u00e9novation hydraulique d&#039;amortisseurs safrane biturbo, et safrane classique ayant une suspension pilot\u00e9e.\" \/>\n<meta name=\"robots\" content=\"index, follow, max-snippet:-1, max-image-preview:large, max-video-preview:-1\" \/>\n<link rel=\"canonical\" href=\"https:\/\/clubsafranebiturbo.fr\/boutique\/produit\/renovation-hydraulique-damortisseurs-safrane\/\" \/>\n<meta property=\"og:locale\" content=\"fr_FR\" \/>\n<meta property=\"og:type\" content=\"article\" \/>\n<meta property=\"og:title\" content=\"R\u00e9novation hydraulique amortisseur safrane - Boutique du Club Safrane Biturbo\" \/>\n<meta property=\"og:description\" content=\"Nous vous proposons ici la r\u00e9novation hydraulique d&#039;amortisseurs safrane biturbo, et safrane classique ayant une suspension pilot\u00e9e.\" \/>\n<meta property=\"og:url\" content=\"https:\/\/clubsafranebiturbo.fr\/boutique\/produit\/renovation-hydraulique-damortisseurs-safrane\/\" \/>\n<meta property=\"og:site_name\" content=\"Boutique du Club Safrane Biturbo\" \/>\n<meta property=\"article:modified_time\" content=\"2025-12-08T14:52:32+00:00\" \/>\n<meta property=\"og:image\" content=\"https:\/\/clubsafranebiturbo.fr\/boutique\/wp-content\/uploads\/2021\/02\/rzonov11.jpg\" \/>\n\t<meta property=\"og:image:width\" content=\"600\" \/>\n\t<meta property=\"og:image:height\" content=\"800\" \/>\n\t<meta property=\"og:image:type\" content=\"image\/jpeg\" \/>\n<meta name=\"twitter:card\" content=\"summary_large_image\" \/>\n<meta name=\"twitter:site\" content=\"@clubsafranebt\" \/>\n<meta name=\"twitter:label1\" content=\"Dur\u00e9e de lecture estim\u00e9e\" \/>\n\t<meta name=\"twitter:data1\" content=\"4 minutes\" \/>\n<script type=\"application\/ld+json\" class=\"yoast-schema-graph\">{\"@context\":\"https:\\\/\\\/schema.org\",\"@graph\":[{\"@type\":\"WebPage\",\"@id\":\"https:\\\/\\\/clubsafranebiturbo.fr\\\/boutique\\\/produit\\\/renovation-hydraulique-damortisseurs-safrane\\\/\",\"url\":\"https:\\\/\\\/clubsafranebiturbo.fr\\\/boutique\\\/produit\\\/renovation-hydraulique-damortisseurs-safrane\\\/\",\"name\":\"R\u00e9novation hydraulique amortisseur safrane - Boutique du Club Safrane Biturbo\",\"isPartOf\":{\"@id\":\"https:\\\/\\\/clubsafranebiturbo.fr\\\/boutique\\\/#website\"},\"primaryImageOfPage\":{\"@id\":\"https:\\\/\\\/clubsafranebiturbo.fr\\\/boutique\\\/produit\\\/renovation-hydraulique-damortisseurs-safrane\\\/#primaryimage\"},\"image\":{\"@id\":\"https:\\\/\\\/clubsafranebiturbo.fr\\\/boutique\\\/produit\\\/renovation-hydraulique-damortisseurs-safrane\\\/#primaryimage\"},\"thumbnailUrl\":\"https:\\\/\\\/clubsafranebiturbo.fr\\\/boutique\\\/wp-content\\\/uploads\\\/2021\\\/02\\\/rzonov11.jpg\",\"datePublished\":\"2021-02-18T16:59:32+00:00\",\"dateModified\":\"2025-12-08T14:52:32+00:00\",\"description\":\"Nous vous proposons ici la r\u00e9novation hydraulique d'amortisseurs safrane biturbo, et safrane classique ayant une suspension pilot\u00e9e.\",\"breadcrumb\":{\"@id\":\"https:\\\/\\\/clubsafranebiturbo.fr\\\/boutique\\\/produit\\\/renovation-hydraulique-damortisseurs-safrane\\\/#breadcrumb\"},\"inLanguage\":\"fr-FR\",\"potentialAction\":[{\"@type\":\"ReadAction\",\"target\":[\"https:\\\/\\\/clubsafranebiturbo.fr\\\/boutique\\\/produit\\\/renovation-hydraulique-damortisseurs-safrane\\\/\"]}]},{\"@type\":\"ImageObject\",\"inLanguage\":\"fr-FR\",\"@id\":\"https:\\\/\\\/clubsafranebiturbo.fr\\\/boutique\\\/produit\\\/renovation-hydraulique-damortisseurs-safrane\\\/#primaryimage\",\"url\":\"https:\\\/\\\/clubsafranebiturbo.fr\\\/boutique\\\/wp-content\\\/uploads\\\/2021\\\/02\\\/rzonov11.jpg\",\"contentUrl\":\"https:\\\/\\\/clubsafranebiturbo.fr\\\/boutique\\\/wp-content\\\/uploads\\\/2021\\\/02\\\/rzonov11.jpg\",\"width\":600,\"height\":800,\"caption\":\"R\u00e9novation hydraulique amortisseur safrane\"},{\"@type\":\"BreadcrumbList\",\"@id\":\"https:\\\/\\\/clubsafranebiturbo.fr\\\/boutique\\\/produit\\\/renovation-hydraulique-damortisseurs-safrane\\\/#breadcrumb\",\"itemListElement\":[{\"@type\":\"ListItem\",\"position\":1,\"name\":\"Accueil\",\"item\":\"https:\\\/\\\/clubsafranebiturbo.fr\\\/boutique\\\/\"},{\"@type\":\"ListItem\",\"position\":2,\"name\":\"Boutique\",\"item\":\"https:\\\/\\\/clubsafranebiturbo.fr\\\/boutique\\\/boutique\\\/\"},{\"@type\":\"ListItem\",\"position\":3,\"name\":\"R\u00e9novation hydraulique amortisseur safrane\"}]},{\"@type\":\"WebSite\",\"@id\":\"https:\\\/\\\/clubsafranebiturbo.fr\\\/boutique\\\/#website\",\"url\":\"https:\\\/\\\/clubsafranebiturbo.fr\\\/boutique\\\/\",\"name\":\"Boutique du Club Safrane Biturbo\",\"description\":\"Vente de pi\u00e8ces de Safrane Biturbo\",\"potentialAction\":[{\"@type\":\"SearchAction\",\"target\":{\"@type\":\"EntryPoint\",\"urlTemplate\":\"https:\\\/\\\/clubsafranebiturbo.fr\\\/boutique\\\/?s={search_term_string}\"},\"query-input\":{\"@type\":\"PropertyValueSpecification\",\"valueRequired\":true,\"valueName\":\"search_term_string\"}}],\"inLanguage\":\"fr-FR\"}]}<\/script>\n<!-- \/ Yoast SEO plugin. -->","yoast_head_json":{"title":"R\u00e9novation hydraulique amortisseur safrane - Boutique du Club Safrane Biturbo","description":"Nous vous proposons ici la r\u00e9novation hydraulique d'amortisseurs safrane biturbo, et safrane classique ayant une suspension pilot\u00e9e.","robots":{"index":"index","follow":"follow","max-snippet":"max-snippet:-1","max-image-preview":"max-image-preview:large","max-video-preview":"max-video-preview:-1"},"canonical":"https:\/\/clubsafranebiturbo.fr\/boutique\/produit\/renovation-hydraulique-damortisseurs-safrane\/","og_locale":"fr_FR","og_type":"article","og_title":"R\u00e9novation hydraulique amortisseur safrane - Boutique du Club Safrane Biturbo","og_description":"Nous vous proposons ici la r\u00e9novation hydraulique d'amortisseurs safrane biturbo, et safrane classique ayant une suspension pilot\u00e9e.","og_url":"https:\/\/clubsafranebiturbo.fr\/boutique\/produit\/renovation-hydraulique-damortisseurs-safrane\/","og_site_name":"Boutique du Club Safrane Biturbo","article_modified_time":"2025-12-08T14:52:32+00:00","og_image":[{"width":600,"height":800,"url":"https:\/\/clubsafranebiturbo.fr\/boutique\/wp-content\/uploads\/2021\/02\/rzonov11.jpg","type":"image\/jpeg"}],"twitter_card":"summary_large_image","twitter_site":"@clubsafranebt","twitter_misc":{"Dur\u00e9e de lecture estim\u00e9e":"4 minutes"},"schema":{"@context":"https:\/\/schema.org","@graph":[{"@type":"WebPage","@id":"https:\/\/clubsafranebiturbo.fr\/boutique\/produit\/renovation-hydraulique-damortisseurs-safrane\/","url":"https:\/\/clubsafranebiturbo.fr\/boutique\/produit\/renovation-hydraulique-damortisseurs-safrane\/","name":"R\u00e9novation hydraulique amortisseur safrane - Boutique du Club Safrane Biturbo","isPartOf":{"@id":"https:\/\/clubsafranebiturbo.fr\/boutique\/#website"},"primaryImageOfPage":{"@id":"https:\/\/clubsafranebiturbo.fr\/boutique\/produit\/renovation-hydraulique-damortisseurs-safrane\/#primaryimage"},"image":{"@id":"https:\/\/clubsafranebiturbo.fr\/boutique\/produit\/renovation-hydraulique-damortisseurs-safrane\/#primaryimage"},"thumbnailUrl":"https:\/\/clubsafranebiturbo.fr\/boutique\/wp-content\/uploads\/2021\/02\/rzonov11.jpg","datePublished":"2021-02-18T16:59:32+00:00","dateModified":"2025-12-08T14:52:32+00:00","description":"Nous vous proposons ici la r\u00e9novation hydraulique d'amortisseurs safrane biturbo, et safrane classique ayant une suspension pilot\u00e9e.","breadcrumb":{"@id":"https:\/\/clubsafranebiturbo.fr\/boutique\/produit\/renovation-hydraulique-damortisseurs-safrane\/#breadcrumb"},"inLanguage":"fr-FR","potentialAction":[{"@type":"ReadAction","target":["https:\/\/clubsafranebiturbo.fr\/boutique\/produit\/renovation-hydraulique-damortisseurs-safrane\/"]}]},{"@type":"ImageObject","inLanguage":"fr-FR","@id":"https:\/\/clubsafranebiturbo.fr\/boutique\/produit\/renovation-hydraulique-damortisseurs-safrane\/#primaryimage","url":"https:\/\/clubsafranebiturbo.fr\/boutique\/wp-content\/uploads\/2021\/02\/rzonov11.jpg","contentUrl":"https:\/\/clubsafranebiturbo.fr\/boutique\/wp-content\/uploads\/2021\/02\/rzonov11.jpg","width":600,"height":800,"caption":"R\u00e9novation hydraulique amortisseur safrane"},{"@type":"BreadcrumbList","@id":"https:\/\/clubsafranebiturbo.fr\/boutique\/produit\/renovation-hydraulique-damortisseurs-safrane\/#breadcrumb","itemListElement":[{"@type":"ListItem","position":1,"name":"Accueil","item":"https:\/\/clubsafranebiturbo.fr\/boutique\/"},{"@type":"ListItem","position":2,"name":"Boutique","item":"https:\/\/clubsafranebiturbo.fr\/boutique\/boutique\/"},{"@type":"ListItem","position":3,"name":"R\u00e9novation hydraulique amortisseur safrane"}]},{"@type":"WebSite","@id":"https:\/\/clubsafranebiturbo.fr\/boutique\/#website","url":"https:\/\/clubsafranebiturbo.fr\/boutique\/","name":"Boutique du Club Safrane Biturbo","description":"Vente de pi\u00e8ces de Safrane Biturbo","potentialAction":[{"@type":"SearchAction","target":{"@type":"EntryPoint","urlTemplate":"https:\/\/clubsafranebiturbo.fr\/boutique\/?s={search_term_string}"},"query-input":{"@type":"PropertyValueSpecification","valueRequired":true,"valueName":"search_term_string"}}],"inLanguage":"fr-FR"}]}},"_links":{"self":[{"href":"https:\/\/clubsafranebiturbo.fr\/boutique\/wp-json\/wp\/v2\/product\/2471","targetHints":{"allow":["GET"]}}],"collection":[{"href":"https:\/\/clubsafranebiturbo.fr\/boutique\/wp-json\/wp\/v2\/product"}],"about":[{"href":"https:\/\/clubsafranebiturbo.fr\/boutique\/wp-json\/wp\/v2\/types\/product"}],"replies":[{"embeddable":true,"href":"https:\/\/clubsafranebiturbo.fr\/boutique\/wp-json\/wp\/v2\/comments?post=2471"}],"wp:featuredmedia":[{"embeddable":true,"href":"https:\/\/clubsafranebiturbo.fr\/boutique\/wp-json\/wp\/v2\/media\/2469"}],"wp:attachment":[{"href":"https:\/\/clubsafranebiturbo.fr\/boutique\/wp-json\/wp\/v2\/media?parent=2471"}],"wp:term":[{"taxonomy":"product_brand","embeddable":true,"href":"https:\/\/clubsafranebiturbo.fr\/boutique\/wp-json\/wp\/v2\/product_brand?post=2471"},{"taxonomy":"product_cat","embeddable":true,"href":"https:\/\/clubsafranebiturbo.fr\/boutique\/wp-json\/wp\/v2\/product_cat?post=2471"},{"taxonomy":"product_tag","embeddable":true,"href":"https:\/\/clubsafranebiturbo.fr\/boutique\/wp-json\/wp\/v2\/product_tag?post=2471"}],"curies":[{"name":"wp","href":"https:\/\/api.w.org\/{rel}","templated":true}]}}