{"id":2393,"date":"2020-07-12T03:30:48","date_gmt":"2020-07-12T02:30:48","guid":{"rendered":"https:\/\/clubsafranebiturbo.fr\/boutique\/?post_type=product&#038;p=2393"},"modified":"2025-01-22T20:16:16","modified_gmt":"2025-01-22T19:16:16","slug":"support-rampe-allumage-7700260974","status":"publish","type":"product","link":"https:\/\/clubsafranebiturbo.fr\/boutique\/produit\/support-rampe-allumage-7700260974\/","title":{"rendered":"support rampe allumage 7700260974"},"content":{"rendered":"<h2><span style=\"font-family: arial, helvetica, sans-serif;\">support rampe allumage 7700260974<\/span><\/h2>\n<p style=\"text-align: justify;\"><span style=\"font-family: arial, helvetica, sans-serif;\">Ce support rampe allumage 7700260974 est une pi\u00e8ce d&rsquo;origine Renault. Se monte sur Safrane V6 moteur Z7X. Ces pi\u00e8ces sont neuves. Elle permet de retrouver un compartiment moteur propre, avec le temps beaucoup de nos rampes ont la peinture qui se d\u00e9t\u00e9riore \u00e0 cause de la temp\u00e9rature moteur. Ces pi\u00e8ces ne sont plus disponibles en stock chez Renault.<\/span><br \/>\n<span style=\"font-family: arial, helvetica, sans-serif;\">Pour plus de questions vous pouvez nous contacter via le formulaire de <a href=\"http:\/\/clubsafranebiturbo.fr\/boutique\/contact\/\">contact<\/a> sur la boutique, nous nous efforcerons de r\u00e9pondre \u00e0 toutes vos questions \u00e0 partir du moment ou vos coordonn\u00e9es de contact sont correctes dans les plus brefs d\u00e9lais.<\/span><\/p>\n<h2><span style=\"font-family: arial, helvetica, sans-serif;\">Livraison<\/span><\/h2>\n<p style=\"text-align: justify;\"><span style=\"font-family: arial, helvetica, sans-serif;\">D\u00e9lai de livraison : 7 \u00e0 15 jours apr\u00e8s r\u00e9ception de votre paiement sur nos comptes. Nous vous rappelons que nous sommes une association, et que notre temps libre pr\u00e9vaut sur le temps consacr\u00e9 au Club. Il peut donc arriver que ces d\u00e9lais soient plus long. Pour un traitement plus rapide de votre commande, vous pouvez nous contacter par mail et faire un virement bancaire.<\/span><br \/>\n<span style=\"font-family: arial, helvetica, sans-serif;\">Livraison par collissimo recommand\u00e9 \u00e0 r\u00e9ception du paiement sur nos comptes. Le num\u00e9ro de suivi vous sera transmis et vous serez inform\u00e9 par le site de la poste \u00e0 chaque \u00e9volution dans la livraison du colis. Envoi soign\u00e9 et bien prot\u00e9g\u00e9.<\/span><\/p>\n<h2><span style=\"font-family: arial, helvetica, sans-serif;\">Stock<\/span><\/h2>\n<p style=\"text-align: justify;\"><span style=\"color: #ff0000; font-family: arial, helvetica, sans-serif;\">Ces pi\u00e8ces sont pr\u00e9sentes dans notre stock, vous serez donc assur\u00e9 de la livraison et ne recevrez pas de mail vous informant que nous sommes en rupture. Si les pi\u00e8ces ne sont pas disponibles vous ne pourrez tout simplement pas les commander. A noter que nous sommes une association et faisons cela sur notre temps libre, il est donc possible que de temps en temps les r\u00e9ponses ou les d\u00e9lais de livraison soient plus long que la normale.<\/span><\/p>\n<p>&nbsp;<\/p>\n<p style=\"text-align: center;\"><span style=\"font-family: arial, helvetica, sans-serif;\"><a href=\"https:\/\/clubsafranebiturbo.fr\/boutique\/wp-content\/uploads\/2020\/07\/support-rampe-d\u2019allumage-7700260974-photo-3.jpg\"><img loading=\"lazy\" decoding=\"async\" class=\" wp-image-2396 aligncenter\" src=\"https:\/\/clubsafranebiturbo.fr\/boutique\/wp-content\/uploads\/2020\/07\/support-rampe-d\u2019allumage-7700260974-photo-3.jpg\" alt=\"support rampe d\u2019allumage 7700260974\" width=\"322\" height=\"242\" srcset=\"https:\/\/clubsafranebiturbo.fr\/boutique\/wp-content\/uploads\/2020\/07\/support-rampe-d\u2019allumage-7700260974-photo-3.jpg 800w, https:\/\/clubsafranebiturbo.fr\/boutique\/wp-content\/uploads\/2020\/07\/support-rampe-d\u2019allumage-7700260974-photo-3-600x450.jpg 600w, https:\/\/clubsafranebiturbo.fr\/boutique\/wp-content\/uploads\/2020\/07\/support-rampe-d\u2019allumage-7700260974-photo-3-300x225.jpg 300w, https:\/\/clubsafranebiturbo.fr\/boutique\/wp-content\/uploads\/2020\/07\/support-rampe-d\u2019allumage-7700260974-photo-3-768x576.jpg 768w, https:\/\/clubsafranebiturbo.fr\/boutique\/wp-content\/uploads\/2020\/07\/support-rampe-d\u2019allumage-7700260974-photo-3-320x240.jpg 320w\" sizes=\"auto, (max-width: 322px) 100vw, 322px\" \/><\/a><\/span><\/p>\n<p>&nbsp;<\/p>\n<p><span style=\"font-family: arial, helvetica, sans-serif;\"><a href=\"https:\/\/clubsafranebiturbo.fr\/boutique\/produit\/support-rampe-dallumage-7700260974\/\">https:\/\/clubsafranebiturbo.fr\/boutique\/produit\/support-rampe-dallumage-7700260974\/<\/a><\/span><\/p>\n<p><span style=\"font-family: arial, helvetica, sans-serif;\"><a href=\"http:\/\/clubsafranebiturbo.fr\/\">http:\/\/clubsafranebiturbo.fr\/<\/a><\/span><\/p>\n<p>&nbsp;<\/p>\n","protected":false},"excerpt":{"rendered":"<p>support rampe allumage 7700260974 Ce support rampe allumage 7700260974 est une pi\u00e8ce d&rsquo;origine Renault. Se monte sur Safrane V6 moteur Z7X. Ces pi\u00e8ces sont neuves. Elle permet de retrouver un compartiment moteur propre, avec le temps beaucoup de nos rampes ont la peinture qui se d\u00e9t\u00e9riore \u00e0 cause de la temp\u00e9rature moteur. Ces pi\u00e8ces ne [&hellip;]<\/p>\n","protected":false},"featured_media":2396,"comment_status":"open","ping_status":"closed","template":"","meta":[],"product_brand":[],"product_cat":[16,116,25,120,72,73,78],"product_tag":[],"class_list":{"0":"post-2393","1":"product","2":"type-product","3":"status-publish","4":"has-post-thumbnail","6":"product_cat-mecanique-safrane-biturbo","7":"product_cat-mecanique-safrane-quadra-renault-2","8":"product_cat-moteur-safrane-biturbo","9":"product_cat-moteur-mecanique-safrane-quadra-renault-2","10":"product_cat-renault-2","11":"product_cat-safrane","12":"product_cat-safrane-quadra-renault-2","14":"first","15":"instock","16":"taxable","17":"shipping-taxable","18":"purchasable","19":"product-type-simple"},"yoast_head":"<!-- This site is optimized with the Yoast SEO plugin v27.5 - https:\/\/yoast.com\/product\/yoast-seo-wordpress\/ -->\n<title>support rampe allumage 7700260974 - Boutique du Club Safrane Biturbo<\/title>\n<meta name=\"description\" content=\"Ce support rampe allumage 7700260974 est une pi\u00e8ce d&#039;origine Renault. Se monte sur Safrane V6 moteur Z7X. Ces pi\u00e8ces sont neuves.\" \/>\n<meta name=\"robots\" content=\"index, follow, max-snippet:-1, max-image-preview:large, max-video-preview:-1\" \/>\n<link rel=\"canonical\" href=\"https:\/\/clubsafranebiturbo.fr\/boutique\/produit\/support-rampe-allumage-7700260974\/\" \/>\n<meta property=\"og:locale\" content=\"fr_FR\" \/>\n<meta property=\"og:type\" content=\"article\" \/>\n<meta property=\"og:title\" content=\"support rampe allumage 7700260974 - Boutique du Club Safrane Biturbo\" \/>\n<meta property=\"og:description\" content=\"Ce support rampe allumage 7700260974 est une pi\u00e8ce d&#039;origine Renault. Se monte sur Safrane V6 moteur Z7X. Ces pi\u00e8ces sont neuves.\" \/>\n<meta property=\"og:url\" content=\"https:\/\/clubsafranebiturbo.fr\/boutique\/produit\/support-rampe-allumage-7700260974\/\" \/>\n<meta property=\"og:site_name\" content=\"Boutique du Club Safrane Biturbo\" \/>\n<meta property=\"article:modified_time\" content=\"2025-01-22T19:16:16+00:00\" \/>\n<meta property=\"og:image\" content=\"https:\/\/clubsafranebiturbo.fr\/boutique\/wp-content\/uploads\/2020\/07\/support-rampe-d\u2019allumage-7700260974-photo-3.jpg\" \/>\n\t<meta property=\"og:image:width\" content=\"800\" \/>\n\t<meta property=\"og:image:height\" content=\"600\" \/>\n\t<meta property=\"og:image:type\" content=\"image\/jpeg\" \/>\n<meta name=\"twitter:card\" content=\"summary_large_image\" \/>\n<meta name=\"twitter:site\" content=\"@clubsafranebt\" \/>\n<meta name=\"twitter:label1\" content=\"Dur\u00e9e de lecture estim\u00e9e\" \/>\n\t<meta name=\"twitter:data1\" content=\"2 minutes\" \/>\n<script type=\"application\/ld+json\" class=\"yoast-schema-graph\">{\"@context\":\"https:\\\/\\\/schema.org\",\"@graph\":[{\"@type\":\"WebPage\",\"@id\":\"https:\\\/\\\/clubsafranebiturbo.fr\\\/boutique\\\/produit\\\/support-rampe-allumage-7700260974\\\/\",\"url\":\"https:\\\/\\\/clubsafranebiturbo.fr\\\/boutique\\\/produit\\\/support-rampe-allumage-7700260974\\\/\",\"name\":\"support rampe allumage 7700260974 - Boutique du Club Safrane Biturbo\",\"isPartOf\":{\"@id\":\"https:\\\/\\\/clubsafranebiturbo.fr\\\/boutique\\\/#website\"},\"primaryImageOfPage\":{\"@id\":\"https:\\\/\\\/clubsafranebiturbo.fr\\\/boutique\\\/produit\\\/support-rampe-allumage-7700260974\\\/#primaryimage\"},\"image\":{\"@id\":\"https:\\\/\\\/clubsafranebiturbo.fr\\\/boutique\\\/produit\\\/support-rampe-allumage-7700260974\\\/#primaryimage\"},\"thumbnailUrl\":\"https:\\\/\\\/clubsafranebiturbo.fr\\\/boutique\\\/wp-content\\\/uploads\\\/2020\\\/07\\\/support-rampe-d\u2019allumage-7700260974-photo-3.jpg\",\"datePublished\":\"2020-07-12T02:30:48+00:00\",\"dateModified\":\"2025-01-22T19:16:16+00:00\",\"description\":\"Ce support rampe allumage 7700260974 est une pi\u00e8ce d'origine Renault. Se monte sur Safrane V6 moteur Z7X. Ces pi\u00e8ces sont neuves.\",\"breadcrumb\":{\"@id\":\"https:\\\/\\\/clubsafranebiturbo.fr\\\/boutique\\\/produit\\\/support-rampe-allumage-7700260974\\\/#breadcrumb\"},\"inLanguage\":\"fr-FR\",\"potentialAction\":[{\"@type\":\"ReadAction\",\"target\":[\"https:\\\/\\\/clubsafranebiturbo.fr\\\/boutique\\\/produit\\\/support-rampe-allumage-7700260974\\\/\"]}]},{\"@type\":\"ImageObject\",\"inLanguage\":\"fr-FR\",\"@id\":\"https:\\\/\\\/clubsafranebiturbo.fr\\\/boutique\\\/produit\\\/support-rampe-allumage-7700260974\\\/#primaryimage\",\"url\":\"https:\\\/\\\/clubsafranebiturbo.fr\\\/boutique\\\/wp-content\\\/uploads\\\/2020\\\/07\\\/support-rampe-d\u2019allumage-7700260974-photo-3.jpg\",\"contentUrl\":\"https:\\\/\\\/clubsafranebiturbo.fr\\\/boutique\\\/wp-content\\\/uploads\\\/2020\\\/07\\\/support-rampe-d\u2019allumage-7700260974-photo-3.jpg\",\"width\":800,\"height\":600,\"caption\":\"support rampe allumage 7700260974\"},{\"@type\":\"BreadcrumbList\",\"@id\":\"https:\\\/\\\/clubsafranebiturbo.fr\\\/boutique\\\/produit\\\/support-rampe-allumage-7700260974\\\/#breadcrumb\",\"itemListElement\":[{\"@type\":\"ListItem\",\"position\":1,\"name\":\"Accueil\",\"item\":\"https:\\\/\\\/clubsafranebiturbo.fr\\\/boutique\\\/\"},{\"@type\":\"ListItem\",\"position\":2,\"name\":\"Boutique\",\"item\":\"https:\\\/\\\/clubsafranebiturbo.fr\\\/boutique\\\/boutique\\\/\"},{\"@type\":\"ListItem\",\"position\":3,\"name\":\"support rampe allumage 7700260974\"}]},{\"@type\":\"WebSite\",\"@id\":\"https:\\\/\\\/clubsafranebiturbo.fr\\\/boutique\\\/#website\",\"url\":\"https:\\\/\\\/clubsafranebiturbo.fr\\\/boutique\\\/\",\"name\":\"Boutique du Club Safrane Biturbo\",\"description\":\"Vente de pi\u00e8ces de Safrane Biturbo\",\"potentialAction\":[{\"@type\":\"SearchAction\",\"target\":{\"@type\":\"EntryPoint\",\"urlTemplate\":\"https:\\\/\\\/clubsafranebiturbo.fr\\\/boutique\\\/?s={search_term_string}\"},\"query-input\":{\"@type\":\"PropertyValueSpecification\",\"valueRequired\":true,\"valueName\":\"search_term_string\"}}],\"inLanguage\":\"fr-FR\"}]}<\/script>\n<!-- \/ Yoast SEO plugin. -->","yoast_head_json":{"title":"support rampe allumage 7700260974 - Boutique du Club Safrane Biturbo","description":"Ce support rampe allumage 7700260974 est une pi\u00e8ce d'origine Renault. Se monte sur Safrane V6 moteur Z7X. Ces pi\u00e8ces sont neuves.","robots":{"index":"index","follow":"follow","max-snippet":"max-snippet:-1","max-image-preview":"max-image-preview:large","max-video-preview":"max-video-preview:-1"},"canonical":"https:\/\/clubsafranebiturbo.fr\/boutique\/produit\/support-rampe-allumage-7700260974\/","og_locale":"fr_FR","og_type":"article","og_title":"support rampe allumage 7700260974 - Boutique du Club Safrane Biturbo","og_description":"Ce support rampe allumage 7700260974 est une pi\u00e8ce d'origine Renault. Se monte sur Safrane V6 moteur Z7X. Ces pi\u00e8ces sont neuves.","og_url":"https:\/\/clubsafranebiturbo.fr\/boutique\/produit\/support-rampe-allumage-7700260974\/","og_site_name":"Boutique du Club Safrane Biturbo","article_modified_time":"2025-01-22T19:16:16+00:00","og_image":[{"width":800,"height":600,"url":"https:\/\/clubsafranebiturbo.fr\/boutique\/wp-content\/uploads\/2020\/07\/support-rampe-d\u2019allumage-7700260974-photo-3.jpg","type":"image\/jpeg"}],"twitter_card":"summary_large_image","twitter_site":"@clubsafranebt","twitter_misc":{"Dur\u00e9e de lecture estim\u00e9e":"2 minutes"},"schema":{"@context":"https:\/\/schema.org","@graph":[{"@type":"WebPage","@id":"https:\/\/clubsafranebiturbo.fr\/boutique\/produit\/support-rampe-allumage-7700260974\/","url":"https:\/\/clubsafranebiturbo.fr\/boutique\/produit\/support-rampe-allumage-7700260974\/","name":"support rampe allumage 7700260974 - Boutique du Club Safrane Biturbo","isPartOf":{"@id":"https:\/\/clubsafranebiturbo.fr\/boutique\/#website"},"primaryImageOfPage":{"@id":"https:\/\/clubsafranebiturbo.fr\/boutique\/produit\/support-rampe-allumage-7700260974\/#primaryimage"},"image":{"@id":"https:\/\/clubsafranebiturbo.fr\/boutique\/produit\/support-rampe-allumage-7700260974\/#primaryimage"},"thumbnailUrl":"https:\/\/clubsafranebiturbo.fr\/boutique\/wp-content\/uploads\/2020\/07\/support-rampe-d\u2019allumage-7700260974-photo-3.jpg","datePublished":"2020-07-12T02:30:48+00:00","dateModified":"2025-01-22T19:16:16+00:00","description":"Ce support rampe allumage 7700260974 est une pi\u00e8ce d'origine Renault. Se monte sur Safrane V6 moteur Z7X. Ces pi\u00e8ces sont neuves.","breadcrumb":{"@id":"https:\/\/clubsafranebiturbo.fr\/boutique\/produit\/support-rampe-allumage-7700260974\/#breadcrumb"},"inLanguage":"fr-FR","potentialAction":[{"@type":"ReadAction","target":["https:\/\/clubsafranebiturbo.fr\/boutique\/produit\/support-rampe-allumage-7700260974\/"]}]},{"@type":"ImageObject","inLanguage":"fr-FR","@id":"https:\/\/clubsafranebiturbo.fr\/boutique\/produit\/support-rampe-allumage-7700260974\/#primaryimage","url":"https:\/\/clubsafranebiturbo.fr\/boutique\/wp-content\/uploads\/2020\/07\/support-rampe-d\u2019allumage-7700260974-photo-3.jpg","contentUrl":"https:\/\/clubsafranebiturbo.fr\/boutique\/wp-content\/uploads\/2020\/07\/support-rampe-d\u2019allumage-7700260974-photo-3.jpg","width":800,"height":600,"caption":"support rampe allumage 7700260974"},{"@type":"BreadcrumbList","@id":"https:\/\/clubsafranebiturbo.fr\/boutique\/produit\/support-rampe-allumage-7700260974\/#breadcrumb","itemListElement":[{"@type":"ListItem","position":1,"name":"Accueil","item":"https:\/\/clubsafranebiturbo.fr\/boutique\/"},{"@type":"ListItem","position":2,"name":"Boutique","item":"https:\/\/clubsafranebiturbo.fr\/boutique\/boutique\/"},{"@type":"ListItem","position":3,"name":"support rampe allumage 7700260974"}]},{"@type":"WebSite","@id":"https:\/\/clubsafranebiturbo.fr\/boutique\/#website","url":"https:\/\/clubsafranebiturbo.fr\/boutique\/","name":"Boutique du Club Safrane Biturbo","description":"Vente de pi\u00e8ces de Safrane Biturbo","potentialAction":[{"@type":"SearchAction","target":{"@type":"EntryPoint","urlTemplate":"https:\/\/clubsafranebiturbo.fr\/boutique\/?s={search_term_string}"},"query-input":{"@type":"PropertyValueSpecification","valueRequired":true,"valueName":"search_term_string"}}],"inLanguage":"fr-FR"}]}},"_links":{"self":[{"href":"https:\/\/clubsafranebiturbo.fr\/boutique\/wp-json\/wp\/v2\/product\/2393","targetHints":{"allow":["GET"]}}],"collection":[{"href":"https:\/\/clubsafranebiturbo.fr\/boutique\/wp-json\/wp\/v2\/product"}],"about":[{"href":"https:\/\/clubsafranebiturbo.fr\/boutique\/wp-json\/wp\/v2\/types\/product"}],"replies":[{"embeddable":true,"href":"https:\/\/clubsafranebiturbo.fr\/boutique\/wp-json\/wp\/v2\/comments?post=2393"}],"wp:featuredmedia":[{"embeddable":true,"href":"https:\/\/clubsafranebiturbo.fr\/boutique\/wp-json\/wp\/v2\/media\/2396"}],"wp:attachment":[{"href":"https:\/\/clubsafranebiturbo.fr\/boutique\/wp-json\/wp\/v2\/media?parent=2393"}],"wp:term":[{"taxonomy":"product_brand","embeddable":true,"href":"https:\/\/clubsafranebiturbo.fr\/boutique\/wp-json\/wp\/v2\/product_brand?post=2393"},{"taxonomy":"product_cat","embeddable":true,"href":"https:\/\/clubsafranebiturbo.fr\/boutique\/wp-json\/wp\/v2\/product_cat?post=2393"},{"taxonomy":"product_tag","embeddable":true,"href":"https:\/\/clubsafranebiturbo.fr\/boutique\/wp-json\/wp\/v2\/product_tag?post=2393"}],"curies":[{"name":"wp","href":"https:\/\/api.w.org\/{rel}","templated":true}]}}