{"id":1843,"date":"2017-01-10T03:10:06","date_gmt":"2017-01-10T02:10:06","guid":{"rendered":"http:\/\/clubsafranebiturbo.fr\/boutique\/?post_type=product&#038;p=1843"},"modified":"2026-03-01T13:26:58","modified_gmt":"2026-03-01T12:26:58","slug":"sertissage-amortisseur-avant","status":"publish","type":"product","link":"https:\/\/clubsafranebiturbo.fr\/boutique\/produit\/sertissage-amortisseur-avant\/","title":{"rendered":"Sertissage amortisseur avant"},"content":{"rendered":"<h2>Sertissage amortisseur avant<\/h2>\n<p>Nous vous proposons ici le Sertissage amortisseur avant. Le club est \u00e9quip\u00e9 de l&rsquo;outillage permettant le sertissage de vos chaussettes ou membrane pneumatique sur vos amortisseurs par une machine sp\u00e9cifique.<br \/>\nNous vous proposons plusieurs formules de r\u00e9novation. Ces formules ne concernent que la r\u00e9novation de la partie pneumatique de votre amortisseur.<\/p>\n<h2 style=\"text-align: justify;\">Le premi\u00e8re formule est la \u00ab\u00a0<strong>RN<\/strong>\u00ab\u00a0, cette formule comprend :<\/h2>\n<ul style=\"text-align: justify;\">\n<li>La fourniture de la chaussette pour votre amortisseur avec la bague basse et la bague haute d\u00e9montable.<\/li>\n<li>Le sertissage de la chaussette (la zone de pose de la chaussette devra \u00eatre en parfait \u00e9tat, non rouill\u00e9e). Il est n\u00e9cessaire de prendre contact avec nous pour nous montrer l\u2019\u00e9tat avant de passer commande avec cette formule.<\/li>\n<li>Le joint neuf pour la r\u00e9serve d&rsquo;air.<\/li>\n<li>Le test en \u00e9tanch\u00e9it\u00e9 de celui-ci apr\u00e8s r\u00e9novation.<\/li>\n<\/ul>\n<p>&nbsp;<\/p>\n<h2 style=\"text-align: justify;\">La deuxi\u00e8me formule est la \u00ab\u00a0<strong>BACCARA<\/strong>\u00ab\u00a0, cette formule comprend :<\/h2>\n<ul style=\"text-align: justify;\">\n<li>La fourniture de la chaussette pour votre amortisseur avec la bague basse et la bague haute d\u00e9montable.<\/li>\n<li>Le sertissage de la chaussette.<\/li>\n<li>Le joint neuf pour la r\u00e9serve d&rsquo;air.<\/li>\n<li>Le bichromatage de votre r\u00e9serve d&rsquo;air pour redonner un aspect neuf et de toutes les pi\u00e8ces n\u00e9cessaires au montage de la r\u00e9serve d&rsquo;air.<\/li>\n<li>La mise en peinture de l&rsquo;amortisseur, des pattes de fixation des c\u00e2bles des \u00e9lectrovannes hydrauliques.<\/li>\n<li>Le test en \u00e9tanch\u00e9it\u00e9 de celui-ci apr\u00e8s r\u00e9novation.<\/li>\n<\/ul>\n<p>&nbsp;<\/p>\n<h2 style=\"text-align: justify;\">La troisi\u00e8me formule est la \u00ab\u00a0<strong>BACCARA LUXE<\/strong>\u00ab\u00a0, cette formule comprend :<\/h2>\n<ul style=\"text-align: justify;\">\n<li>La fourniture de la chaussette pour votre amortisseur avec la bague basse et la bague haute d\u00e9montable.<\/li>\n<li>Le sertissage de la chaussette Amortisseur fourni complet avec ressort et coupelles.<\/li>\n<li>Le joint neuf pour la r\u00e9serve d&rsquo;air.<\/li>\n<li>Le bichromatage de votre r\u00e9serve d&rsquo;air et de votre but\u00e9e tournante pour redonner un aspect neuf et de toutes les pi\u00e8ces n\u00e9cessaires au montage de la r\u00e9serve d&rsquo;air.<\/li>\n<li>Le d\u00e9montage, le nettoyage et le graissage de votre but\u00e9e tournante.<\/li>\n<li>La mise en peinture totale de l&rsquo;amortisseur, des pattes de fixation des c\u00e2bles des \u00e9lectrovannes hydrauliques, du ressort et de la coupelle.<\/li>\n<li>La visserie et les rondelles \u00e9lastiques neuves en inox pour \u00e9viter la rouille de tout l&rsquo;amortisseur.<\/li>\n<li>Le remontage complet de votre amortisseur pr\u00eat \u00e0 \u00eatre remis en place sur votre voiture.<\/li>\n<li>Le test en \u00e9tanch\u00e9it\u00e9 de celui-ci apr\u00e8s r\u00e9novation.<\/li>\n<\/ul>\n<p>Les diff\u00e9rentes photos vous montrent ce qui est fait sur un amortisseur r\u00e9nov\u00e9 et le r\u00e9sultat final. Vous pouvez consulter le sujet sur le forum qui parle de ces diff\u00e9rents sertissages. <a href=\"https:\/\/safrane-biturbo.1fr1.net\/t3599-projet-en-cours-sertissage-amortisseurs\">https:\/\/safrane-biturbo.1fr1.net\/t3599-projet-en-cours-sertissage-amortisseurs<\/a><\/p>\n<p>Une r\u00e9novation compl\u00e8te est fortement conseiller, il faut \u00e9galement faire la r\u00e9novation hydraulique, apr\u00e8s tant d&rsquo;ann\u00e9e, cela est indispensable. Nous pouvons \u00e9changer pour vous expliquer pourquoi c&rsquo;est fortement conseill\u00e9.<\/p>\n<h2>Livraison<\/h2>\n<p style=\"text-align: justify;\">D\u00e9lai de livraison : Ce projet de r\u00e9novation est long, cela demande g\u00e9n\u00e9ralement minimum trois \u00e0 six mois de traitement entre tous les fournisseurs \u00e0 aller voir et le renvoi de l&rsquo;amortisseur r\u00e9nov\u00e9. Avant de commander il est pr\u00e9f\u00e9rable de nous contacter par mail pour en parler et voir comment on peut faire pour am\u00e9liorer le temps de traitement. Au vue de la raret\u00e9 des pi\u00e8ces, nous pr\u00e9f\u00e9rons la remise en main propre pour ce genre de prestation. Ce d\u00e9lai d\u00e9pend \u00e9norm\u00e9ment du temps libre que nous consacrons au club, nous vous le rappelons, nous sommes une association et faisons cela sur nos temps de repos au d\u00e9triment de notre vie professionnelle et personnelle.<\/p>\n<p style=\"text-align: justify;\">Livraison par colissimo recommand\u00e9 \u00e0 r\u00e9ception du paiement sur nos comptes. Le num\u00e9ro de suivi vous sera transmis et vous serez inform\u00e9 par le site de la poste \u00e0 chaque \u00e9volution dans la livraison du colis. Envoi soign\u00e9 et bien prot\u00e9g\u00e9. Une remise en main propre peut \u00eatre choisie si vous \u00eates proche de la r\u00e9gion parisienne. Avant de choisir cette m\u00e9thode de livraison, merci de prendre contact avec nous pour voir si cela est possible.<\/p>\n<p><strong><span style=\"color: #ff0000;\">Les frais de livraison sont mal calcul\u00e9s pour cet article par le site. Il est n\u00e9cessaire de nous joindre par le formulaire de contact avant de faire le paiement pour que l&rsquo;on v\u00e9rifie le prix.<\/span><\/strong><\/p>\n<p><strong><span style=\"color: #ff0000;\">Si vous choisissez une exp\u00e9dition pour que nous vous renvoyons vos amortisseurs, sachez que nous assurons nos colis. Au vue du poids et du co\u00fbt de la livraison pour ce poids, le prix sera cons\u00e9quent. Nous pouvons \u00e9ventuellement envoyer en relais colis, il faudra prendre contact avec nous.<\/span><\/strong><\/p>\n<p>&nbsp;<\/p>\n<p><a href=\"https:\/\/www.facebook.com\/profile.php?id=100086315447468\">https:\/\/www.facebook.com\/profile.php?id=100086315447468<\/a><\/p>\n<p><a href=\"http:\/\/clubsafranebiturbo.fr\/\" target=\"_blank\" rel=\"noopener noreferrer\">http:\/\/clubsafranebiturbo.fr\/<\/a><\/p>\n<p>&nbsp;<\/p>\n","protected":false},"excerpt":{"rendered":"<p>Sertissage amortisseur avant Nous vous proposons ici le Sertissage amortisseur avant. Le club est \u00e9quip\u00e9 de l&rsquo;outillage permettant le sertissage de vos chaussettes ou membrane pneumatique sur vos amortisseurs par une machine sp\u00e9cifique. Nous vous proposons plusieurs formules de r\u00e9novation. Ces formules ne concernent que la r\u00e9novation de la partie pneumatique de votre amortisseur. Le [&hellip;]<\/p>\n","protected":false},"featured_media":1921,"comment_status":"open","ping_status":"closed","template":"","meta":[],"product_brand":[],"product_cat":[16,116,72,73,78,123,26,121],"product_tag":[],"class_list":{"0":"post-1843","1":"product","2":"type-product","3":"status-publish","4":"has-post-thumbnail","6":"product_cat-mecanique-safrane-biturbo","7":"product_cat-mecanique-safrane-quadra-renault-2","8":"product_cat-renault-2","9":"product_cat-safrane","10":"product_cat-safrane-quadra-renault-2","11":"product_cat-services-mecaniques","12":"product_cat-suspension-safrane-biturbo","13":"product_cat-suspension-mecanique-safrane-quadra-renault-2","15":"first","16":"instock","17":"taxable","18":"shipping-taxable","19":"purchasable","20":"product-type-variable"},"yoast_head":"<!-- This site is optimized with the Yoast SEO plugin v27.5 - https:\/\/yoast.com\/product\/yoast-seo-wordpress\/ -->\n<title>Sertissage amortisseur avant - Boutique du Club Safrane Biturbo<\/title>\n<meta name=\"description\" content=\"Nous vous proposons ici le Sertissage amortisseur avant. Le club est \u00e9quiper de l&#039;outillage permettant le sertissage de vos chaussettes.\" \/>\n<meta name=\"robots\" content=\"index, follow, max-snippet:-1, max-image-preview:large, max-video-preview:-1\" \/>\n<link rel=\"canonical\" href=\"https:\/\/clubsafranebiturbo.fr\/boutique\/produit\/sertissage-amortisseur-avant\/\" \/>\n<meta property=\"og:locale\" content=\"fr_FR\" \/>\n<meta property=\"og:type\" content=\"article\" \/>\n<meta property=\"og:title\" content=\"Sertissage amortisseur avant - Boutique du Club Safrane Biturbo\" \/>\n<meta property=\"og:description\" content=\"Nous vous proposons ici le Sertissage amortisseur avant. Le club est \u00e9quiper de l&#039;outillage permettant le sertissage de vos chaussettes.\" \/>\n<meta property=\"og:url\" content=\"https:\/\/clubsafranebiturbo.fr\/boutique\/produit\/sertissage-amortisseur-avant\/\" \/>\n<meta property=\"og:site_name\" content=\"Boutique du Club Safrane Biturbo\" \/>\n<meta property=\"article:modified_time\" content=\"2026-03-01T12:26:58+00:00\" \/>\n<meta property=\"og:image\" content=\"https:\/\/clubsafranebiturbo.fr\/boutique\/wp-content\/uploads\/2017\/09\/sertissage-amortisseur-avant-1.jpg\" \/>\n\t<meta property=\"og:image:width\" content=\"800\" \/>\n\t<meta property=\"og:image:height\" content=\"1067\" \/>\n\t<meta property=\"og:image:type\" content=\"image\/jpeg\" \/>\n<meta name=\"twitter:card\" content=\"summary_large_image\" \/>\n<meta name=\"twitter:site\" content=\"@clubsafranebt\" \/>\n<meta name=\"twitter:label1\" content=\"Dur\u00e9e de lecture estim\u00e9e\" \/>\n\t<meta name=\"twitter:data1\" content=\"4 minutes\" \/>\n<script type=\"application\/ld+json\" class=\"yoast-schema-graph\">{\"@context\":\"https:\\\/\\\/schema.org\",\"@graph\":[{\"@type\":\"WebPage\",\"@id\":\"https:\\\/\\\/clubsafranebiturbo.fr\\\/boutique\\\/produit\\\/sertissage-amortisseur-avant\\\/\",\"url\":\"https:\\\/\\\/clubsafranebiturbo.fr\\\/boutique\\\/produit\\\/sertissage-amortisseur-avant\\\/\",\"name\":\"Sertissage amortisseur avant - Boutique du Club Safrane Biturbo\",\"isPartOf\":{\"@id\":\"https:\\\/\\\/clubsafranebiturbo.fr\\\/boutique\\\/#website\"},\"primaryImageOfPage\":{\"@id\":\"https:\\\/\\\/clubsafranebiturbo.fr\\\/boutique\\\/produit\\\/sertissage-amortisseur-avant\\\/#primaryimage\"},\"image\":{\"@id\":\"https:\\\/\\\/clubsafranebiturbo.fr\\\/boutique\\\/produit\\\/sertissage-amortisseur-avant\\\/#primaryimage\"},\"thumbnailUrl\":\"https:\\\/\\\/clubsafranebiturbo.fr\\\/boutique\\\/wp-content\\\/uploads\\\/2017\\\/09\\\/sertissage-amortisseur-avant-1.jpg\",\"datePublished\":\"2017-01-10T02:10:06+00:00\",\"dateModified\":\"2026-03-01T12:26:58+00:00\",\"description\":\"Nous vous proposons ici le Sertissage amortisseur avant. Le club est \u00e9quiper de l'outillage permettant le sertissage de vos chaussettes.\",\"breadcrumb\":{\"@id\":\"https:\\\/\\\/clubsafranebiturbo.fr\\\/boutique\\\/produit\\\/sertissage-amortisseur-avant\\\/#breadcrumb\"},\"inLanguage\":\"fr-FR\",\"potentialAction\":[{\"@type\":\"ReadAction\",\"target\":[\"https:\\\/\\\/clubsafranebiturbo.fr\\\/boutique\\\/produit\\\/sertissage-amortisseur-avant\\\/\"]}]},{\"@type\":\"ImageObject\",\"inLanguage\":\"fr-FR\",\"@id\":\"https:\\\/\\\/clubsafranebiturbo.fr\\\/boutique\\\/produit\\\/sertissage-amortisseur-avant\\\/#primaryimage\",\"url\":\"https:\\\/\\\/clubsafranebiturbo.fr\\\/boutique\\\/wp-content\\\/uploads\\\/2017\\\/09\\\/sertissage-amortisseur-avant-1.jpg\",\"contentUrl\":\"https:\\\/\\\/clubsafranebiturbo.fr\\\/boutique\\\/wp-content\\\/uploads\\\/2017\\\/09\\\/sertissage-amortisseur-avant-1.jpg\",\"width\":800,\"height\":1067},{\"@type\":\"BreadcrumbList\",\"@id\":\"https:\\\/\\\/clubsafranebiturbo.fr\\\/boutique\\\/produit\\\/sertissage-amortisseur-avant\\\/#breadcrumb\",\"itemListElement\":[{\"@type\":\"ListItem\",\"position\":1,\"name\":\"Accueil\",\"item\":\"https:\\\/\\\/clubsafranebiturbo.fr\\\/boutique\\\/\"},{\"@type\":\"ListItem\",\"position\":2,\"name\":\"Boutique\",\"item\":\"https:\\\/\\\/clubsafranebiturbo.fr\\\/boutique\\\/boutique\\\/\"},{\"@type\":\"ListItem\",\"position\":3,\"name\":\"Sertissage amortisseur avant\"}]},{\"@type\":\"WebSite\",\"@id\":\"https:\\\/\\\/clubsafranebiturbo.fr\\\/boutique\\\/#website\",\"url\":\"https:\\\/\\\/clubsafranebiturbo.fr\\\/boutique\\\/\",\"name\":\"Boutique du Club Safrane Biturbo\",\"description\":\"Vente de pi\u00e8ces de Safrane Biturbo\",\"potentialAction\":[{\"@type\":\"SearchAction\",\"target\":{\"@type\":\"EntryPoint\",\"urlTemplate\":\"https:\\\/\\\/clubsafranebiturbo.fr\\\/boutique\\\/?s={search_term_string}\"},\"query-input\":{\"@type\":\"PropertyValueSpecification\",\"valueRequired\":true,\"valueName\":\"search_term_string\"}}],\"inLanguage\":\"fr-FR\"}]}<\/script>\n<!-- \/ Yoast SEO plugin. -->","yoast_head_json":{"title":"Sertissage amortisseur avant - Boutique du Club Safrane Biturbo","description":"Nous vous proposons ici le Sertissage amortisseur avant. Le club est \u00e9quiper de l'outillage permettant le sertissage de vos chaussettes.","robots":{"index":"index","follow":"follow","max-snippet":"max-snippet:-1","max-image-preview":"max-image-preview:large","max-video-preview":"max-video-preview:-1"},"canonical":"https:\/\/clubsafranebiturbo.fr\/boutique\/produit\/sertissage-amortisseur-avant\/","og_locale":"fr_FR","og_type":"article","og_title":"Sertissage amortisseur avant - Boutique du Club Safrane Biturbo","og_description":"Nous vous proposons ici le Sertissage amortisseur avant. Le club est \u00e9quiper de l'outillage permettant le sertissage de vos chaussettes.","og_url":"https:\/\/clubsafranebiturbo.fr\/boutique\/produit\/sertissage-amortisseur-avant\/","og_site_name":"Boutique du Club Safrane Biturbo","article_modified_time":"2026-03-01T12:26:58+00:00","og_image":[{"width":800,"height":1067,"url":"https:\/\/clubsafranebiturbo.fr\/boutique\/wp-content\/uploads\/2017\/09\/sertissage-amortisseur-avant-1.jpg","type":"image\/jpeg"}],"twitter_card":"summary_large_image","twitter_site":"@clubsafranebt","twitter_misc":{"Dur\u00e9e de lecture estim\u00e9e":"4 minutes"},"schema":{"@context":"https:\/\/schema.org","@graph":[{"@type":"WebPage","@id":"https:\/\/clubsafranebiturbo.fr\/boutique\/produit\/sertissage-amortisseur-avant\/","url":"https:\/\/clubsafranebiturbo.fr\/boutique\/produit\/sertissage-amortisseur-avant\/","name":"Sertissage amortisseur avant - Boutique du Club Safrane Biturbo","isPartOf":{"@id":"https:\/\/clubsafranebiturbo.fr\/boutique\/#website"},"primaryImageOfPage":{"@id":"https:\/\/clubsafranebiturbo.fr\/boutique\/produit\/sertissage-amortisseur-avant\/#primaryimage"},"image":{"@id":"https:\/\/clubsafranebiturbo.fr\/boutique\/produit\/sertissage-amortisseur-avant\/#primaryimage"},"thumbnailUrl":"https:\/\/clubsafranebiturbo.fr\/boutique\/wp-content\/uploads\/2017\/09\/sertissage-amortisseur-avant-1.jpg","datePublished":"2017-01-10T02:10:06+00:00","dateModified":"2026-03-01T12:26:58+00:00","description":"Nous vous proposons ici le Sertissage amortisseur avant. Le club est \u00e9quiper de l'outillage permettant le sertissage de vos chaussettes.","breadcrumb":{"@id":"https:\/\/clubsafranebiturbo.fr\/boutique\/produit\/sertissage-amortisseur-avant\/#breadcrumb"},"inLanguage":"fr-FR","potentialAction":[{"@type":"ReadAction","target":["https:\/\/clubsafranebiturbo.fr\/boutique\/produit\/sertissage-amortisseur-avant\/"]}]},{"@type":"ImageObject","inLanguage":"fr-FR","@id":"https:\/\/clubsafranebiturbo.fr\/boutique\/produit\/sertissage-amortisseur-avant\/#primaryimage","url":"https:\/\/clubsafranebiturbo.fr\/boutique\/wp-content\/uploads\/2017\/09\/sertissage-amortisseur-avant-1.jpg","contentUrl":"https:\/\/clubsafranebiturbo.fr\/boutique\/wp-content\/uploads\/2017\/09\/sertissage-amortisseur-avant-1.jpg","width":800,"height":1067},{"@type":"BreadcrumbList","@id":"https:\/\/clubsafranebiturbo.fr\/boutique\/produit\/sertissage-amortisseur-avant\/#breadcrumb","itemListElement":[{"@type":"ListItem","position":1,"name":"Accueil","item":"https:\/\/clubsafranebiturbo.fr\/boutique\/"},{"@type":"ListItem","position":2,"name":"Boutique","item":"https:\/\/clubsafranebiturbo.fr\/boutique\/boutique\/"},{"@type":"ListItem","position":3,"name":"Sertissage amortisseur avant"}]},{"@type":"WebSite","@id":"https:\/\/clubsafranebiturbo.fr\/boutique\/#website","url":"https:\/\/clubsafranebiturbo.fr\/boutique\/","name":"Boutique du Club Safrane Biturbo","description":"Vente de pi\u00e8ces de Safrane Biturbo","potentialAction":[{"@type":"SearchAction","target":{"@type":"EntryPoint","urlTemplate":"https:\/\/clubsafranebiturbo.fr\/boutique\/?s={search_term_string}"},"query-input":{"@type":"PropertyValueSpecification","valueRequired":true,"valueName":"search_term_string"}}],"inLanguage":"fr-FR"}]}},"_links":{"self":[{"href":"https:\/\/clubsafranebiturbo.fr\/boutique\/wp-json\/wp\/v2\/product\/1843","targetHints":{"allow":["GET"]}}],"collection":[{"href":"https:\/\/clubsafranebiturbo.fr\/boutique\/wp-json\/wp\/v2\/product"}],"about":[{"href":"https:\/\/clubsafranebiturbo.fr\/boutique\/wp-json\/wp\/v2\/types\/product"}],"replies":[{"embeddable":true,"href":"https:\/\/clubsafranebiturbo.fr\/boutique\/wp-json\/wp\/v2\/comments?post=1843"}],"wp:featuredmedia":[{"embeddable":true,"href":"https:\/\/clubsafranebiturbo.fr\/boutique\/wp-json\/wp\/v2\/media\/1921"}],"wp:attachment":[{"href":"https:\/\/clubsafranebiturbo.fr\/boutique\/wp-json\/wp\/v2\/media?parent=1843"}],"wp:term":[{"taxonomy":"product_brand","embeddable":true,"href":"https:\/\/clubsafranebiturbo.fr\/boutique\/wp-json\/wp\/v2\/product_brand?post=1843"},{"taxonomy":"product_cat","embeddable":true,"href":"https:\/\/clubsafranebiturbo.fr\/boutique\/wp-json\/wp\/v2\/product_cat?post=1843"},{"taxonomy":"product_tag","embeddable":true,"href":"https:\/\/clubsafranebiturbo.fr\/boutique\/wp-json\/wp\/v2\/product_tag?post=1843"}],"curies":[{"name":"wp","href":"https:\/\/api.w.org\/{rel}","templated":true}]}}