{"id":1689,"date":"2016-08-03T21:44:16","date_gmt":"2016-08-03T20:44:16","guid":{"rendered":"http:\/\/clubsafranebiturbo.fr\/boutique\/?post_type=product&#038;p=1689"},"modified":"2025-05-02T12:43:31","modified_gmt":"2025-05-02T11:43:31","slug":"joint-7700260907","status":"publish","type":"product","link":"https:\/\/clubsafranebiturbo.fr\/boutique\/produit\/joint-7700260907\/","title":{"rendered":"Joint carter d&rsquo;huile"},"content":{"rendered":"<h2 style=\"text-align: justify;\">Joint carter d&rsquo;huile<\/h2>\n<p style=\"text-align: justify;\">Joint carter d&rsquo;huile pour moteur Z7X 721, Z7X 722, Z7X 723, Z7X 726, Z7X 753. C&rsquo;est un joint pour le carter d&rsquo;huile. Il se monte sur safrane atmosph\u00e9rique et biturbo, Espace, Laguna. C&rsquo;est un joint original correspondant aux caract\u00e9ristiques originales du constructeur.<\/p>\n<p style=\"text-align: justify;\">Longueur [mm] : 370<\/p>\n<p style=\"text-align: justify;\">Largeur [mm] : 300<\/p>\n<p style=\"text-align: justify;\">Pour plus de questions vous pouvez nous contacter via le formulaire de <a href=\"http:\/\/clubsafranebiturbo.fr\/boutique\/contact\/\">contact<\/a> sur la boutique, nous nous efforcerons de r\u00e9pondre \u00e0 toutes vos questions \u00e0 partir du moment ou vos coordonn\u00e9es de contact sont correctes dans les plus brefs d\u00e9lais.<\/p>\n<h2 style=\"text-align: justify;\">Livraison<\/h2>\n<p style=\"text-align: justify;\"><span style=\"font-family: arial, helvetica, sans-serif;\">D\u00e9lai de livraison : 7 \u00e0 15 jours apr\u00e8s r\u00e9ception de votre paiement sur nos comptes. Toutefois, nous vous rappelons que nous sommes une association, et que notre temps libre pr\u00e9vaut sur le temps consacr\u00e9 au Club. En conclusion, il peut donc arriver que ces d\u00e9lais soient plus long. Pour un traitement plus rapide de votre commande, vous pouvez nous contacter par mail et faire un virement bancaire.<\/span><\/p>\n<p style=\"text-align: justify;\"><span style=\"font-family: arial, helvetica, sans-serif;\">Livraison par lettre suivie \u00e0 r\u00e9ception du paiement sur nos comptes. En consultant le site de la poste avec le num\u00e9ro de suivi que vous recevrez par mail, il vous permettra de suivre l&rsquo;avancement de la livraison. Envoi soign\u00e9 et bien prot\u00e9g\u00e9.<\/span><\/p>\n<h2 style=\"text-align: justify;\">Stock<\/h2>\n<p style=\"text-align: justify;\"><span style=\"color: #ff0000;\">Ces pi\u00e8ces sont pr\u00e9sentes dans notre stock, vous serez donc assur\u00e9 de la livraison et ne recevrez pas de mail vous informant que nous sommes en rupture. Si les pi\u00e8ces ne sont pas disponibles vous ne pourrez tout simplement pas les commander. A noter que nous sommes une association et faisons cela sur notre temps libre, il est donc possible que de temps en temps les r\u00e9ponses ou les d\u00e9lais de livraison soient plus long que la normale.<\/span><\/p>\n<p style=\"text-align: justify;\"><img loading=\"lazy\" decoding=\"async\" class=\"size-medium wp-image-1690 aligncenter\" src=\"http:\/\/clubsafranebiturbo.fr\/boutique\/wp-content\/uploads\/2016\/08\/joint-7700260907-1-300x169.jpg\" alt=\"joint 7700260907 1\" width=\"300\" height=\"169\" srcset=\"https:\/\/clubsafranebiturbo.fr\/boutique\/wp-content\/uploads\/2016\/08\/joint-7700260907-1-300x169.jpg 300w, https:\/\/clubsafranebiturbo.fr\/boutique\/wp-content\/uploads\/2016\/08\/joint-7700260907-1-320x180.jpg 320w, https:\/\/clubsafranebiturbo.fr\/boutique\/wp-content\/uploads\/2016\/08\/joint-7700260907-1.jpg 600w\" sizes=\"auto, (max-width: 300px) 100vw, 300px\" \/><\/p>\n<p style=\"text-align: justify;\"><a href=\"https:\/\/www.facebook.com\/profile.php?id=100086315447468\">https:\/\/www.facebook.com\/profile.php?id=100086315447468<\/a><\/p>\n<p style=\"text-align: justify;\"><a href=\"http:\/\/clubsafranebiturbo.fr\/\" target=\"_blank\" rel=\"noopener noreferrer\">http:\/\/clubsafranebiturbo.fr\/<\/a><\/p>\n","protected":false},"excerpt":{"rendered":"<p>Joint carter d&rsquo;huile Joint carter d&rsquo;huile pour moteur Z7X 721, Z7X 722, Z7X 723, Z7X 726, Z7X 753. C&rsquo;est un joint pour le carter d&rsquo;huile. Il se monte sur safrane atmosph\u00e9rique et biturbo, Espace, Laguna. C&rsquo;est un joint original correspondant aux caract\u00e9ristiques originales du constructeur. Longueur [mm] : 370 Largeur [mm] : 300 Pour plus [&hellip;]<\/p>\n","protected":false},"featured_media":1690,"comment_status":"open","ping_status":"closed","template":"","meta":[],"product_brand":[],"product_cat":[16,116,25,120,72,73,78],"product_tag":[],"class_list":{"0":"post-1689","1":"product","2":"type-product","3":"status-publish","4":"has-post-thumbnail","6":"product_cat-mecanique-safrane-biturbo","7":"product_cat-mecanique-safrane-quadra-renault-2","8":"product_cat-moteur-safrane-biturbo","9":"product_cat-moteur-mecanique-safrane-quadra-renault-2","10":"product_cat-renault-2","11":"product_cat-safrane","12":"product_cat-safrane-quadra-renault-2","14":"first","15":"instock","16":"featured","17":"taxable","18":"shipping-taxable","19":"purchasable","20":"product-type-simple"},"yoast_head":"<!-- This site is optimized with the Yoast SEO plugin v27.4 - https:\/\/yoast.com\/product\/yoast-seo-wordpress\/ -->\n<title>Joint carter d&#039;huile - Boutique du Club Safrane Biturbo<\/title>\n<meta name=\"description\" content=\"Joint carter d&#039;huile pour moteur Z7X 721, Z7X 722, Z7X 723, Z7X 726, Z7X 753. . Il se monte sur safrane atmosph\u00e9rique et biturbo, Espace, Laguna.\" \/>\n<meta name=\"robots\" content=\"index, follow, max-snippet:-1, max-image-preview:large, max-video-preview:-1\" \/>\n<link rel=\"canonical\" href=\"https:\/\/clubsafranebiturbo.fr\/boutique\/produit\/joint-7700260907\/\" \/>\n<meta property=\"og:locale\" content=\"fr_FR\" \/>\n<meta property=\"og:type\" content=\"article\" \/>\n<meta property=\"og:title\" content=\"Joint carter d&#039;huile - Boutique du Club Safrane Biturbo\" \/>\n<meta property=\"og:description\" content=\"Joint carter d&#039;huile pour moteur Z7X 721, Z7X 722, Z7X 723, Z7X 726, Z7X 753. . Il se monte sur safrane atmosph\u00e9rique et biturbo, Espace, Laguna.\" \/>\n<meta property=\"og:url\" content=\"https:\/\/clubsafranebiturbo.fr\/boutique\/produit\/joint-7700260907\/\" \/>\n<meta property=\"og:site_name\" content=\"Boutique du Club Safrane Biturbo\" \/>\n<meta property=\"article:modified_time\" content=\"2025-05-02T11:43:31+00:00\" \/>\n<meta property=\"og:image\" content=\"https:\/\/clubsafranebiturbo.fr\/boutique\/wp-content\/uploads\/2016\/08\/joint-7700260907-1.jpg\" \/>\n\t<meta property=\"og:image:width\" content=\"600\" \/>\n\t<meta property=\"og:image:height\" content=\"337\" \/>\n\t<meta property=\"og:image:type\" content=\"image\/jpeg\" \/>\n<meta name=\"twitter:card\" content=\"summary_large_image\" \/>\n<meta name=\"twitter:site\" content=\"@clubsafranebt\" \/>\n<meta name=\"twitter:label1\" content=\"Dur\u00e9e de lecture estim\u00e9e\" \/>\n\t<meta name=\"twitter:data1\" content=\"2 minutes\" \/>\n<script type=\"application\/ld+json\" class=\"yoast-schema-graph\">{\"@context\":\"https:\\\/\\\/schema.org\",\"@graph\":[{\"@type\":\"WebPage\",\"@id\":\"https:\\\/\\\/clubsafranebiturbo.fr\\\/boutique\\\/produit\\\/joint-7700260907\\\/\",\"url\":\"https:\\\/\\\/clubsafranebiturbo.fr\\\/boutique\\\/produit\\\/joint-7700260907\\\/\",\"name\":\"Joint carter d'huile - Boutique du Club Safrane Biturbo\",\"isPartOf\":{\"@id\":\"https:\\\/\\\/clubsafranebiturbo.fr\\\/boutique\\\/#website\"},\"primaryImageOfPage\":{\"@id\":\"https:\\\/\\\/clubsafranebiturbo.fr\\\/boutique\\\/produit\\\/joint-7700260907\\\/#primaryimage\"},\"image\":{\"@id\":\"https:\\\/\\\/clubsafranebiturbo.fr\\\/boutique\\\/produit\\\/joint-7700260907\\\/#primaryimage\"},\"thumbnailUrl\":\"https:\\\/\\\/clubsafranebiturbo.fr\\\/boutique\\\/wp-content\\\/uploads\\\/2016\\\/08\\\/joint-7700260907-1.jpg\",\"datePublished\":\"2016-08-03T20:44:16+00:00\",\"dateModified\":\"2025-05-02T11:43:31+00:00\",\"description\":\"Joint carter d'huile pour moteur Z7X 721, Z7X 722, Z7X 723, Z7X 726, Z7X 753. . Il se monte sur safrane atmosph\u00e9rique et biturbo, Espace, Laguna.\",\"breadcrumb\":{\"@id\":\"https:\\\/\\\/clubsafranebiturbo.fr\\\/boutique\\\/produit\\\/joint-7700260907\\\/#breadcrumb\"},\"inLanguage\":\"fr-FR\",\"potentialAction\":[{\"@type\":\"ReadAction\",\"target\":[\"https:\\\/\\\/clubsafranebiturbo.fr\\\/boutique\\\/produit\\\/joint-7700260907\\\/\"]}]},{\"@type\":\"ImageObject\",\"inLanguage\":\"fr-FR\",\"@id\":\"https:\\\/\\\/clubsafranebiturbo.fr\\\/boutique\\\/produit\\\/joint-7700260907\\\/#primaryimage\",\"url\":\"https:\\\/\\\/clubsafranebiturbo.fr\\\/boutique\\\/wp-content\\\/uploads\\\/2016\\\/08\\\/joint-7700260907-1.jpg\",\"contentUrl\":\"https:\\\/\\\/clubsafranebiturbo.fr\\\/boutique\\\/wp-content\\\/uploads\\\/2016\\\/08\\\/joint-7700260907-1.jpg\",\"width\":600,\"height\":337,\"caption\":\"Joint carter d'huile\"},{\"@type\":\"BreadcrumbList\",\"@id\":\"https:\\\/\\\/clubsafranebiturbo.fr\\\/boutique\\\/produit\\\/joint-7700260907\\\/#breadcrumb\",\"itemListElement\":[{\"@type\":\"ListItem\",\"position\":1,\"name\":\"Accueil\",\"item\":\"https:\\\/\\\/clubsafranebiturbo.fr\\\/boutique\\\/\"},{\"@type\":\"ListItem\",\"position\":2,\"name\":\"Boutique\",\"item\":\"https:\\\/\\\/clubsafranebiturbo.fr\\\/boutique\\\/boutique\\\/\"},{\"@type\":\"ListItem\",\"position\":3,\"name\":\"Joint carter d&rsquo;huile\"}]},{\"@type\":\"WebSite\",\"@id\":\"https:\\\/\\\/clubsafranebiturbo.fr\\\/boutique\\\/#website\",\"url\":\"https:\\\/\\\/clubsafranebiturbo.fr\\\/boutique\\\/\",\"name\":\"Boutique du Club Safrane Biturbo\",\"description\":\"Vente de pi\u00e8ces de Safrane Biturbo\",\"potentialAction\":[{\"@type\":\"SearchAction\",\"target\":{\"@type\":\"EntryPoint\",\"urlTemplate\":\"https:\\\/\\\/clubsafranebiturbo.fr\\\/boutique\\\/?s={search_term_string}\"},\"query-input\":{\"@type\":\"PropertyValueSpecification\",\"valueRequired\":true,\"valueName\":\"search_term_string\"}}],\"inLanguage\":\"fr-FR\"}]}<\/script>\n<!-- \/ Yoast SEO plugin. -->","yoast_head_json":{"title":"Joint carter d'huile - Boutique du Club Safrane Biturbo","description":"Joint carter d'huile pour moteur Z7X 721, Z7X 722, Z7X 723, Z7X 726, Z7X 753. . Il se monte sur safrane atmosph\u00e9rique et biturbo, Espace, Laguna.","robots":{"index":"index","follow":"follow","max-snippet":"max-snippet:-1","max-image-preview":"max-image-preview:large","max-video-preview":"max-video-preview:-1"},"canonical":"https:\/\/clubsafranebiturbo.fr\/boutique\/produit\/joint-7700260907\/","og_locale":"fr_FR","og_type":"article","og_title":"Joint carter d'huile - Boutique du Club Safrane Biturbo","og_description":"Joint carter d'huile pour moteur Z7X 721, Z7X 722, Z7X 723, Z7X 726, Z7X 753. . Il se monte sur safrane atmosph\u00e9rique et biturbo, Espace, Laguna.","og_url":"https:\/\/clubsafranebiturbo.fr\/boutique\/produit\/joint-7700260907\/","og_site_name":"Boutique du Club Safrane Biturbo","article_modified_time":"2025-05-02T11:43:31+00:00","og_image":[{"width":600,"height":337,"url":"https:\/\/clubsafranebiturbo.fr\/boutique\/wp-content\/uploads\/2016\/08\/joint-7700260907-1.jpg","type":"image\/jpeg"}],"twitter_card":"summary_large_image","twitter_site":"@clubsafranebt","twitter_misc":{"Dur\u00e9e de lecture estim\u00e9e":"2 minutes"},"schema":{"@context":"https:\/\/schema.org","@graph":[{"@type":"WebPage","@id":"https:\/\/clubsafranebiturbo.fr\/boutique\/produit\/joint-7700260907\/","url":"https:\/\/clubsafranebiturbo.fr\/boutique\/produit\/joint-7700260907\/","name":"Joint carter d'huile - Boutique du Club Safrane Biturbo","isPartOf":{"@id":"https:\/\/clubsafranebiturbo.fr\/boutique\/#website"},"primaryImageOfPage":{"@id":"https:\/\/clubsafranebiturbo.fr\/boutique\/produit\/joint-7700260907\/#primaryimage"},"image":{"@id":"https:\/\/clubsafranebiturbo.fr\/boutique\/produit\/joint-7700260907\/#primaryimage"},"thumbnailUrl":"https:\/\/clubsafranebiturbo.fr\/boutique\/wp-content\/uploads\/2016\/08\/joint-7700260907-1.jpg","datePublished":"2016-08-03T20:44:16+00:00","dateModified":"2025-05-02T11:43:31+00:00","description":"Joint carter d'huile pour moteur Z7X 721, Z7X 722, Z7X 723, Z7X 726, Z7X 753. . Il se monte sur safrane atmosph\u00e9rique et biturbo, Espace, Laguna.","breadcrumb":{"@id":"https:\/\/clubsafranebiturbo.fr\/boutique\/produit\/joint-7700260907\/#breadcrumb"},"inLanguage":"fr-FR","potentialAction":[{"@type":"ReadAction","target":["https:\/\/clubsafranebiturbo.fr\/boutique\/produit\/joint-7700260907\/"]}]},{"@type":"ImageObject","inLanguage":"fr-FR","@id":"https:\/\/clubsafranebiturbo.fr\/boutique\/produit\/joint-7700260907\/#primaryimage","url":"https:\/\/clubsafranebiturbo.fr\/boutique\/wp-content\/uploads\/2016\/08\/joint-7700260907-1.jpg","contentUrl":"https:\/\/clubsafranebiturbo.fr\/boutique\/wp-content\/uploads\/2016\/08\/joint-7700260907-1.jpg","width":600,"height":337,"caption":"Joint carter d'huile"},{"@type":"BreadcrumbList","@id":"https:\/\/clubsafranebiturbo.fr\/boutique\/produit\/joint-7700260907\/#breadcrumb","itemListElement":[{"@type":"ListItem","position":1,"name":"Accueil","item":"https:\/\/clubsafranebiturbo.fr\/boutique\/"},{"@type":"ListItem","position":2,"name":"Boutique","item":"https:\/\/clubsafranebiturbo.fr\/boutique\/boutique\/"},{"@type":"ListItem","position":3,"name":"Joint carter d&rsquo;huile"}]},{"@type":"WebSite","@id":"https:\/\/clubsafranebiturbo.fr\/boutique\/#website","url":"https:\/\/clubsafranebiturbo.fr\/boutique\/","name":"Boutique du Club Safrane Biturbo","description":"Vente de pi\u00e8ces de Safrane Biturbo","potentialAction":[{"@type":"SearchAction","target":{"@type":"EntryPoint","urlTemplate":"https:\/\/clubsafranebiturbo.fr\/boutique\/?s={search_term_string}"},"query-input":{"@type":"PropertyValueSpecification","valueRequired":true,"valueName":"search_term_string"}}],"inLanguage":"fr-FR"}]}},"_links":{"self":[{"href":"https:\/\/clubsafranebiturbo.fr\/boutique\/wp-json\/wp\/v2\/product\/1689","targetHints":{"allow":["GET"]}}],"collection":[{"href":"https:\/\/clubsafranebiturbo.fr\/boutique\/wp-json\/wp\/v2\/product"}],"about":[{"href":"https:\/\/clubsafranebiturbo.fr\/boutique\/wp-json\/wp\/v2\/types\/product"}],"replies":[{"embeddable":true,"href":"https:\/\/clubsafranebiturbo.fr\/boutique\/wp-json\/wp\/v2\/comments?post=1689"}],"wp:featuredmedia":[{"embeddable":true,"href":"https:\/\/clubsafranebiturbo.fr\/boutique\/wp-json\/wp\/v2\/media\/1690"}],"wp:attachment":[{"href":"https:\/\/clubsafranebiturbo.fr\/boutique\/wp-json\/wp\/v2\/media?parent=1689"}],"wp:term":[{"taxonomy":"product_brand","embeddable":true,"href":"https:\/\/clubsafranebiturbo.fr\/boutique\/wp-json\/wp\/v2\/product_brand?post=1689"},{"taxonomy":"product_cat","embeddable":true,"href":"https:\/\/clubsafranebiturbo.fr\/boutique\/wp-json\/wp\/v2\/product_cat?post=1689"},{"taxonomy":"product_tag","embeddable":true,"href":"https:\/\/clubsafranebiturbo.fr\/boutique\/wp-json\/wp\/v2\/product_tag?post=1689"}],"curies":[{"name":"wp","href":"https:\/\/api.w.org\/{rel}","templated":true}]}}