{"id":1582,"date":"2016-01-22T12:16:15","date_gmt":"2016-01-22T11:16:15","guid":{"rendered":"http:\/\/clubsafranebiturbo.fr\/boutique\/?post_type=product&#038;p=1582"},"modified":"2026-03-24T23:30:25","modified_gmt":"2026-03-24T22:30:25","slug":"joint-7700267481","status":"publish","type":"product","link":"https:\/\/clubsafranebiturbo.fr\/boutique\/produit\/joint-7700267481\/","title":{"rendered":"Joint 7700267481"},"content":{"rendered":"<h2>\u00a0Joint 7700267481<\/h2>\n<p style=\"text-align: justify;\">Ce Joint 7700267481 est en papier ind\u00e9chirable comme l\u2019original. Il aux m\u00eames dimension que l\u2019original. Ce joint n\u2019est plus disponible chez Renault. Il se monte parfaitement sur la pi\u00e8ce comme vous pouvez le voir sur la photo. Il se met en place rapidement sans aucune modification. Se monte sur moteur Z7X 721, Z7x 722, Z7x 723, Z7x 726 et Z7x 753. Le conduit d&rsquo;admission d&rsquo;air n&rsquo;est pas fourni avec le joint. Se monte sur safrane biturbo, safrane v6, R21 moteur J7R et J7T<\/p>\n<p style=\"text-align: justify;\">Pour plus de questions vous pouvez nous contacter via le formulaire de <a href=\"http:\/\/clubsafranebiturbo.fr\/boutique\/contact\/\">contact<\/a> sur la boutique, nous nous efforcerons de r\u00e9pondre \u00e0 toutes vos questions \u00e0 partir du moment ou vos coordonn\u00e9es de contact sont correctes dans les plus brefs d\u00e9lais.<\/p>\n<h2 style=\"text-align: justify;\">Livraison<\/h2>\n<p style=\"text-align: justify;\"><span style=\"font-family: arial, helvetica, sans-serif;\">D\u00e9lai de livraison : 7 \u00e0 15 jours apr\u00e8s r\u00e9ception de votre paiement sur nos comptes. Toutefois, nous vous rappelons que nous sommes une association, et que notre temps libre pr\u00e9vaut sur le temps consacr\u00e9 au Club. En conclusion, il peut donc arriver que ces d\u00e9lais soient plus long. Pour un traitement plus rapide de votre commande, vous pouvez nous contacter par mail et faire un virement bancaire.<\/span><\/p>\n<p style=\"text-align: justify;\"><span style=\"font-family: arial, helvetica, sans-serif;\">Livraison par lettre suivie \u00e0 r\u00e9ception du paiement sur nos comptes. En consultant le site de la poste avec le num\u00e9ro de suivi que vous recevrez par mail, il vous permettra de suivre l&rsquo;avancement de la livraison. Envoi soign\u00e9 et bien prot\u00e9g\u00e9<\/span><\/p>\n<h2 style=\"text-align: justify;\">Stock<\/h2>\n<p style=\"text-align: justify;\"><span style=\"color: #ff0000;\">Ces pi\u00e8ces sont pr\u00e9sentes dans notre stock, vous serez donc assur\u00e9 de la livraison et ne recevrez pas de mail vous informant que nous sommes en rupture. Si les pi\u00e8ces ne sont pas disponibles vous ne pourrez tout simplement pas les commander. A noter que nous sommes une association et faisons cela sur notre temps libre, il est donc possible que de temps en temps les r\u00e9ponses ou les d\u00e9lais de livraison soient plus long que la normale.<\/span><\/p>\n<p>&nbsp;<\/p>\n<p style=\"text-align: justify;\"><a href=\"http:\/\/clubsafranebiturbo.fr\/boutique\/wp-content\/uploads\/2016\/01\/7700267481-photo-4.jpg\" rel=\"attachment wp-att-1578\"><img loading=\"lazy\" decoding=\"async\" class=\"size-medium wp-image-1578 aligncenter\" src=\"http:\/\/clubsafranebiturbo.fr\/boutique\/wp-content\/uploads\/2016\/01\/7700267481-photo-4-300x200.jpg\" alt=\"7700267481 photo 4\" width=\"300\" height=\"200\" srcset=\"https:\/\/clubsafranebiturbo.fr\/boutique\/wp-content\/uploads\/2016\/01\/7700267481-photo-4-300x200.jpg 300w, https:\/\/clubsafranebiturbo.fr\/boutique\/wp-content\/uploads\/2016\/01\/7700267481-photo-4-320x213.jpg 320w, https:\/\/clubsafranebiturbo.fr\/boutique\/wp-content\/uploads\/2016\/01\/7700267481-photo-4.jpg 600w\" sizes=\"auto, (max-width: 300px) 100vw, 300px\" \/><\/a><\/p>\n<p><a href=\"https:\/\/www.facebook.com\/profile.php?id=100086315447468\">https:\/\/www.facebook.com\/profile.php?id=100086315447468<\/a><\/p>\n<p><a href=\"http:\/\/clubsafranebiturbo.fr\/\">http:\/\/clubsafranebiturbo.fr\/<\/a><\/p>\n","protected":false},"excerpt":{"rendered":"<p>\u00a0Joint 7700267481 Ce Joint 7700267481 est en papier ind\u00e9chirable comme l\u2019original. Il aux m\u00eames dimension que l\u2019original. Ce joint n\u2019est plus disponible chez Renault. Il se monte parfaitement sur la pi\u00e8ce comme vous pouvez le voir sur la photo. Il se met en place rapidement sans aucune modification. Se monte sur moteur Z7X 721, Z7x [&hellip;]<\/p>\n","protected":false},"featured_media":1578,"comment_status":"open","ping_status":"closed","template":"","meta":[],"product_brand":[],"product_cat":[16,84,116,25,88,120,75,72,73,78],"product_tag":[],"class_list":{"0":"post-1582","1":"product","2":"type-product","3":"status-publish","4":"has-post-thumbnail","6":"product_cat-mecanique-safrane-biturbo","7":"product_cat-mecanique-r21-2l-turbo","8":"product_cat-mecanique-safrane-quadra-renault-2","9":"product_cat-moteur-safrane-biturbo","10":"product_cat-moteur-mecanique-r21-2l-turbo","11":"product_cat-moteur-mecanique-safrane-quadra-renault-2","12":"product_cat-r21-2l-turbo","13":"product_cat-renault-2","14":"product_cat-safrane","15":"product_cat-safrane-quadra-renault-2","17":"first","18":"instock","19":"featured","20":"taxable","21":"shipping-taxable","22":"purchasable","23":"product-type-simple"},"yoast_head":"<!-- This site is optimized with the Yoast SEO plugin v27.4 - https:\/\/yoast.com\/product\/yoast-seo-wordpress\/ -->\n<title>Joint 7700267481 - Boutique du Club Safrane Biturbo<\/title>\n<meta name=\"description\" content=\"Ce Joint 7700267481 est en papier ind\u00e9chirable comme l\u2019original. Il aux m\u00eames dimension que l\u2019original. plus disponible chez Renault.\" \/>\n<meta name=\"robots\" content=\"index, follow, max-snippet:-1, max-image-preview:large, max-video-preview:-1\" \/>\n<link rel=\"canonical\" href=\"https:\/\/clubsafranebiturbo.fr\/boutique\/produit\/joint-7700267481\/\" \/>\n<meta property=\"og:locale\" content=\"fr_FR\" \/>\n<meta property=\"og:type\" content=\"article\" \/>\n<meta property=\"og:title\" content=\"Joint 7700267481 - Boutique du Club Safrane Biturbo\" \/>\n<meta property=\"og:description\" content=\"Ce Joint 7700267481 est en papier ind\u00e9chirable comme l\u2019original. Il aux m\u00eames dimension que l\u2019original. plus disponible chez Renault.\" \/>\n<meta property=\"og:url\" content=\"https:\/\/clubsafranebiturbo.fr\/boutique\/produit\/joint-7700267481\/\" \/>\n<meta property=\"og:site_name\" content=\"Boutique du Club Safrane Biturbo\" \/>\n<meta property=\"article:modified_time\" content=\"2026-03-24T22:30:25+00:00\" \/>\n<meta property=\"og:image\" content=\"https:\/\/clubsafranebiturbo.fr\/boutique\/wp-content\/uploads\/2016\/01\/7700267481-photo-4.jpg\" \/>\n\t<meta property=\"og:image:width\" content=\"600\" \/>\n\t<meta property=\"og:image:height\" content=\"399\" \/>\n\t<meta property=\"og:image:type\" content=\"image\/jpeg\" \/>\n<meta name=\"twitter:card\" content=\"summary_large_image\" \/>\n<meta name=\"twitter:site\" content=\"@clubsafranebt\" \/>\n<meta name=\"twitter:label1\" content=\"Dur\u00e9e de lecture estim\u00e9e\" \/>\n\t<meta name=\"twitter:data1\" content=\"3 minutes\" \/>\n<script type=\"application\/ld+json\" class=\"yoast-schema-graph\">{\"@context\":\"https:\\\/\\\/schema.org\",\"@graph\":[{\"@type\":\"WebPage\",\"@id\":\"https:\\\/\\\/clubsafranebiturbo.fr\\\/boutique\\\/produit\\\/joint-7700267481\\\/\",\"url\":\"https:\\\/\\\/clubsafranebiturbo.fr\\\/boutique\\\/produit\\\/joint-7700267481\\\/\",\"name\":\"Joint 7700267481 - Boutique du Club Safrane Biturbo\",\"isPartOf\":{\"@id\":\"https:\\\/\\\/clubsafranebiturbo.fr\\\/boutique\\\/#website\"},\"primaryImageOfPage\":{\"@id\":\"https:\\\/\\\/clubsafranebiturbo.fr\\\/boutique\\\/produit\\\/joint-7700267481\\\/#primaryimage\"},\"image\":{\"@id\":\"https:\\\/\\\/clubsafranebiturbo.fr\\\/boutique\\\/produit\\\/joint-7700267481\\\/#primaryimage\"},\"thumbnailUrl\":\"https:\\\/\\\/clubsafranebiturbo.fr\\\/boutique\\\/wp-content\\\/uploads\\\/2016\\\/01\\\/7700267481-photo-4.jpg\",\"datePublished\":\"2016-01-22T11:16:15+00:00\",\"dateModified\":\"2026-03-24T22:30:25+00:00\",\"description\":\"Ce Joint 7700267481 est en papier ind\u00e9chirable comme l\u2019original. Il aux m\u00eames dimension que l\u2019original. plus disponible chez Renault.\",\"breadcrumb\":{\"@id\":\"https:\\\/\\\/clubsafranebiturbo.fr\\\/boutique\\\/produit\\\/joint-7700267481\\\/#breadcrumb\"},\"inLanguage\":\"fr-FR\",\"potentialAction\":[{\"@type\":\"ReadAction\",\"target\":[\"https:\\\/\\\/clubsafranebiturbo.fr\\\/boutique\\\/produit\\\/joint-7700267481\\\/\"]}]},{\"@type\":\"ImageObject\",\"inLanguage\":\"fr-FR\",\"@id\":\"https:\\\/\\\/clubsafranebiturbo.fr\\\/boutique\\\/produit\\\/joint-7700267481\\\/#primaryimage\",\"url\":\"https:\\\/\\\/clubsafranebiturbo.fr\\\/boutique\\\/wp-content\\\/uploads\\\/2016\\\/01\\\/7700267481-photo-4.jpg\",\"contentUrl\":\"https:\\\/\\\/clubsafranebiturbo.fr\\\/boutique\\\/wp-content\\\/uploads\\\/2016\\\/01\\\/7700267481-photo-4.jpg\",\"width\":600,\"height\":399,\"caption\":\"Joint 7700267481\"},{\"@type\":\"BreadcrumbList\",\"@id\":\"https:\\\/\\\/clubsafranebiturbo.fr\\\/boutique\\\/produit\\\/joint-7700267481\\\/#breadcrumb\",\"itemListElement\":[{\"@type\":\"ListItem\",\"position\":1,\"name\":\"Accueil\",\"item\":\"https:\\\/\\\/clubsafranebiturbo.fr\\\/boutique\\\/\"},{\"@type\":\"ListItem\",\"position\":2,\"name\":\"Boutique\",\"item\":\"https:\\\/\\\/clubsafranebiturbo.fr\\\/boutique\\\/boutique\\\/\"},{\"@type\":\"ListItem\",\"position\":3,\"name\":\"Joint 7700267481\"}]},{\"@type\":\"WebSite\",\"@id\":\"https:\\\/\\\/clubsafranebiturbo.fr\\\/boutique\\\/#website\",\"url\":\"https:\\\/\\\/clubsafranebiturbo.fr\\\/boutique\\\/\",\"name\":\"Boutique du Club Safrane Biturbo\",\"description\":\"Vente de pi\u00e8ces de Safrane Biturbo\",\"potentialAction\":[{\"@type\":\"SearchAction\",\"target\":{\"@type\":\"EntryPoint\",\"urlTemplate\":\"https:\\\/\\\/clubsafranebiturbo.fr\\\/boutique\\\/?s={search_term_string}\"},\"query-input\":{\"@type\":\"PropertyValueSpecification\",\"valueRequired\":true,\"valueName\":\"search_term_string\"}}],\"inLanguage\":\"fr-FR\"}]}<\/script>\n<!-- \/ Yoast SEO plugin. -->","yoast_head_json":{"title":"Joint 7700267481 - Boutique du Club Safrane Biturbo","description":"Ce Joint 7700267481 est en papier ind\u00e9chirable comme l\u2019original. Il aux m\u00eames dimension que l\u2019original. plus disponible chez Renault.","robots":{"index":"index","follow":"follow","max-snippet":"max-snippet:-1","max-image-preview":"max-image-preview:large","max-video-preview":"max-video-preview:-1"},"canonical":"https:\/\/clubsafranebiturbo.fr\/boutique\/produit\/joint-7700267481\/","og_locale":"fr_FR","og_type":"article","og_title":"Joint 7700267481 - Boutique du Club Safrane Biturbo","og_description":"Ce Joint 7700267481 est en papier ind\u00e9chirable comme l\u2019original. Il aux m\u00eames dimension que l\u2019original. plus disponible chez Renault.","og_url":"https:\/\/clubsafranebiturbo.fr\/boutique\/produit\/joint-7700267481\/","og_site_name":"Boutique du Club Safrane Biturbo","article_modified_time":"2026-03-24T22:30:25+00:00","og_image":[{"width":600,"height":399,"url":"https:\/\/clubsafranebiturbo.fr\/boutique\/wp-content\/uploads\/2016\/01\/7700267481-photo-4.jpg","type":"image\/jpeg"}],"twitter_card":"summary_large_image","twitter_site":"@clubsafranebt","twitter_misc":{"Dur\u00e9e de lecture estim\u00e9e":"3 minutes"},"schema":{"@context":"https:\/\/schema.org","@graph":[{"@type":"WebPage","@id":"https:\/\/clubsafranebiturbo.fr\/boutique\/produit\/joint-7700267481\/","url":"https:\/\/clubsafranebiturbo.fr\/boutique\/produit\/joint-7700267481\/","name":"Joint 7700267481 - Boutique du Club Safrane Biturbo","isPartOf":{"@id":"https:\/\/clubsafranebiturbo.fr\/boutique\/#website"},"primaryImageOfPage":{"@id":"https:\/\/clubsafranebiturbo.fr\/boutique\/produit\/joint-7700267481\/#primaryimage"},"image":{"@id":"https:\/\/clubsafranebiturbo.fr\/boutique\/produit\/joint-7700267481\/#primaryimage"},"thumbnailUrl":"https:\/\/clubsafranebiturbo.fr\/boutique\/wp-content\/uploads\/2016\/01\/7700267481-photo-4.jpg","datePublished":"2016-01-22T11:16:15+00:00","dateModified":"2026-03-24T22:30:25+00:00","description":"Ce Joint 7700267481 est en papier ind\u00e9chirable comme l\u2019original. Il aux m\u00eames dimension que l\u2019original. plus disponible chez Renault.","breadcrumb":{"@id":"https:\/\/clubsafranebiturbo.fr\/boutique\/produit\/joint-7700267481\/#breadcrumb"},"inLanguage":"fr-FR","potentialAction":[{"@type":"ReadAction","target":["https:\/\/clubsafranebiturbo.fr\/boutique\/produit\/joint-7700267481\/"]}]},{"@type":"ImageObject","inLanguage":"fr-FR","@id":"https:\/\/clubsafranebiturbo.fr\/boutique\/produit\/joint-7700267481\/#primaryimage","url":"https:\/\/clubsafranebiturbo.fr\/boutique\/wp-content\/uploads\/2016\/01\/7700267481-photo-4.jpg","contentUrl":"https:\/\/clubsafranebiturbo.fr\/boutique\/wp-content\/uploads\/2016\/01\/7700267481-photo-4.jpg","width":600,"height":399,"caption":"Joint 7700267481"},{"@type":"BreadcrumbList","@id":"https:\/\/clubsafranebiturbo.fr\/boutique\/produit\/joint-7700267481\/#breadcrumb","itemListElement":[{"@type":"ListItem","position":1,"name":"Accueil","item":"https:\/\/clubsafranebiturbo.fr\/boutique\/"},{"@type":"ListItem","position":2,"name":"Boutique","item":"https:\/\/clubsafranebiturbo.fr\/boutique\/boutique\/"},{"@type":"ListItem","position":3,"name":"Joint 7700267481"}]},{"@type":"WebSite","@id":"https:\/\/clubsafranebiturbo.fr\/boutique\/#website","url":"https:\/\/clubsafranebiturbo.fr\/boutique\/","name":"Boutique du Club Safrane Biturbo","description":"Vente de pi\u00e8ces de Safrane Biturbo","potentialAction":[{"@type":"SearchAction","target":{"@type":"EntryPoint","urlTemplate":"https:\/\/clubsafranebiturbo.fr\/boutique\/?s={search_term_string}"},"query-input":{"@type":"PropertyValueSpecification","valueRequired":true,"valueName":"search_term_string"}}],"inLanguage":"fr-FR"}]}},"_links":{"self":[{"href":"https:\/\/clubsafranebiturbo.fr\/boutique\/wp-json\/wp\/v2\/product\/1582","targetHints":{"allow":["GET"]}}],"collection":[{"href":"https:\/\/clubsafranebiturbo.fr\/boutique\/wp-json\/wp\/v2\/product"}],"about":[{"href":"https:\/\/clubsafranebiturbo.fr\/boutique\/wp-json\/wp\/v2\/types\/product"}],"replies":[{"embeddable":true,"href":"https:\/\/clubsafranebiturbo.fr\/boutique\/wp-json\/wp\/v2\/comments?post=1582"}],"wp:featuredmedia":[{"embeddable":true,"href":"https:\/\/clubsafranebiturbo.fr\/boutique\/wp-json\/wp\/v2\/media\/1578"}],"wp:attachment":[{"href":"https:\/\/clubsafranebiturbo.fr\/boutique\/wp-json\/wp\/v2\/media?parent=1582"}],"wp:term":[{"taxonomy":"product_brand","embeddable":true,"href":"https:\/\/clubsafranebiturbo.fr\/boutique\/wp-json\/wp\/v2\/product_brand?post=1582"},{"taxonomy":"product_cat","embeddable":true,"href":"https:\/\/clubsafranebiturbo.fr\/boutique\/wp-json\/wp\/v2\/product_cat?post=1582"},{"taxonomy":"product_tag","embeddable":true,"href":"https:\/\/clubsafranebiturbo.fr\/boutique\/wp-json\/wp\/v2\/product_tag?post=1582"}],"curies":[{"name":"wp","href":"https:\/\/api.w.org\/{rel}","templated":true}]}}