{"id":1518,"date":"2015-11-25T21:57:25","date_gmt":"2015-11-25T20:57:25","guid":{"rendered":"http:\/\/clubsafranebiturbo.fr\/boutique\/?post_type=product&#038;p=1518"},"modified":"2026-04-15T15:13:38","modified_gmt":"2026-04-15T14:13:38","slug":"galet-tendeur-7700260885","status":"publish","type":"product","link":"https:\/\/clubsafranebiturbo.fr\/boutique\/produit\/galet-tendeur-7700260885\/","title":{"rendered":"Galet tendeur 7700260885"},"content":{"rendered":"<h2>Galet tendeur 7700260885<\/h2>\n<p style=\"text-align: justify;\">Le Galet tendeur 7700260885 de Safrane phase 1 pour V6 et Biturbo se monte en lieu et place de vos pi\u00e8ces d&rsquo;origines. Il s&rsquo;installe sur moteur PRV Z7X 721, Z7X 722, Z7X 723, Z7X 726, Z7X 753. Il est conforme aux caract\u00e9ristiques constructeur.<\/p>\n<p style=\"text-align: justify;\">Pour plus de questions vous pouvez nous contacter via le formulaire de <a href=\"http:\/\/clubsafranebiturbo.fr\/boutique\/contact\/\">contact<\/a> sur la boutique, nous nous efforcerons de r\u00e9pondre \u00e0 toutes vos questions \u00e0 partir du moment ou vos coordonn\u00e9es de contact sont correctes dans les plus brefs d\u00e9lais.<\/p>\n<h2 style=\"text-align: justify;\">Livraison<\/h2>\n<p style=\"text-align: justify;\">D\u00e9lai de livraison : 7 \u00e0 15 jours apr\u00e8s r\u00e9ception de votre paiement sur nos comptes. Nous vous rappelons que nous sommes une association, et que notre temps libre pr\u00e9vaut sur le temps consacr\u00e9 au Club. Il peut donc arriver que ces d\u00e9lais soient plus long. Pour un traitement plus rapide de votre commande, vous pouvez nous contacter par mail et faire un virement bancaire.<\/p>\n<p style=\"text-align: justify;\">Livraison par collissimo recommand\u00e9 \u00e0 r\u00e9ception du paiement sur nos comptes. Le num\u00e9ro de suivi vous sera transmis et vous serez inform\u00e9 par le site de la poste \u00e0 chaque \u00e9volution dans la livraison du colis. Envoi soign\u00e9 et bien prot\u00e9g\u00e9.<\/p>\n<h2 style=\"text-align: justify;\">Stock<\/h2>\n<p style=\"text-align: justify;\"><span style=\"color: #ff0000;\">Ces pi\u00e8ces sont pr\u00e9sentes dans notre stock, vous serez donc assur\u00e9 de la livraison et ne recevrez pas de mail vous informant que nous sommes en rupture. Si les pi\u00e8ces ne sont pas disponibles vous ne pourrez tout simplement pas les commander. A noter que nous sommes une association et faisons cela sur notre temps libre, il est donc possible que de temps en temps les r\u00e9ponses ou les d\u00e9lais de livraison soient plus long que la normale.<\/span><\/p>\n<p>&nbsp;<\/p>\n<p style=\"text-align: justify;\"><a href=\"https:\/\/clubsafranebiturbo.fr\/boutique\/wp-content\/uploads\/2015\/11\/galet-tendeur-7700260885-1.jpg\"><img loading=\"lazy\" decoding=\"async\" class=\" wp-image-1520 aligncenter\" src=\"https:\/\/clubsafranebiturbo.fr\/boutique\/wp-content\/uploads\/2015\/11\/galet-tendeur-7700260885-1.jpg\" alt=\"galet tendeur 7700260885\" width=\"262\" height=\"174\" srcset=\"https:\/\/clubsafranebiturbo.fr\/boutique\/wp-content\/uploads\/2015\/11\/galet-tendeur-7700260885-1.jpg 600w, https:\/\/clubsafranebiturbo.fr\/boutique\/wp-content\/uploads\/2015\/11\/galet-tendeur-7700260885-1-320x213.jpg 320w, https:\/\/clubsafranebiturbo.fr\/boutique\/wp-content\/uploads\/2015\/11\/galet-tendeur-7700260885-1-300x200.jpg 300w\" sizes=\"auto, (max-width: 262px) 100vw, 262px\" \/><\/a><\/p>\n<p>&nbsp;<\/p>\n<p><a href=\"https:\/\/www.facebook.com\/profile.php?id=100086315447468\">https:\/\/www.facebook.com\/profile.php?id=100086315447468<\/a><\/p>\n<p><a href=\"https:\/\/clubsafranebiturbo.fr\/\">https:\/\/clubsafranebiturbo.fr\/<\/a><\/p>\n<p>&nbsp;<\/p>\n<p>&nbsp;<\/p>\n<p>&nbsp;<\/p>\n<p>&nbsp;<\/p>\n","protected":false},"excerpt":{"rendered":"<p>Galet tendeur 7700260885 Le Galet tendeur 7700260885 de Safrane phase 1 pour V6 et Biturbo se monte en lieu et place de vos pi\u00e8ces d&rsquo;origines. Il s&rsquo;installe sur moteur PRV Z7X 721, Z7X 722, Z7X 723, Z7X 726, Z7X 753. Il est conforme aux caract\u00e9ristiques constructeur. Pour plus de questions vous pouvez nous contacter via [&hellip;]<\/p>\n","protected":false},"featured_media":1520,"comment_status":"open","ping_status":"closed","template":"","meta":[],"product_brand":[],"product_cat":[151,16,116,152,25,120,153,72,73,78],"product_tag":[],"class_list":{"0":"post-1518","1":"product","2":"type-product","3":"status-publish","4":"has-post-thumbnail","6":"product_cat-laguna-1","7":"product_cat-mecanique-safrane-biturbo","8":"product_cat-mecanique-safrane-quadra-renault-2","9":"product_cat-mecanique-laguna-1","10":"product_cat-moteur-safrane-biturbo","11":"product_cat-moteur-mecanique-safrane-quadra-renault-2","12":"product_cat-moteur-mecanique-laguna-1","13":"product_cat-renault-2","14":"product_cat-safrane","15":"product_cat-safrane-quadra-renault-2","17":"first","18":"instock","19":"featured","20":"taxable","21":"shipping-taxable","22":"purchasable","23":"product-type-simple"},"yoast_head":"<!-- This site is optimized with the Yoast SEO plugin v27.6 - https:\/\/yoast.com\/product\/yoast-seo-wordpress\/ -->\n<title>Galet tendeur 7700260885 - Boutique du Club Safrane Biturbo<\/title>\n<meta name=\"description\" content=\"Galet tendeur 7700260885. Il se monte en lieu et place de vos pi\u00e8ces d&#039;origines. Il se monte sur moteur PRV Z7X 721, Z7X 722, Z7X 723, Z7X 726, Z7X 753\" \/>\n<meta name=\"robots\" content=\"index, follow, max-snippet:-1, max-image-preview:large, max-video-preview:-1\" \/>\n<link rel=\"canonical\" href=\"https:\/\/clubsafranebiturbo.fr\/boutique\/produit\/galet-tendeur-7700260885\/\" \/>\n<meta property=\"og:locale\" content=\"fr_FR\" \/>\n<meta property=\"og:type\" content=\"article\" \/>\n<meta property=\"og:title\" content=\"Galet tendeur 7700260885 - Boutique du Club Safrane Biturbo\" \/>\n<meta property=\"og:description\" content=\"Galet tendeur 7700260885. Il se monte en lieu et place de vos pi\u00e8ces d&#039;origines. Il se monte sur moteur PRV Z7X 721, Z7X 722, Z7X 723, Z7X 726, Z7X 753\" \/>\n<meta property=\"og:url\" content=\"https:\/\/clubsafranebiturbo.fr\/boutique\/produit\/galet-tendeur-7700260885\/\" \/>\n<meta property=\"og:site_name\" content=\"Boutique du Club Safrane Biturbo\" \/>\n<meta property=\"article:modified_time\" content=\"2026-04-15T14:13:38+00:00\" \/>\n<meta property=\"og:image\" content=\"https:\/\/clubsafranebiturbo.fr\/boutique\/wp-content\/uploads\/2015\/11\/galet-tendeur-7700260885-1.jpg\" \/>\n\t<meta property=\"og:image:width\" content=\"600\" \/>\n\t<meta property=\"og:image:height\" content=\"399\" \/>\n\t<meta property=\"og:image:type\" content=\"image\/jpeg\" \/>\n<meta name=\"twitter:card\" content=\"summary_large_image\" \/>\n<meta name=\"twitter:site\" content=\"@clubsafranebt\" \/>\n<meta name=\"twitter:label1\" content=\"Dur\u00e9e de lecture estim\u00e9e\" \/>\n\t<meta name=\"twitter:data1\" content=\"2 minutes\" \/>\n<script type=\"application\/ld+json\" class=\"yoast-schema-graph\">{\"@context\":\"https:\\\/\\\/schema.org\",\"@graph\":[{\"@type\":\"WebPage\",\"@id\":\"https:\\\/\\\/clubsafranebiturbo.fr\\\/boutique\\\/produit\\\/galet-tendeur-7700260885\\\/\",\"url\":\"https:\\\/\\\/clubsafranebiturbo.fr\\\/boutique\\\/produit\\\/galet-tendeur-7700260885\\\/\",\"name\":\"Galet tendeur 7700260885 - Boutique du Club Safrane Biturbo\",\"isPartOf\":{\"@id\":\"https:\\\/\\\/clubsafranebiturbo.fr\\\/boutique\\\/#website\"},\"primaryImageOfPage\":{\"@id\":\"https:\\\/\\\/clubsafranebiturbo.fr\\\/boutique\\\/produit\\\/galet-tendeur-7700260885\\\/#primaryimage\"},\"image\":{\"@id\":\"https:\\\/\\\/clubsafranebiturbo.fr\\\/boutique\\\/produit\\\/galet-tendeur-7700260885\\\/#primaryimage\"},\"thumbnailUrl\":\"https:\\\/\\\/clubsafranebiturbo.fr\\\/boutique\\\/wp-content\\\/uploads\\\/2015\\\/11\\\/galet-tendeur-7700260885-1.jpg\",\"datePublished\":\"2015-11-25T20:57:25+00:00\",\"dateModified\":\"2026-04-15T14:13:38+00:00\",\"description\":\"Galet tendeur 7700260885. Il se monte en lieu et place de vos pi\u00e8ces d'origines. Il se monte sur moteur PRV Z7X 721, Z7X 722, Z7X 723, Z7X 726, Z7X 753\",\"breadcrumb\":{\"@id\":\"https:\\\/\\\/clubsafranebiturbo.fr\\\/boutique\\\/produit\\\/galet-tendeur-7700260885\\\/#breadcrumb\"},\"inLanguage\":\"fr-FR\",\"potentialAction\":[{\"@type\":\"ReadAction\",\"target\":[\"https:\\\/\\\/clubsafranebiturbo.fr\\\/boutique\\\/produit\\\/galet-tendeur-7700260885\\\/\"]}]},{\"@type\":\"ImageObject\",\"inLanguage\":\"fr-FR\",\"@id\":\"https:\\\/\\\/clubsafranebiturbo.fr\\\/boutique\\\/produit\\\/galet-tendeur-7700260885\\\/#primaryimage\",\"url\":\"https:\\\/\\\/clubsafranebiturbo.fr\\\/boutique\\\/wp-content\\\/uploads\\\/2015\\\/11\\\/galet-tendeur-7700260885-1.jpg\",\"contentUrl\":\"https:\\\/\\\/clubsafranebiturbo.fr\\\/boutique\\\/wp-content\\\/uploads\\\/2015\\\/11\\\/galet-tendeur-7700260885-1.jpg\",\"width\":600,\"height\":399,\"caption\":\"galet tendeur 7700260885\"},{\"@type\":\"BreadcrumbList\",\"@id\":\"https:\\\/\\\/clubsafranebiturbo.fr\\\/boutique\\\/produit\\\/galet-tendeur-7700260885\\\/#breadcrumb\",\"itemListElement\":[{\"@type\":\"ListItem\",\"position\":1,\"name\":\"Accueil\",\"item\":\"https:\\\/\\\/clubsafranebiturbo.fr\\\/boutique\\\/\"},{\"@type\":\"ListItem\",\"position\":2,\"name\":\"Boutique\",\"item\":\"https:\\\/\\\/clubsafranebiturbo.fr\\\/boutique\\\/boutique\\\/\"},{\"@type\":\"ListItem\",\"position\":3,\"name\":\"Galet tendeur 7700260885\"}]},{\"@type\":\"WebSite\",\"@id\":\"https:\\\/\\\/clubsafranebiturbo.fr\\\/boutique\\\/#website\",\"url\":\"https:\\\/\\\/clubsafranebiturbo.fr\\\/boutique\\\/\",\"name\":\"Boutique du Club Safrane Biturbo\",\"description\":\"Vente de pi\u00e8ces de Safrane Biturbo\",\"potentialAction\":[{\"@type\":\"SearchAction\",\"target\":{\"@type\":\"EntryPoint\",\"urlTemplate\":\"https:\\\/\\\/clubsafranebiturbo.fr\\\/boutique\\\/?s={search_term_string}\"},\"query-input\":{\"@type\":\"PropertyValueSpecification\",\"valueRequired\":true,\"valueName\":\"search_term_string\"}}],\"inLanguage\":\"fr-FR\"}]}<\/script>\n<!-- \/ Yoast SEO plugin. -->","yoast_head_json":{"title":"Galet tendeur 7700260885 - Boutique du Club Safrane Biturbo","description":"Galet tendeur 7700260885. Il se monte en lieu et place de vos pi\u00e8ces d'origines. Il se monte sur moteur PRV Z7X 721, Z7X 722, Z7X 723, Z7X 726, Z7X 753","robots":{"index":"index","follow":"follow","max-snippet":"max-snippet:-1","max-image-preview":"max-image-preview:large","max-video-preview":"max-video-preview:-1"},"canonical":"https:\/\/clubsafranebiturbo.fr\/boutique\/produit\/galet-tendeur-7700260885\/","og_locale":"fr_FR","og_type":"article","og_title":"Galet tendeur 7700260885 - Boutique du Club Safrane Biturbo","og_description":"Galet tendeur 7700260885. Il se monte en lieu et place de vos pi\u00e8ces d'origines. Il se monte sur moteur PRV Z7X 721, Z7X 722, Z7X 723, Z7X 726, Z7X 753","og_url":"https:\/\/clubsafranebiturbo.fr\/boutique\/produit\/galet-tendeur-7700260885\/","og_site_name":"Boutique du Club Safrane Biturbo","article_modified_time":"2026-04-15T14:13:38+00:00","og_image":[{"width":600,"height":399,"url":"https:\/\/clubsafranebiturbo.fr\/boutique\/wp-content\/uploads\/2015\/11\/galet-tendeur-7700260885-1.jpg","type":"image\/jpeg"}],"twitter_card":"summary_large_image","twitter_site":"@clubsafranebt","twitter_misc":{"Dur\u00e9e de lecture estim\u00e9e":"2 minutes"},"schema":{"@context":"https:\/\/schema.org","@graph":[{"@type":"WebPage","@id":"https:\/\/clubsafranebiturbo.fr\/boutique\/produit\/galet-tendeur-7700260885\/","url":"https:\/\/clubsafranebiturbo.fr\/boutique\/produit\/galet-tendeur-7700260885\/","name":"Galet tendeur 7700260885 - Boutique du Club Safrane Biturbo","isPartOf":{"@id":"https:\/\/clubsafranebiturbo.fr\/boutique\/#website"},"primaryImageOfPage":{"@id":"https:\/\/clubsafranebiturbo.fr\/boutique\/produit\/galet-tendeur-7700260885\/#primaryimage"},"image":{"@id":"https:\/\/clubsafranebiturbo.fr\/boutique\/produit\/galet-tendeur-7700260885\/#primaryimage"},"thumbnailUrl":"https:\/\/clubsafranebiturbo.fr\/boutique\/wp-content\/uploads\/2015\/11\/galet-tendeur-7700260885-1.jpg","datePublished":"2015-11-25T20:57:25+00:00","dateModified":"2026-04-15T14:13:38+00:00","description":"Galet tendeur 7700260885. Il se monte en lieu et place de vos pi\u00e8ces d'origines. Il se monte sur moteur PRV Z7X 721, Z7X 722, Z7X 723, Z7X 726, Z7X 753","breadcrumb":{"@id":"https:\/\/clubsafranebiturbo.fr\/boutique\/produit\/galet-tendeur-7700260885\/#breadcrumb"},"inLanguage":"fr-FR","potentialAction":[{"@type":"ReadAction","target":["https:\/\/clubsafranebiturbo.fr\/boutique\/produit\/galet-tendeur-7700260885\/"]}]},{"@type":"ImageObject","inLanguage":"fr-FR","@id":"https:\/\/clubsafranebiturbo.fr\/boutique\/produit\/galet-tendeur-7700260885\/#primaryimage","url":"https:\/\/clubsafranebiturbo.fr\/boutique\/wp-content\/uploads\/2015\/11\/galet-tendeur-7700260885-1.jpg","contentUrl":"https:\/\/clubsafranebiturbo.fr\/boutique\/wp-content\/uploads\/2015\/11\/galet-tendeur-7700260885-1.jpg","width":600,"height":399,"caption":"galet tendeur 7700260885"},{"@type":"BreadcrumbList","@id":"https:\/\/clubsafranebiturbo.fr\/boutique\/produit\/galet-tendeur-7700260885\/#breadcrumb","itemListElement":[{"@type":"ListItem","position":1,"name":"Accueil","item":"https:\/\/clubsafranebiturbo.fr\/boutique\/"},{"@type":"ListItem","position":2,"name":"Boutique","item":"https:\/\/clubsafranebiturbo.fr\/boutique\/boutique\/"},{"@type":"ListItem","position":3,"name":"Galet tendeur 7700260885"}]},{"@type":"WebSite","@id":"https:\/\/clubsafranebiturbo.fr\/boutique\/#website","url":"https:\/\/clubsafranebiturbo.fr\/boutique\/","name":"Boutique du Club Safrane Biturbo","description":"Vente de pi\u00e8ces de Safrane Biturbo","potentialAction":[{"@type":"SearchAction","target":{"@type":"EntryPoint","urlTemplate":"https:\/\/clubsafranebiturbo.fr\/boutique\/?s={search_term_string}"},"query-input":{"@type":"PropertyValueSpecification","valueRequired":true,"valueName":"search_term_string"}}],"inLanguage":"fr-FR"}]}},"_links":{"self":[{"href":"https:\/\/clubsafranebiturbo.fr\/boutique\/wp-json\/wp\/v2\/product\/1518","targetHints":{"allow":["GET"]}}],"collection":[{"href":"https:\/\/clubsafranebiturbo.fr\/boutique\/wp-json\/wp\/v2\/product"}],"about":[{"href":"https:\/\/clubsafranebiturbo.fr\/boutique\/wp-json\/wp\/v2\/types\/product"}],"replies":[{"embeddable":true,"href":"https:\/\/clubsafranebiturbo.fr\/boutique\/wp-json\/wp\/v2\/comments?post=1518"}],"wp:featuredmedia":[{"embeddable":true,"href":"https:\/\/clubsafranebiturbo.fr\/boutique\/wp-json\/wp\/v2\/media\/1520"}],"wp:attachment":[{"href":"https:\/\/clubsafranebiturbo.fr\/boutique\/wp-json\/wp\/v2\/media?parent=1518"}],"wp:term":[{"taxonomy":"product_brand","embeddable":true,"href":"https:\/\/clubsafranebiturbo.fr\/boutique\/wp-json\/wp\/v2\/product_brand?post=1518"},{"taxonomy":"product_cat","embeddable":true,"href":"https:\/\/clubsafranebiturbo.fr\/boutique\/wp-json\/wp\/v2\/product_cat?post=1518"},{"taxonomy":"product_tag","embeddable":true,"href":"https:\/\/clubsafranebiturbo.fr\/boutique\/wp-json\/wp\/v2\/product_tag?post=1518"}],"curies":[{"name":"wp","href":"https:\/\/api.w.org\/{rel}","templated":true}]}}