{"id":1056,"date":"2014-06-10T23:18:56","date_gmt":"2014-06-10T22:18:56","guid":{"rendered":"http:\/\/clubsafranebiturbo.fr\/boutique\/?post_type=product&#038;p=1056"},"modified":"2026-03-21T22:33:39","modified_gmt":"2026-03-21T21:33:39","slug":"culasse-safrane-biturbo-7701470148","status":"publish","type":"product","link":"https:\/\/clubsafranebiturbo.fr\/boutique\/produit\/culasse-safrane-biturbo-7701470148\/","title":{"rendered":"culasse safrane biturbo 7701470148"},"content":{"rendered":"<h2>Culasse safrane biturbo 7701470148<\/h2>\n<p>Cette culasse safrane biturbo 7701470148 est fournie dans son emballage d&rsquo;origine, strictement neuve, jamais mont\u00e9e, juste carton ouvert pour v\u00e9rifier son \u00e9tat et prendre les photos.<\/p>\n<p>Se monte sur :<\/p>\n<ul>\n<li>Alpine D503<\/li>\n<\/ul>\n<ul>\n<li>Safrane biturbo<\/li>\n<\/ul>\n<ul>\n<li>safrane v6 moteur PRV<\/li>\n<\/ul>\n<p>Possibilit\u00e9 de fournir culasse arri\u00e8re, \u00e0 demander en nous contactant par mail pour faire un prix global. De nombreuses autres pi\u00e8ces non disponible sur la boutique encore peuvent \u00eatre fournies, n&rsquo;h\u00e9sitez pas \u00e0 demander au cas ou.<\/p>\n<h2 style=\"text-align: justify;\"><span style=\"font-family: arial, helvetica, sans-serif;\">Livraison<\/span><\/h2>\n<p style=\"text-align: justify;\"><span style=\"font-family: arial, helvetica, sans-serif;\">D\u00e9lai de livraison : 7 \u00e0 15 jours apr\u00e8s r\u00e9ception de votre paiement sur nos comptes. Toutefois, nous vous rappelons que nous sommes une association, et que notre temps libre pr\u00e9vaut sur le temps consacr\u00e9 au Club. En conclusion, il peut donc arriver que ces d\u00e9lais soient plus long. Pour un traitement plus rapide de votre commande, vous pouvez nous contacter par mail et faire un virement bancaire. Il se peut que le prix de la livraison soit fauss\u00e9, nous avons pas trouv\u00e9 la solution encore, n&rsquo;h\u00e9sitez pas \u00e0 nous contacter avant de passer au paiement, il se peut que nous vous demandions une correction, mais c&rsquo;est rare.<\/span><\/p>\n<p style=\"text-align: justify;\"><span style=\"font-family: arial, helvetica, sans-serif;\">Livraison par Collissimo recommand\u00e9 \u00e0 r\u00e9ception du paiement sur nos comptes. En consultant le site de la poste, avec le num\u00e9ro de suivi que vous recevrez par mail, il vous permettra de suivre l&rsquo;avancement de la livraison. Envoi soign\u00e9 et bien prot\u00e9g\u00e9.<\/span><\/p>\n<h2 style=\"text-align: justify;\"><span style=\"font-family: arial, helvetica, sans-serif;\">Stock<\/span><\/h2>\n<p style=\"text-align: justify;\"><span style=\"font-family: arial, helvetica, sans-serif; color: #ff0000;\">Ces pi\u00e8ces sont pr\u00e9sentes dans notre stock et vous serez donc assur\u00e9 de la livraison. Vous ne recevrez pas de mail vous informant que nous sommes en rupture. Si les pi\u00e8ces ne sont pas disponibles vous ne pourrez tout simplement pas les commander. A noter que nous sommes une association et faisons cela sur notre temps libre. Il est donc possible que de temps en temps les r\u00e9ponses ou les d\u00e9lais de livraison soient plus long que la normale.<\/span><\/p>\n<p>&nbsp;<\/p>\n<p>&nbsp;<\/p>\n<p><a href=\"http:\/\/clubsafranebiturbo.fr\/boutique\/wp-content\/uploads\/2015\/04\/culasse-avant-safrane-biturbo-alpine-D503-3.jpg\"><img loading=\"lazy\" decoding=\"async\" class=\" size-medium wp-image-1338 aligncenter\" src=\"http:\/\/clubsafranebiturbo.fr\/boutique\/wp-content\/uploads\/2015\/04\/culasse-avant-safrane-biturbo-alpine-D503-3-300x200.jpg\" alt=\"culasse avant safrane biturbo alpine D503 3\" width=\"300\" height=\"200\" srcset=\"https:\/\/clubsafranebiturbo.fr\/boutique\/wp-content\/uploads\/2015\/04\/culasse-avant-safrane-biturbo-alpine-D503-3-300x200.jpg 300w, https:\/\/clubsafranebiturbo.fr\/boutique\/wp-content\/uploads\/2015\/04\/culasse-avant-safrane-biturbo-alpine-D503-3-320x213.jpg 320w, https:\/\/clubsafranebiturbo.fr\/boutique\/wp-content\/uploads\/2015\/04\/culasse-avant-safrane-biturbo-alpine-D503-3.jpg 600w\" sizes=\"auto, (max-width: 300px) 100vw, 300px\" \/><\/a><\/p>\n<p>&nbsp;<\/p>\n<p><a href=\"https:\/\/www.facebook.com\/profile.php?id=100086315447468\">https:\/\/www.facebook.com\/profile.php?id=100086315447468<\/a><\/p>\n<p><a href=\"http:\/\/clubsafranebiturbo.fr\/\">http:\/\/clubsafranebiturbo.fr\/<\/a><\/p>\n","protected":false},"excerpt":{"rendered":"<p>Culasse safrane biturbo 7701470148 Cette culasse safrane biturbo 7701470148 est fournie dans son emballage d&rsquo;origine, strictement neuve, jamais mont\u00e9e, juste carton ouvert pour v\u00e9rifier son \u00e9tat et prendre les photos. Se monte sur : Alpine D503 Safrane biturbo safrane v6 moteur PRV Possibilit\u00e9 de fournir culasse arri\u00e8re, \u00e0 demander en nous contactant par mail pour [&hellip;]<\/p>\n","protected":false},"featured_media":1338,"comment_status":"open","ping_status":"closed","template":"","meta":[],"product_brand":[],"product_cat":[99,103,16,25,72,73,78],"product_tag":[108,63],"class_list":{"0":"post-1056","1":"product","2":"type-product","3":"status-publish","4":"has-post-thumbnail","6":"product_cat-alpine","7":"product_cat-d503","8":"product_cat-mecanique-safrane-biturbo","9":"product_cat-moteur-safrane-biturbo","10":"product_cat-renault-2","11":"product_cat-safrane","12":"product_cat-safrane-quadra-renault-2","13":"product_tag-culasse-avant-safrane-biturbo-alpine-d503","14":"product_tag-safrane-biturbo","16":"first","17":"instock","18":"featured","19":"taxable","20":"shipping-taxable","21":"purchasable","22":"product-type-simple"},"yoast_head":"<!-- This site is optimized with the Yoast SEO plugin v27.5 - https:\/\/yoast.com\/product\/yoast-seo-wordpress\/ -->\n<title>culasse safrane biturbo 7701470148 - Boutique du Club Safrane Biturbo<\/title>\n<meta name=\"description\" content=\"Cette culasse safrane biturbo 7701470148 est fournie dans son emballage d&#039;origine, strictement neuve, jamais mont\u00e9e, carton ouvert pour v\u00e9rifier son \u00e9tat\" \/>\n<meta name=\"robots\" content=\"index, follow, max-snippet:-1, max-image-preview:large, max-video-preview:-1\" \/>\n<link rel=\"canonical\" href=\"https:\/\/clubsafranebiturbo.fr\/boutique\/produit\/culasse-safrane-biturbo-7701470148\/\" \/>\n<meta property=\"og:locale\" content=\"fr_FR\" \/>\n<meta property=\"og:type\" content=\"article\" \/>\n<meta property=\"og:title\" content=\"culasse safrane biturbo 7701470148 - Boutique du Club Safrane Biturbo\" \/>\n<meta property=\"og:description\" content=\"Cette culasse safrane biturbo 7701470148 est fournie dans son emballage d&#039;origine, strictement neuve, jamais mont\u00e9e, carton ouvert pour v\u00e9rifier son \u00e9tat\" \/>\n<meta property=\"og:url\" content=\"https:\/\/clubsafranebiturbo.fr\/boutique\/produit\/culasse-safrane-biturbo-7701470148\/\" \/>\n<meta property=\"og:site_name\" content=\"Boutique du Club Safrane Biturbo\" \/>\n<meta property=\"article:modified_time\" content=\"2026-03-21T21:33:39+00:00\" \/>\n<meta property=\"og:image\" content=\"https:\/\/clubsafranebiturbo.fr\/boutique\/wp-content\/uploads\/2015\/04\/culasse-avant-safrane-biturbo-alpine-D503-3.jpg\" \/>\n\t<meta property=\"og:image:width\" content=\"600\" \/>\n\t<meta property=\"og:image:height\" content=\"399\" \/>\n\t<meta property=\"og:image:type\" content=\"image\/jpeg\" \/>\n<meta name=\"twitter:card\" content=\"summary_large_image\" \/>\n<meta name=\"twitter:site\" content=\"@clubsafranebt\" \/>\n<meta name=\"twitter:label1\" content=\"Dur\u00e9e de lecture estim\u00e9e\" \/>\n\t<meta name=\"twitter:data1\" content=\"2 minutes\" \/>\n<script type=\"application\/ld+json\" class=\"yoast-schema-graph\">{\"@context\":\"https:\\\/\\\/schema.org\",\"@graph\":[{\"@type\":\"WebPage\",\"@id\":\"https:\\\/\\\/clubsafranebiturbo.fr\\\/boutique\\\/produit\\\/culasse-safrane-biturbo-7701470148\\\/\",\"url\":\"https:\\\/\\\/clubsafranebiturbo.fr\\\/boutique\\\/produit\\\/culasse-safrane-biturbo-7701470148\\\/\",\"name\":\"culasse safrane biturbo 7701470148 - Boutique du Club Safrane Biturbo\",\"isPartOf\":{\"@id\":\"https:\\\/\\\/clubsafranebiturbo.fr\\\/boutique\\\/#website\"},\"primaryImageOfPage\":{\"@id\":\"https:\\\/\\\/clubsafranebiturbo.fr\\\/boutique\\\/produit\\\/culasse-safrane-biturbo-7701470148\\\/#primaryimage\"},\"image\":{\"@id\":\"https:\\\/\\\/clubsafranebiturbo.fr\\\/boutique\\\/produit\\\/culasse-safrane-biturbo-7701470148\\\/#primaryimage\"},\"thumbnailUrl\":\"https:\\\/\\\/clubsafranebiturbo.fr\\\/boutique\\\/wp-content\\\/uploads\\\/2015\\\/04\\\/culasse-avant-safrane-biturbo-alpine-D503-3.jpg\",\"datePublished\":\"2014-06-10T22:18:56+00:00\",\"dateModified\":\"2026-03-21T21:33:39+00:00\",\"description\":\"Cette culasse safrane biturbo 7701470148 est fournie dans son emballage d'origine, strictement neuve, jamais mont\u00e9e, carton ouvert pour v\u00e9rifier son \u00e9tat\",\"breadcrumb\":{\"@id\":\"https:\\\/\\\/clubsafranebiturbo.fr\\\/boutique\\\/produit\\\/culasse-safrane-biturbo-7701470148\\\/#breadcrumb\"},\"inLanguage\":\"fr-FR\",\"potentialAction\":[{\"@type\":\"ReadAction\",\"target\":[\"https:\\\/\\\/clubsafranebiturbo.fr\\\/boutique\\\/produit\\\/culasse-safrane-biturbo-7701470148\\\/\"]}]},{\"@type\":\"ImageObject\",\"inLanguage\":\"fr-FR\",\"@id\":\"https:\\\/\\\/clubsafranebiturbo.fr\\\/boutique\\\/produit\\\/culasse-safrane-biturbo-7701470148\\\/#primaryimage\",\"url\":\"https:\\\/\\\/clubsafranebiturbo.fr\\\/boutique\\\/wp-content\\\/uploads\\\/2015\\\/04\\\/culasse-avant-safrane-biturbo-alpine-D503-3.jpg\",\"contentUrl\":\"https:\\\/\\\/clubsafranebiturbo.fr\\\/boutique\\\/wp-content\\\/uploads\\\/2015\\\/04\\\/culasse-avant-safrane-biturbo-alpine-D503-3.jpg\",\"width\":600,\"height\":399,\"caption\":\"culasse safrane biturbo 7701470148\"},{\"@type\":\"BreadcrumbList\",\"@id\":\"https:\\\/\\\/clubsafranebiturbo.fr\\\/boutique\\\/produit\\\/culasse-safrane-biturbo-7701470148\\\/#breadcrumb\",\"itemListElement\":[{\"@type\":\"ListItem\",\"position\":1,\"name\":\"Accueil\",\"item\":\"https:\\\/\\\/clubsafranebiturbo.fr\\\/boutique\\\/\"},{\"@type\":\"ListItem\",\"position\":2,\"name\":\"Boutique\",\"item\":\"https:\\\/\\\/clubsafranebiturbo.fr\\\/boutique\\\/boutique\\\/\"},{\"@type\":\"ListItem\",\"position\":3,\"name\":\"culasse safrane biturbo 7701470148\"}]},{\"@type\":\"WebSite\",\"@id\":\"https:\\\/\\\/clubsafranebiturbo.fr\\\/boutique\\\/#website\",\"url\":\"https:\\\/\\\/clubsafranebiturbo.fr\\\/boutique\\\/\",\"name\":\"Boutique du Club Safrane Biturbo\",\"description\":\"Vente de pi\u00e8ces de Safrane Biturbo\",\"potentialAction\":[{\"@type\":\"SearchAction\",\"target\":{\"@type\":\"EntryPoint\",\"urlTemplate\":\"https:\\\/\\\/clubsafranebiturbo.fr\\\/boutique\\\/?s={search_term_string}\"},\"query-input\":{\"@type\":\"PropertyValueSpecification\",\"valueRequired\":true,\"valueName\":\"search_term_string\"}}],\"inLanguage\":\"fr-FR\"}]}<\/script>\n<!-- \/ Yoast SEO plugin. -->","yoast_head_json":{"title":"culasse safrane biturbo 7701470148 - Boutique du Club Safrane Biturbo","description":"Cette culasse safrane biturbo 7701470148 est fournie dans son emballage d'origine, strictement neuve, jamais mont\u00e9e, carton ouvert pour v\u00e9rifier son \u00e9tat","robots":{"index":"index","follow":"follow","max-snippet":"max-snippet:-1","max-image-preview":"max-image-preview:large","max-video-preview":"max-video-preview:-1"},"canonical":"https:\/\/clubsafranebiturbo.fr\/boutique\/produit\/culasse-safrane-biturbo-7701470148\/","og_locale":"fr_FR","og_type":"article","og_title":"culasse safrane biturbo 7701470148 - Boutique du Club Safrane Biturbo","og_description":"Cette culasse safrane biturbo 7701470148 est fournie dans son emballage d'origine, strictement neuve, jamais mont\u00e9e, carton ouvert pour v\u00e9rifier son \u00e9tat","og_url":"https:\/\/clubsafranebiturbo.fr\/boutique\/produit\/culasse-safrane-biturbo-7701470148\/","og_site_name":"Boutique du Club Safrane Biturbo","article_modified_time":"2026-03-21T21:33:39+00:00","og_image":[{"width":600,"height":399,"url":"https:\/\/clubsafranebiturbo.fr\/boutique\/wp-content\/uploads\/2015\/04\/culasse-avant-safrane-biturbo-alpine-D503-3.jpg","type":"image\/jpeg"}],"twitter_card":"summary_large_image","twitter_site":"@clubsafranebt","twitter_misc":{"Dur\u00e9e de lecture estim\u00e9e":"2 minutes"},"schema":{"@context":"https:\/\/schema.org","@graph":[{"@type":"WebPage","@id":"https:\/\/clubsafranebiturbo.fr\/boutique\/produit\/culasse-safrane-biturbo-7701470148\/","url":"https:\/\/clubsafranebiturbo.fr\/boutique\/produit\/culasse-safrane-biturbo-7701470148\/","name":"culasse safrane biturbo 7701470148 - Boutique du Club Safrane Biturbo","isPartOf":{"@id":"https:\/\/clubsafranebiturbo.fr\/boutique\/#website"},"primaryImageOfPage":{"@id":"https:\/\/clubsafranebiturbo.fr\/boutique\/produit\/culasse-safrane-biturbo-7701470148\/#primaryimage"},"image":{"@id":"https:\/\/clubsafranebiturbo.fr\/boutique\/produit\/culasse-safrane-biturbo-7701470148\/#primaryimage"},"thumbnailUrl":"https:\/\/clubsafranebiturbo.fr\/boutique\/wp-content\/uploads\/2015\/04\/culasse-avant-safrane-biturbo-alpine-D503-3.jpg","datePublished":"2014-06-10T22:18:56+00:00","dateModified":"2026-03-21T21:33:39+00:00","description":"Cette culasse safrane biturbo 7701470148 est fournie dans son emballage d'origine, strictement neuve, jamais mont\u00e9e, carton ouvert pour v\u00e9rifier son \u00e9tat","breadcrumb":{"@id":"https:\/\/clubsafranebiturbo.fr\/boutique\/produit\/culasse-safrane-biturbo-7701470148\/#breadcrumb"},"inLanguage":"fr-FR","potentialAction":[{"@type":"ReadAction","target":["https:\/\/clubsafranebiturbo.fr\/boutique\/produit\/culasse-safrane-biturbo-7701470148\/"]}]},{"@type":"ImageObject","inLanguage":"fr-FR","@id":"https:\/\/clubsafranebiturbo.fr\/boutique\/produit\/culasse-safrane-biturbo-7701470148\/#primaryimage","url":"https:\/\/clubsafranebiturbo.fr\/boutique\/wp-content\/uploads\/2015\/04\/culasse-avant-safrane-biturbo-alpine-D503-3.jpg","contentUrl":"https:\/\/clubsafranebiturbo.fr\/boutique\/wp-content\/uploads\/2015\/04\/culasse-avant-safrane-biturbo-alpine-D503-3.jpg","width":600,"height":399,"caption":"culasse safrane biturbo 7701470148"},{"@type":"BreadcrumbList","@id":"https:\/\/clubsafranebiturbo.fr\/boutique\/produit\/culasse-safrane-biturbo-7701470148\/#breadcrumb","itemListElement":[{"@type":"ListItem","position":1,"name":"Accueil","item":"https:\/\/clubsafranebiturbo.fr\/boutique\/"},{"@type":"ListItem","position":2,"name":"Boutique","item":"https:\/\/clubsafranebiturbo.fr\/boutique\/boutique\/"},{"@type":"ListItem","position":3,"name":"culasse safrane biturbo 7701470148"}]},{"@type":"WebSite","@id":"https:\/\/clubsafranebiturbo.fr\/boutique\/#website","url":"https:\/\/clubsafranebiturbo.fr\/boutique\/","name":"Boutique du Club Safrane Biturbo","description":"Vente de pi\u00e8ces de Safrane Biturbo","potentialAction":[{"@type":"SearchAction","target":{"@type":"EntryPoint","urlTemplate":"https:\/\/clubsafranebiturbo.fr\/boutique\/?s={search_term_string}"},"query-input":{"@type":"PropertyValueSpecification","valueRequired":true,"valueName":"search_term_string"}}],"inLanguage":"fr-FR"}]}},"_links":{"self":[{"href":"https:\/\/clubsafranebiturbo.fr\/boutique\/wp-json\/wp\/v2\/product\/1056","targetHints":{"allow":["GET"]}}],"collection":[{"href":"https:\/\/clubsafranebiturbo.fr\/boutique\/wp-json\/wp\/v2\/product"}],"about":[{"href":"https:\/\/clubsafranebiturbo.fr\/boutique\/wp-json\/wp\/v2\/types\/product"}],"replies":[{"embeddable":true,"href":"https:\/\/clubsafranebiturbo.fr\/boutique\/wp-json\/wp\/v2\/comments?post=1056"}],"wp:featuredmedia":[{"embeddable":true,"href":"https:\/\/clubsafranebiturbo.fr\/boutique\/wp-json\/wp\/v2\/media\/1338"}],"wp:attachment":[{"href":"https:\/\/clubsafranebiturbo.fr\/boutique\/wp-json\/wp\/v2\/media?parent=1056"}],"wp:term":[{"taxonomy":"product_brand","embeddable":true,"href":"https:\/\/clubsafranebiturbo.fr\/boutique\/wp-json\/wp\/v2\/product_brand?post=1056"},{"taxonomy":"product_cat","embeddable":true,"href":"https:\/\/clubsafranebiturbo.fr\/boutique\/wp-json\/wp\/v2\/product_cat?post=1056"},{"taxonomy":"product_tag","embeddable":true,"href":"https:\/\/clubsafranebiturbo.fr\/boutique\/wp-json\/wp\/v2\/product_tag?post=1056"}],"curies":[{"name":"wp","href":"https:\/\/api.w.org\/{rel}","templated":true}]}}