{"id":691,"date":"2013-10-21T23:14:46","date_gmt":"2013-10-21T22:14:46","guid":{"rendered":"http:\/\/clubsafranebiturbo.fr\/boutique\/?page_id=691"},"modified":"2015-04-19T21:54:10","modified_gmt":"2015-04-19T20:54:10","slug":"sommes","status":"publish","type":"page","link":"https:\/\/clubsafranebiturbo.fr\/boutique\/sommes\/","title":{"rendered":"Qui sommes nous"},"content":{"rendered":"<p>Cr\u00e9\u00e9 le 03 Novembre 2012, ce club est l\u2019aboutissement du travail de plusieurs passionn\u00e9s, et de la n\u00e9cessit\u00e9 de trouver des solutions qui perdurent pour entretenir au mieux notre v\u00e9hicule.<\/p>\n<p>Produite de 1993 \u00e0 1996, la Renault Safrane Biturbo est une s\u00e9rie limit\u00e9e de la Safrane, \u00e9quip\u00e9e d\u2019un moteur V6 biturbo, pour une puissance maximum de 268 chevaux \u00e0 5 500 tr\/min. Avec sa bo\u00eete de vitesse manuelle \u00e0 5 rapports et sa transmission int\u00e9grale, elle atteint une vitesse maximale de 252 km\/h. Elue voiture Renault grand public la plus puissante, la plus ch\u00e8re et la plus confidentielle de toute l\u2019histoire de la marque, elle reste une voiture d\u2019exception dont l\u2019entretien ne doit pas \u00eatre n\u00e9glig\u00e9. Safraniens passionn\u00e9s, nous sommes l\u00e0 pour promouvoir ce v\u00e9hicule que nous aimons tant. (N\u2019en d\u00e9plaise \u00e0 certains\u2026)<\/p>\n<p>Naviguez \u00e0 travers la vie du club gr\u00e2ce \u00e0 ce nouveau site, et devenez membre du club pour partager avec nous votre passion pour la Safrane Biturbo V6. En devenant membre, cela vous donnera acc\u00e8s aux parties priv\u00e9es du site internet, vous donnera des avantages sur la boutique et sur les commandes group\u00e9es organis\u00e9es sur le forum.<\/p>\n<p>A l\u2019origine de ce rassemblement de passionn\u00e9s, le forum\u00a0<a href=\"http:\/\/safrane-biturbo.forumsclub.com\/\" target=\"_blank\">Renault Safrane Biturbo<\/a>\u00a0vous ouvre ses portes. Vivez votre passion, informez-vous, communiquez, et \u00e9changez dans la convivialit\u00e9 et la bonne humeur.<\/p>\n","protected":false},"excerpt":{"rendered":"<p>Cr\u00e9\u00e9 le 03 Novembre 2012, ce club est l\u2019aboutissement du travail de plusieurs passionn\u00e9s, et de la n\u00e9cessit\u00e9 de trouver des solutions qui perdurent pour entretenir au mieux notre v\u00e9hicule. Produite de 1993 \u00e0 1996, la Renault Safrane Biturbo est une s\u00e9rie limit\u00e9e de la Safrane, \u00e9quip\u00e9e d\u2019un moteur V6 biturbo, pour une puissance maximum [&hellip;]<\/p>\n","protected":false},"author":52,"featured_media":0,"parent":0,"menu_order":0,"comment_status":"open","ping_status":"open","template":"","meta":{"footnotes":""},"class_list":["post-691","page","type-page","status-publish","hentry"],"yoast_head":"<!-- This site is optimized with the Yoast SEO plugin v27.6 - https:\/\/yoast.com\/product\/yoast-seo-wordpress\/ -->\n<title>Qui sommes nous - Boutique du Club Safrane Biturbo<\/title>\n<meta name=\"robots\" content=\"index, follow, max-snippet:-1, max-image-preview:large, max-video-preview:-1\" \/>\n<link rel=\"canonical\" href=\"https:\/\/clubsafranebiturbo.fr\/boutique\/sommes\/\" \/>\n<meta property=\"og:locale\" content=\"fr_FR\" \/>\n<meta property=\"og:type\" content=\"article\" \/>\n<meta property=\"og:title\" content=\"Qui sommes nous - Boutique du Club Safrane Biturbo\" \/>\n<meta property=\"og:description\" content=\"Cr\u00e9\u00e9 le 03 Novembre 2012, ce club est l\u2019aboutissement du travail de plusieurs passionn\u00e9s, et de la n\u00e9cessit\u00e9 de trouver des solutions qui perdurent pour entretenir au mieux notre v\u00e9hicule. Produite de 1993 \u00e0 1996, la Renault Safrane Biturbo est une s\u00e9rie limit\u00e9e de la Safrane, \u00e9quip\u00e9e d\u2019un moteur V6 biturbo, pour une puissance maximum [&hellip;]\" \/>\n<meta property=\"og:url\" content=\"https:\/\/clubsafranebiturbo.fr\/boutique\/sommes\/\" \/>\n<meta property=\"og:site_name\" content=\"Boutique du Club Safrane Biturbo\" \/>\n<meta property=\"article:modified_time\" content=\"2015-04-19T20:54:10+00:00\" \/>\n<meta name=\"twitter:card\" content=\"summary_large_image\" \/>\n<meta name=\"twitter:site\" content=\"@clubsafranebt\" \/>\n<meta name=\"twitter:label1\" content=\"Dur\u00e9e de lecture estim\u00e9e\" \/>\n\t<meta name=\"twitter:data1\" content=\"1 minute\" \/>\n<script type=\"application\/ld+json\" class=\"yoast-schema-graph\">{\"@context\":\"https:\\\/\\\/schema.org\",\"@graph\":[{\"@type\":\"WebPage\",\"@id\":\"https:\\\/\\\/clubsafranebiturbo.fr\\\/boutique\\\/sommes\\\/\",\"url\":\"https:\\\/\\\/clubsafranebiturbo.fr\\\/boutique\\\/sommes\\\/\",\"name\":\"Qui sommes nous - Boutique du Club Safrane Biturbo\",\"isPartOf\":{\"@id\":\"https:\\\/\\\/clubsafranebiturbo.fr\\\/boutique\\\/#website\"},\"datePublished\":\"2013-10-21T22:14:46+00:00\",\"dateModified\":\"2015-04-19T20:54:10+00:00\",\"breadcrumb\":{\"@id\":\"https:\\\/\\\/clubsafranebiturbo.fr\\\/boutique\\\/sommes\\\/#breadcrumb\"},\"inLanguage\":\"fr-FR\",\"potentialAction\":[{\"@type\":\"ReadAction\",\"target\":[\"https:\\\/\\\/clubsafranebiturbo.fr\\\/boutique\\\/sommes\\\/\"]}]},{\"@type\":\"BreadcrumbList\",\"@id\":\"https:\\\/\\\/clubsafranebiturbo.fr\\\/boutique\\\/sommes\\\/#breadcrumb\",\"itemListElement\":[{\"@type\":\"ListItem\",\"position\":1,\"name\":\"Accueil\",\"item\":\"https:\\\/\\\/clubsafranebiturbo.fr\\\/boutique\\\/\"},{\"@type\":\"ListItem\",\"position\":2,\"name\":\"Qui sommes nous\"}]},{\"@type\":\"WebSite\",\"@id\":\"https:\\\/\\\/clubsafranebiturbo.fr\\\/boutique\\\/#website\",\"url\":\"https:\\\/\\\/clubsafranebiturbo.fr\\\/boutique\\\/\",\"name\":\"Boutique du Club Safrane Biturbo\",\"description\":\"Vente de pi\u00e8ces de Safrane Biturbo\",\"potentialAction\":[{\"@type\":\"SearchAction\",\"target\":{\"@type\":\"EntryPoint\",\"urlTemplate\":\"https:\\\/\\\/clubsafranebiturbo.fr\\\/boutique\\\/?s={search_term_string}\"},\"query-input\":{\"@type\":\"PropertyValueSpecification\",\"valueRequired\":true,\"valueName\":\"search_term_string\"}}],\"inLanguage\":\"fr-FR\"}]}<\/script>\n<!-- \/ Yoast SEO plugin. -->","yoast_head_json":{"title":"Qui sommes nous - Boutique du Club Safrane Biturbo","robots":{"index":"index","follow":"follow","max-snippet":"max-snippet:-1","max-image-preview":"max-image-preview:large","max-video-preview":"max-video-preview:-1"},"canonical":"https:\/\/clubsafranebiturbo.fr\/boutique\/sommes\/","og_locale":"fr_FR","og_type":"article","og_title":"Qui sommes nous - Boutique du Club Safrane Biturbo","og_description":"Cr\u00e9\u00e9 le 03 Novembre 2012, ce club est l\u2019aboutissement du travail de plusieurs passionn\u00e9s, et de la n\u00e9cessit\u00e9 de trouver des solutions qui perdurent pour entretenir au mieux notre v\u00e9hicule. Produite de 1993 \u00e0 1996, la Renault Safrane Biturbo est une s\u00e9rie limit\u00e9e de la Safrane, \u00e9quip\u00e9e d\u2019un moteur V6 biturbo, pour une puissance maximum [&hellip;]","og_url":"https:\/\/clubsafranebiturbo.fr\/boutique\/sommes\/","og_site_name":"Boutique du Club Safrane Biturbo","article_modified_time":"2015-04-19T20:54:10+00:00","twitter_card":"summary_large_image","twitter_site":"@clubsafranebt","twitter_misc":{"Dur\u00e9e de lecture estim\u00e9e":"1 minute"},"schema":{"@context":"https:\/\/schema.org","@graph":[{"@type":"WebPage","@id":"https:\/\/clubsafranebiturbo.fr\/boutique\/sommes\/","url":"https:\/\/clubsafranebiturbo.fr\/boutique\/sommes\/","name":"Qui sommes nous - Boutique du Club Safrane Biturbo","isPartOf":{"@id":"https:\/\/clubsafranebiturbo.fr\/boutique\/#website"},"datePublished":"2013-10-21T22:14:46+00:00","dateModified":"2015-04-19T20:54:10+00:00","breadcrumb":{"@id":"https:\/\/clubsafranebiturbo.fr\/boutique\/sommes\/#breadcrumb"},"inLanguage":"fr-FR","potentialAction":[{"@type":"ReadAction","target":["https:\/\/clubsafranebiturbo.fr\/boutique\/sommes\/"]}]},{"@type":"BreadcrumbList","@id":"https:\/\/clubsafranebiturbo.fr\/boutique\/sommes\/#breadcrumb","itemListElement":[{"@type":"ListItem","position":1,"name":"Accueil","item":"https:\/\/clubsafranebiturbo.fr\/boutique\/"},{"@type":"ListItem","position":2,"name":"Qui sommes nous"}]},{"@type":"WebSite","@id":"https:\/\/clubsafranebiturbo.fr\/boutique\/#website","url":"https:\/\/clubsafranebiturbo.fr\/boutique\/","name":"Boutique du Club Safrane Biturbo","description":"Vente de pi\u00e8ces de Safrane Biturbo","potentialAction":[{"@type":"SearchAction","target":{"@type":"EntryPoint","urlTemplate":"https:\/\/clubsafranebiturbo.fr\/boutique\/?s={search_term_string}"},"query-input":{"@type":"PropertyValueSpecification","valueRequired":true,"valueName":"search_term_string"}}],"inLanguage":"fr-FR"}]}},"_links":{"self":[{"href":"https:\/\/clubsafranebiturbo.fr\/boutique\/wp-json\/wp\/v2\/pages\/691","targetHints":{"allow":["GET"]}}],"collection":[{"href":"https:\/\/clubsafranebiturbo.fr\/boutique\/wp-json\/wp\/v2\/pages"}],"about":[{"href":"https:\/\/clubsafranebiturbo.fr\/boutique\/wp-json\/wp\/v2\/types\/page"}],"author":[{"embeddable":true,"href":"https:\/\/clubsafranebiturbo.fr\/boutique\/wp-json\/wp\/v2\/users\/52"}],"replies":[{"embeddable":true,"href":"https:\/\/clubsafranebiturbo.fr\/boutique\/wp-json\/wp\/v2\/comments?post=691"}],"version-history":[{"count":1,"href":"https:\/\/clubsafranebiturbo.fr\/boutique\/wp-json\/wp\/v2\/pages\/691\/revisions"}],"predecessor-version":[{"id":1288,"href":"https:\/\/clubsafranebiturbo.fr\/boutique\/wp-json\/wp\/v2\/pages\/691\/revisions\/1288"}],"wp:attachment":[{"href":"https:\/\/clubsafranebiturbo.fr\/boutique\/wp-json\/wp\/v2\/media?parent=691"}],"curies":[{"name":"wp","href":"https:\/\/api.w.org\/{rel}","templated":true}]}}