{"id":686,"date":"2013-10-21T23:01:36","date_gmt":"2013-10-21T22:01:36","guid":{"rendered":"http:\/\/clubsafranebiturbo.fr\/boutique\/?page_id=686"},"modified":"2015-04-19T22:11:35","modified_gmt":"2015-04-19T21:11:35","slug":"aide-vos-commandes","status":"publish","type":"page","link":"https:\/\/clubsafranebiturbo.fr\/boutique\/aide-vos-commandes\/","title":{"rendered":"Aide pour vos commandes"},"content":{"rendered":"<p style=\"text-align: justify;\">Avant de valider votre commande, n&rsquo;oubliez pas de choisir votre m\u00e9thode de livraison. Soit une remise en main propre, soit une livraison par la poste ou par transporteur suivant le produit que vous commandez.\u00a0<br clear=\"none\" \/><br clear=\"none\" \/>Lorsque vous aurez tout bien v\u00e9rifi\u00e9, il vous suffit de nous faire parvenir le r\u00e8glement de votre commande, soit par ch\u00e8que, soit par virement bancaire, ou en liquide si vous choisissez une remise en main propre. Le paypal sera mis en place en fin d&rsquo;ann\u00e9e.<\/p>\n<p style=\"text-align: justify;\">Lorsque le paiement nous sera parvenu et cr\u00e9dit\u00e9 sur notre compte, nous vous en informerons, et nous vous ferons parvenir votre commande en collissimo en vous communiquant le num\u00e9ro de suivi ou par transporteur priv\u00e9 suivant le produit que vous aurez command\u00e9.<\/p>\n<p><br clear=\"none\" \/><br clear=\"none\" \/><\/p>\n<p style=\"text-align: justify;\">Votre commande sera trait\u00e9e au plus vite, et vous serez inform\u00e9 \u00e0 chaque nouvelle \u00e9tape de celle-ci.<\/p>\n<p><br clear=\"none\" \/><br clear=\"none\" \/><\/p>\n<p style=\"text-align: justify;\">Cordialement.<\/p>\n<p><br clear=\"none\" \/><br clear=\"none\" \/><\/p>\n<p style=\"text-align: justify;\"><span style=\"color: #0000ff;\">Staff<\/span> <span style=\"color: #0000ff;\">Club<\/span> Safrane <span style=\"color: #ff0000;\">Biturbo<\/span><\/p>\n","protected":false},"excerpt":{"rendered":"<p>Avant de valider votre commande, n&rsquo;oubliez pas de choisir votre m\u00e9thode de livraison. Soit une remise en main propre, soit une livraison par la poste ou par transporteur suivant le produit que vous commandez.\u00a0Lorsque vous aurez tout bien v\u00e9rifi\u00e9, il vous suffit de nous faire parvenir le r\u00e8glement de votre commande, soit par ch\u00e8que, soit [&hellip;]<\/p>\n","protected":false},"author":52,"featured_media":0,"parent":0,"menu_order":0,"comment_status":"open","ping_status":"open","template":"","meta":{"footnotes":""},"class_list":["post-686","page","type-page","status-publish","hentry"],"yoast_head":"<!-- This site is optimized with the Yoast SEO plugin v27.5 - https:\/\/yoast.com\/product\/yoast-seo-wordpress\/ -->\n<title>Aide pour vos commandes - Boutique du Club Safrane Biturbo<\/title>\n<meta name=\"robots\" content=\"index, follow, max-snippet:-1, max-image-preview:large, max-video-preview:-1\" \/>\n<link rel=\"canonical\" href=\"https:\/\/clubsafranebiturbo.fr\/boutique\/aide-vos-commandes\/\" \/>\n<meta property=\"og:locale\" content=\"fr_FR\" \/>\n<meta property=\"og:type\" content=\"article\" \/>\n<meta property=\"og:title\" content=\"Aide pour vos commandes - Boutique du Club Safrane Biturbo\" \/>\n<meta property=\"og:description\" content=\"Avant de valider votre commande, n&rsquo;oubliez pas de choisir votre m\u00e9thode de livraison. Soit une remise en main propre, soit une livraison par la poste ou par transporteur suivant le produit que vous commandez.\u00a0Lorsque vous aurez tout bien v\u00e9rifi\u00e9, il vous suffit de nous faire parvenir le r\u00e8glement de votre commande, soit par ch\u00e8que, soit [&hellip;]\" \/>\n<meta property=\"og:url\" content=\"https:\/\/clubsafranebiturbo.fr\/boutique\/aide-vos-commandes\/\" \/>\n<meta property=\"og:site_name\" content=\"Boutique du Club Safrane Biturbo\" \/>\n<meta property=\"article:modified_time\" content=\"2015-04-19T21:11:35+00:00\" \/>\n<meta name=\"twitter:card\" content=\"summary_large_image\" \/>\n<meta name=\"twitter:site\" content=\"@clubsafranebt\" \/>\n<meta name=\"twitter:label1\" content=\"Dur\u00e9e de lecture estim\u00e9e\" \/>\n\t<meta name=\"twitter:data1\" content=\"1 minute\" \/>\n<script type=\"application\/ld+json\" class=\"yoast-schema-graph\">{\"@context\":\"https:\\\/\\\/schema.org\",\"@graph\":[{\"@type\":\"WebPage\",\"@id\":\"https:\\\/\\\/clubsafranebiturbo.fr\\\/boutique\\\/aide-vos-commandes\\\/\",\"url\":\"https:\\\/\\\/clubsafranebiturbo.fr\\\/boutique\\\/aide-vos-commandes\\\/\",\"name\":\"Aide pour vos commandes - Boutique du Club Safrane Biturbo\",\"isPartOf\":{\"@id\":\"https:\\\/\\\/clubsafranebiturbo.fr\\\/boutique\\\/#website\"},\"datePublished\":\"2013-10-21T22:01:36+00:00\",\"dateModified\":\"2015-04-19T21:11:35+00:00\",\"breadcrumb\":{\"@id\":\"https:\\\/\\\/clubsafranebiturbo.fr\\\/boutique\\\/aide-vos-commandes\\\/#breadcrumb\"},\"inLanguage\":\"fr-FR\",\"potentialAction\":[{\"@type\":\"ReadAction\",\"target\":[\"https:\\\/\\\/clubsafranebiturbo.fr\\\/boutique\\\/aide-vos-commandes\\\/\"]}]},{\"@type\":\"BreadcrumbList\",\"@id\":\"https:\\\/\\\/clubsafranebiturbo.fr\\\/boutique\\\/aide-vos-commandes\\\/#breadcrumb\",\"itemListElement\":[{\"@type\":\"ListItem\",\"position\":1,\"name\":\"Accueil\",\"item\":\"https:\\\/\\\/clubsafranebiturbo.fr\\\/boutique\\\/\"},{\"@type\":\"ListItem\",\"position\":2,\"name\":\"Aide pour vos commandes\"}]},{\"@type\":\"WebSite\",\"@id\":\"https:\\\/\\\/clubsafranebiturbo.fr\\\/boutique\\\/#website\",\"url\":\"https:\\\/\\\/clubsafranebiturbo.fr\\\/boutique\\\/\",\"name\":\"Boutique du Club Safrane Biturbo\",\"description\":\"Vente de pi\u00e8ces de Safrane Biturbo\",\"potentialAction\":[{\"@type\":\"SearchAction\",\"target\":{\"@type\":\"EntryPoint\",\"urlTemplate\":\"https:\\\/\\\/clubsafranebiturbo.fr\\\/boutique\\\/?s={search_term_string}\"},\"query-input\":{\"@type\":\"PropertyValueSpecification\",\"valueRequired\":true,\"valueName\":\"search_term_string\"}}],\"inLanguage\":\"fr-FR\"}]}<\/script>\n<!-- \/ Yoast SEO plugin. -->","yoast_head_json":{"title":"Aide pour vos commandes - Boutique du Club Safrane Biturbo","robots":{"index":"index","follow":"follow","max-snippet":"max-snippet:-1","max-image-preview":"max-image-preview:large","max-video-preview":"max-video-preview:-1"},"canonical":"https:\/\/clubsafranebiturbo.fr\/boutique\/aide-vos-commandes\/","og_locale":"fr_FR","og_type":"article","og_title":"Aide pour vos commandes - Boutique du Club Safrane Biturbo","og_description":"Avant de valider votre commande, n&rsquo;oubliez pas de choisir votre m\u00e9thode de livraison. Soit une remise en main propre, soit une livraison par la poste ou par transporteur suivant le produit que vous commandez.\u00a0Lorsque vous aurez tout bien v\u00e9rifi\u00e9, il vous suffit de nous faire parvenir le r\u00e8glement de votre commande, soit par ch\u00e8que, soit [&hellip;]","og_url":"https:\/\/clubsafranebiturbo.fr\/boutique\/aide-vos-commandes\/","og_site_name":"Boutique du Club Safrane Biturbo","article_modified_time":"2015-04-19T21:11:35+00:00","twitter_card":"summary_large_image","twitter_site":"@clubsafranebt","twitter_misc":{"Dur\u00e9e de lecture estim\u00e9e":"1 minute"},"schema":{"@context":"https:\/\/schema.org","@graph":[{"@type":"WebPage","@id":"https:\/\/clubsafranebiturbo.fr\/boutique\/aide-vos-commandes\/","url":"https:\/\/clubsafranebiturbo.fr\/boutique\/aide-vos-commandes\/","name":"Aide pour vos commandes - Boutique du Club Safrane Biturbo","isPartOf":{"@id":"https:\/\/clubsafranebiturbo.fr\/boutique\/#website"},"datePublished":"2013-10-21T22:01:36+00:00","dateModified":"2015-04-19T21:11:35+00:00","breadcrumb":{"@id":"https:\/\/clubsafranebiturbo.fr\/boutique\/aide-vos-commandes\/#breadcrumb"},"inLanguage":"fr-FR","potentialAction":[{"@type":"ReadAction","target":["https:\/\/clubsafranebiturbo.fr\/boutique\/aide-vos-commandes\/"]}]},{"@type":"BreadcrumbList","@id":"https:\/\/clubsafranebiturbo.fr\/boutique\/aide-vos-commandes\/#breadcrumb","itemListElement":[{"@type":"ListItem","position":1,"name":"Accueil","item":"https:\/\/clubsafranebiturbo.fr\/boutique\/"},{"@type":"ListItem","position":2,"name":"Aide pour vos commandes"}]},{"@type":"WebSite","@id":"https:\/\/clubsafranebiturbo.fr\/boutique\/#website","url":"https:\/\/clubsafranebiturbo.fr\/boutique\/","name":"Boutique du Club Safrane Biturbo","description":"Vente de pi\u00e8ces de Safrane Biturbo","potentialAction":[{"@type":"SearchAction","target":{"@type":"EntryPoint","urlTemplate":"https:\/\/clubsafranebiturbo.fr\/boutique\/?s={search_term_string}"},"query-input":{"@type":"PropertyValueSpecification","valueRequired":true,"valueName":"search_term_string"}}],"inLanguage":"fr-FR"}]}},"_links":{"self":[{"href":"https:\/\/clubsafranebiturbo.fr\/boutique\/wp-json\/wp\/v2\/pages\/686","targetHints":{"allow":["GET"]}}],"collection":[{"href":"https:\/\/clubsafranebiturbo.fr\/boutique\/wp-json\/wp\/v2\/pages"}],"about":[{"href":"https:\/\/clubsafranebiturbo.fr\/boutique\/wp-json\/wp\/v2\/types\/page"}],"author":[{"embeddable":true,"href":"https:\/\/clubsafranebiturbo.fr\/boutique\/wp-json\/wp\/v2\/users\/52"}],"replies":[{"embeddable":true,"href":"https:\/\/clubsafranebiturbo.fr\/boutique\/wp-json\/wp\/v2\/comments?post=686"}],"version-history":[{"count":1,"href":"https:\/\/clubsafranebiturbo.fr\/boutique\/wp-json\/wp\/v2\/pages\/686\/revisions"}],"predecessor-version":[{"id":1284,"href":"https:\/\/clubsafranebiturbo.fr\/boutique\/wp-json\/wp\/v2\/pages\/686\/revisions\/1284"}],"wp:attachment":[{"href":"https:\/\/clubsafranebiturbo.fr\/boutique\/wp-json\/wp\/v2\/media?parent=686"}],"curies":[{"name":"wp","href":"https:\/\/api.w.org\/{rel}","templated":true}]}}