{"id":682,"date":"2013-10-21T22:54:47","date_gmt":"2013-10-21T21:54:47","guid":{"rendered":"http:\/\/clubsafranebiturbo.fr\/boutique\/?page_id=682"},"modified":"2015-04-19T21:54:29","modified_gmt":"2015-04-19T20:54:29","slug":"aide-contacter","status":"publish","type":"page","link":"https:\/\/clubsafranebiturbo.fr\/boutique\/aide-contacter\/","title":{"rendered":"Aide pour nous contacter"},"content":{"rendered":"<p style=\"text-align: justify;\">Si vous avez besoin d&rsquo;aide pour les commandes sur la boutique, une question \u00e0 propos d&rsquo;un article, ou tout autre question, le formulaire est fait pour \u00e7a. Il suffit de poster sur cet page afin de nous communiquer votre probl\u00e8me.<br \/>\nNous nous efforcerons d&rsquo;\u00eatre le plus rapide possible pour vous aider \u00e0 commander et \u00e0 r\u00e9pondre \u00e0 vos questions.<br clear=\"none\" \/><br clear=\"none\" \/><br \/>\nCordialement.<br clear=\"none\" \/><br clear=\"none\" \/><br \/>\n<span style=\"color: #0000ff;\">Staff<\/span> <span style=\"color: #0000ff;\">Club<\/span> Safrane <span style=\"color: #ff0000;\">Biturbo<\/span><\/p>\n","protected":false},"excerpt":{"rendered":"<p>Si vous avez besoin d&rsquo;aide pour les commandes sur la boutique, une question \u00e0 propos d&rsquo;un article, ou tout autre question, le formulaire est fait pour \u00e7a. Il suffit de poster sur cet page afin de nous communiquer votre probl\u00e8me. Nous nous efforcerons d&rsquo;\u00eatre le plus rapide possible pour vous aider \u00e0 commander et \u00e0 [&hellip;]<\/p>\n","protected":false},"author":52,"featured_media":0,"parent":0,"menu_order":0,"comment_status":"open","ping_status":"open","template":"","meta":{"footnotes":""},"class_list":["post-682","page","type-page","status-publish","hentry"],"yoast_head":"<!-- This site is optimized with the Yoast SEO plugin v27.4 - https:\/\/yoast.com\/product\/yoast-seo-wordpress\/ -->\n<title>Aide pour nous contacter - Boutique du Club Safrane Biturbo<\/title>\n<meta name=\"robots\" content=\"index, follow, max-snippet:-1, max-image-preview:large, max-video-preview:-1\" \/>\n<link rel=\"canonical\" href=\"https:\/\/clubsafranebiturbo.fr\/boutique\/aide-contacter\/\" \/>\n<meta property=\"og:locale\" content=\"fr_FR\" \/>\n<meta property=\"og:type\" content=\"article\" \/>\n<meta property=\"og:title\" content=\"Aide pour nous contacter - Boutique du Club Safrane Biturbo\" \/>\n<meta property=\"og:description\" content=\"Si vous avez besoin d&rsquo;aide pour les commandes sur la boutique, une question \u00e0 propos d&rsquo;un article, ou tout autre question, le formulaire est fait pour \u00e7a. Il suffit de poster sur cet page afin de nous communiquer votre probl\u00e8me. Nous nous efforcerons d&rsquo;\u00eatre le plus rapide possible pour vous aider \u00e0 commander et \u00e0 [&hellip;]\" \/>\n<meta property=\"og:url\" content=\"https:\/\/clubsafranebiturbo.fr\/boutique\/aide-contacter\/\" \/>\n<meta property=\"og:site_name\" content=\"Boutique du Club Safrane Biturbo\" \/>\n<meta property=\"article:modified_time\" content=\"2015-04-19T20:54:29+00:00\" \/>\n<meta name=\"twitter:card\" content=\"summary_large_image\" \/>\n<meta name=\"twitter:site\" content=\"@clubsafranebt\" \/>\n<script type=\"application\/ld+json\" class=\"yoast-schema-graph\">{\"@context\":\"https:\\\/\\\/schema.org\",\"@graph\":[{\"@type\":\"WebPage\",\"@id\":\"https:\\\/\\\/clubsafranebiturbo.fr\\\/boutique\\\/aide-contacter\\\/\",\"url\":\"https:\\\/\\\/clubsafranebiturbo.fr\\\/boutique\\\/aide-contacter\\\/\",\"name\":\"Aide pour nous contacter - Boutique du Club Safrane Biturbo\",\"isPartOf\":{\"@id\":\"https:\\\/\\\/clubsafranebiturbo.fr\\\/boutique\\\/#website\"},\"datePublished\":\"2013-10-21T21:54:47+00:00\",\"dateModified\":\"2015-04-19T20:54:29+00:00\",\"breadcrumb\":{\"@id\":\"https:\\\/\\\/clubsafranebiturbo.fr\\\/boutique\\\/aide-contacter\\\/#breadcrumb\"},\"inLanguage\":\"fr-FR\",\"potentialAction\":[{\"@type\":\"ReadAction\",\"target\":[\"https:\\\/\\\/clubsafranebiturbo.fr\\\/boutique\\\/aide-contacter\\\/\"]}]},{\"@type\":\"BreadcrumbList\",\"@id\":\"https:\\\/\\\/clubsafranebiturbo.fr\\\/boutique\\\/aide-contacter\\\/#breadcrumb\",\"itemListElement\":[{\"@type\":\"ListItem\",\"position\":1,\"name\":\"Accueil\",\"item\":\"https:\\\/\\\/clubsafranebiturbo.fr\\\/boutique\\\/\"},{\"@type\":\"ListItem\",\"position\":2,\"name\":\"Aide pour nous contacter\"}]},{\"@type\":\"WebSite\",\"@id\":\"https:\\\/\\\/clubsafranebiturbo.fr\\\/boutique\\\/#website\",\"url\":\"https:\\\/\\\/clubsafranebiturbo.fr\\\/boutique\\\/\",\"name\":\"Boutique du Club Safrane Biturbo\",\"description\":\"Vente de pi\u00e8ces de Safrane Biturbo\",\"potentialAction\":[{\"@type\":\"SearchAction\",\"target\":{\"@type\":\"EntryPoint\",\"urlTemplate\":\"https:\\\/\\\/clubsafranebiturbo.fr\\\/boutique\\\/?s={search_term_string}\"},\"query-input\":{\"@type\":\"PropertyValueSpecification\",\"valueRequired\":true,\"valueName\":\"search_term_string\"}}],\"inLanguage\":\"fr-FR\"}]}<\/script>\n<!-- \/ Yoast SEO plugin. -->","yoast_head_json":{"title":"Aide pour nous contacter - Boutique du Club Safrane Biturbo","robots":{"index":"index","follow":"follow","max-snippet":"max-snippet:-1","max-image-preview":"max-image-preview:large","max-video-preview":"max-video-preview:-1"},"canonical":"https:\/\/clubsafranebiturbo.fr\/boutique\/aide-contacter\/","og_locale":"fr_FR","og_type":"article","og_title":"Aide pour nous contacter - Boutique du Club Safrane Biturbo","og_description":"Si vous avez besoin d&rsquo;aide pour les commandes sur la boutique, une question \u00e0 propos d&rsquo;un article, ou tout autre question, le formulaire est fait pour \u00e7a. Il suffit de poster sur cet page afin de nous communiquer votre probl\u00e8me. Nous nous efforcerons d&rsquo;\u00eatre le plus rapide possible pour vous aider \u00e0 commander et \u00e0 [&hellip;]","og_url":"https:\/\/clubsafranebiturbo.fr\/boutique\/aide-contacter\/","og_site_name":"Boutique du Club Safrane Biturbo","article_modified_time":"2015-04-19T20:54:29+00:00","twitter_card":"summary_large_image","twitter_site":"@clubsafranebt","schema":{"@context":"https:\/\/schema.org","@graph":[{"@type":"WebPage","@id":"https:\/\/clubsafranebiturbo.fr\/boutique\/aide-contacter\/","url":"https:\/\/clubsafranebiturbo.fr\/boutique\/aide-contacter\/","name":"Aide pour nous contacter - Boutique du Club Safrane Biturbo","isPartOf":{"@id":"https:\/\/clubsafranebiturbo.fr\/boutique\/#website"},"datePublished":"2013-10-21T21:54:47+00:00","dateModified":"2015-04-19T20:54:29+00:00","breadcrumb":{"@id":"https:\/\/clubsafranebiturbo.fr\/boutique\/aide-contacter\/#breadcrumb"},"inLanguage":"fr-FR","potentialAction":[{"@type":"ReadAction","target":["https:\/\/clubsafranebiturbo.fr\/boutique\/aide-contacter\/"]}]},{"@type":"BreadcrumbList","@id":"https:\/\/clubsafranebiturbo.fr\/boutique\/aide-contacter\/#breadcrumb","itemListElement":[{"@type":"ListItem","position":1,"name":"Accueil","item":"https:\/\/clubsafranebiturbo.fr\/boutique\/"},{"@type":"ListItem","position":2,"name":"Aide pour nous contacter"}]},{"@type":"WebSite","@id":"https:\/\/clubsafranebiturbo.fr\/boutique\/#website","url":"https:\/\/clubsafranebiturbo.fr\/boutique\/","name":"Boutique du Club Safrane Biturbo","description":"Vente de pi\u00e8ces de Safrane Biturbo","potentialAction":[{"@type":"SearchAction","target":{"@type":"EntryPoint","urlTemplate":"https:\/\/clubsafranebiturbo.fr\/boutique\/?s={search_term_string}"},"query-input":{"@type":"PropertyValueSpecification","valueRequired":true,"valueName":"search_term_string"}}],"inLanguage":"fr-FR"}]}},"_links":{"self":[{"href":"https:\/\/clubsafranebiturbo.fr\/boutique\/wp-json\/wp\/v2\/pages\/682","targetHints":{"allow":["GET"]}}],"collection":[{"href":"https:\/\/clubsafranebiturbo.fr\/boutique\/wp-json\/wp\/v2\/pages"}],"about":[{"href":"https:\/\/clubsafranebiturbo.fr\/boutique\/wp-json\/wp\/v2\/types\/page"}],"author":[{"embeddable":true,"href":"https:\/\/clubsafranebiturbo.fr\/boutique\/wp-json\/wp\/v2\/users\/52"}],"replies":[{"embeddable":true,"href":"https:\/\/clubsafranebiturbo.fr\/boutique\/wp-json\/wp\/v2\/comments?post=682"}],"version-history":[{"count":2,"href":"https:\/\/clubsafranebiturbo.fr\/boutique\/wp-json\/wp\/v2\/pages\/682\/revisions"}],"predecessor-version":[{"id":2472,"href":"https:\/\/clubsafranebiturbo.fr\/boutique\/wp-json\/wp\/v2\/pages\/682\/revisions\/2472"}],"wp:attachment":[{"href":"https:\/\/clubsafranebiturbo.fr\/boutique\/wp-json\/wp\/v2\/media?parent=682"}],"curies":[{"name":"wp","href":"https:\/\/api.w.org\/{rel}","templated":true}]}}