{"id":181,"date":"2013-04-14T22:47:47","date_gmt":"2013-04-14T21:47:47","guid":{"rendered":"http:\/\/clubsafranebiturbo.fr\/boutique\/?page_id=181"},"modified":"2023-03-16T20:32:06","modified_gmt":"2023-03-16T19:32:06","slug":"conditions-generales-de-ventes","status":"publish","type":"page","link":"https:\/\/clubsafranebiturbo.fr\/boutique\/conditions-generales-de-ventes\/","title":{"rendered":"Conditions g\u00e9n\u00e9rales de ventes"},"content":{"rendered":"<h3 style=\"text-align: justify;\"><span style=\"font-size: 1.17em;\">Article 1 &#8211; Prix<\/span><\/h3>\n<p style=\"text-align: justify;\">1.1 &#8211; Les prix de nos produits sont indiqu\u00e9s en euros toutes taxes comprises \u00a0hors participation aux frais de traitement et d&rsquo;exp\u00e9dition.<\/p>\n<p style=\"text-align: justify;\">1.2 &#8211; En cas de commande vers un pays autre que la France m\u00e9tropolitaine vous \u00eates l&rsquo;importateur du ou des produits concern\u00e9s. Pour tous les produits exp\u00e9di\u00e9s hors Union europ\u00e9enne et DOM-TOM, le prix sera calcul\u00e9 hors taxes automatiquement sur la facture. Des droits de douane ou autres taxes locales ou droits d&rsquo;importation ou taxes d&rsquo;\u00e9tat sont susceptibles d&rsquo;\u00eatre exigibles. Ces droits et sommes ne rel\u00e8vent pas du ressort du\u00a0Club Safrane Biturbo. Ils seront \u00e0 votre charge et rel\u00e8vent de votre enti\u00e8re responsabilit\u00e9, tant en termes de d\u00e9clarations que de paiements aux autorit\u00e9s et\/organismes comp\u00e9tents de votre pays. Nous vous conseillons de vous renseigner sur ces aspects aupr\u00e8s de vos autorit\u00e9s locales.<\/p>\n<p style=\"text-align: justify;\">1.3 &#8211; Le Club Safrane Biturbo se r\u00e9serve le droit de modifier ses prix \u00e0 tout moment mais les produits seront factur\u00e9s sur la base des tarifs en vigueur au moment de votre validation de commandes.<\/p>\n<p style=\"text-align: justify;\">1.4 &#8211; Les produits demeurent la propri\u00e9t\u00e9 du Club Safrane Biturbo\u00a0jusqu&rsquo;au complet paiement du prix.<\/p>\n<p style=\"text-align: justify;\">1.5 &#8211; Le Club Safrane Biturbo\u00a0n&rsquo;a pas vocation \u00e0 vendre \u00e0 des professionnels.<\/p>\n<h3 style=\"text-align: justify;\">Article 2 &#8211; Commande<\/h3>\n<ul style=\"text-align: justify;\">\n<li>Sur Internet :\u00a0<a href=\"http:\/\/clubsafranebiturbo.fr\/boutique\/\">http:\/\/clubsafranebiturbo.fr\/boutique\/<\/a><\/li>\n<\/ul>\n<h3 style=\"text-align: justify;\">Article 3 &#8211; Validation<\/h3>\n<p style=\"text-align: justify;\">Vous d\u00e9clarez avoir pris connaissance et accept\u00e9 les pr\u00e9sentes Conditions g\u00e9n\u00e9rales de vente avant la passation de votre commande. La validation de votre commande vaut donc acceptation de ces Conditions g\u00e9n\u00e9rales de vente.<\/p>\n<p style=\"text-align: justify;\">Sauf preuve contraire, les donn\u00e9es enregistr\u00e9es par Le Club Safrane Biturbo\u00a0constituent la preuve de l&rsquo;ensemble des transactions pass\u00e9es par Le Club Safrane Biturbo\u00a0et ses clients.<\/p>\n<h3 style=\"text-align: justify;\">Article 4 &#8211; Disponibilit\u00e9<\/h3>\n<p style=\"text-align: justify;\">Le Club Safrane Biturbo\u00a0est une association et n&rsquo;a pas vocation \u00e0 vendre en quantit\u00e9s importantes les produits propos\u00e9s. En cons\u00e9quence, Le Club Safrane Biturbo\u00a0se r\u00e9serve le droit de refuser les commandes d&rsquo;un m\u00eame produit en quantit\u00e9 importante et ce d\u00e8s 15 articles identiques.<\/p>\n<p style=\"text-align: justify;\">Nos offres de produits sont valables tant qu\u2019ils sont visibles sur le site, dans la limite des stocks disponibles hors op\u00e9rations promotionnelles mentionn\u00e9es comme telle sur le sites. Dans l&rsquo;\u00e9ventualit\u00e9 d&rsquo;une indisponibilit\u00e9 de produit apr\u00e8s passation de votre commande, nous vous en informerons par mail et ferons le n\u00e9cessaire pour vous rembourser.<\/p>\n<h3 style=\"text-align: justify;\">Article 5 &#8211; Livraison<\/h3>\n<h4 style=\"text-align: justify;\">5.1 &#8211; G\u00e9n\u00e9ralit\u00e9s<\/h4>\n<p style=\"text-align: justify;\">Les produits sont livr\u00e9s \u00e0 l&rsquo;adresse de livraison que vous avez indiqu\u00e9e au cours du processus de commande. La date limite de livraison correspond :<\/p>\n<ul style=\"text-align: justify;\">\n<li>au d\u00e9lai d\u2019exp\u00e9dition indiqu\u00e9 sur la fiche article auquel s\u2019ajoute<\/li>\n<li>le d\u00e9lai de traitement et d\u2019acheminement.<\/li>\n<\/ul>\n<p style=\"text-align: justify;\">Lorsque vous commandez plusieurs produits en m\u00eame temps et que ceux-ci ont des d\u00e9lais d&rsquo;approvisionnement diff\u00e9rents,\u00a0Le Club Safrane Biturbo se r\u00e9serve la possibilit\u00e9 de fractionner les exp\u00e9ditions. La participation aux frais de traitement et d&rsquo;exp\u00e9dition ne sera factur\u00e9e que pour un seul envoi.<\/p>\n<p style=\"text-align: justify;\">Nous sommes une association, et nos faisons cela sur notre temps libre. Les livraisons peuvent \u00eatre impact\u00e9es sur le manque de disponibilit\u00e9 que nous pouvons avoir, et notre vie personnelle pr\u00e9vaut sur la vie du Club. Il faut compter g\u00e9n\u00e9ralement 15 jours maximum pour \u00eatre livr\u00e9, cela peut \u00eatre plus long, mais rare, et est g\u00e9n\u00e9ralement plus rapide. Nous faisons le maximum pour vous inform\u00e9 de votre livraison par mail. En cas de doute, n&rsquo;h\u00e9sitez pas \u00e0 nous contacter par mail avant toute commande.<\/p>\n<p style=\"text-align: justify;\">En cas de retard trop important, et si vous souhaitez ne pas attendre plus, nous vous proposerons de vous rembourser, cela se fera uniquement par virement bancaire.<\/p>\n<p style=\"text-align: justify;\">Les paiements se feront uniquement par virement bancaire. Les frais des autres services \u00e9tant trop cher pour notre association.<\/p>\n<h4 style=\"text-align: justify;\">5.2 &#8211; R\u00e9serves<\/h4>\n<p style=\"text-align: justify;\">Vous devez notifier au transporteur ou la poste le cas \u00e9ch\u00e9ant ainsi qu&rsquo;au Club Safrane Biturbo toutes r\u00e9serves sur le produit livr\u00e9 (par exemple : colis endommag\u00e9, d\u00e9j\u00e0 ouvert&#8230;). Selon les cas d\u00e9finis \u00e0 l&rsquo;article 8 ci-dessous, vous pouvez b\u00e9n\u00e9ficier des conditions d&rsquo;\u00e9change et de remboursement pr\u00e9vues \u00e0 cet article.<\/p>\n<h3 style=\"text-align: justify;\">Article 6 &#8211; Paiement<\/h3>\n<p style=\"text-align: justify;\">Le r\u00e8glement de vos achats s&rsquo;effectue :<\/p>\n<ul style=\"text-align: justify;\">\n<li>Uniquement par virement bancaire<\/li>\n<\/ul>\n<h3 style=\"text-align: justify;\">Article 7 &#8211; Satisfait ou rembours\u00e9 15 jours &#8211; Droit de r\u00e9tractation<\/h3>\n<h4 style=\"text-align: justify;\">7.1 &#8211; Conform\u00e9ment aux dispositions l\u00e9gales en vigueur, vous disposez d\u2019un d\u00e9lai de 7 jours \u00e0 compter de la r\u00e9ception de vos produits pour exercer votre droit de r\u00e9tractation aupr\u00e8s du Club Safrane Biturbo sans avoir \u00e0 justifier de motifs ni \u00e0 payer de p\u00e9nalit\u00e9.<\/h4>\n<p style=\"text-align: justify;\">En cas d\u2019exercice du droit de r\u00e9tractation dans le d\u00e9lai susvis\u00e9, seul le prix du ou des produits achet\u00e9s et les frais d\u2019envoi seront rembours\u00e9s, les frais de retour restant \u00e0 votre charge.<\/p>\n<p style=\"text-align: justify;\">Les retours sont \u00e0 effectuer dans leur \u00e9tat d&rsquo;origine et complets (emballage, accessoires, notice&#8230;) permettant leur re-commercialisation \u00e0 l\u2019\u00e9tat neuf, et accompagn\u00e9s d\u2019une copie de la facture d&rsquo;achat pour une gestion optimis\u00e9e.<\/p>\n<h4 style=\"text-align: justify;\">7.2 &#8211; Conditions de retour<\/h4>\n<p style=\"text-align: justify;\">Il vous suffira de nous contacter par l&rsquo;interm\u00e9diaire du site en nous indiquant le num\u00e9ro de votre commande ainsi que vos coordonn\u00e9es pour que l&rsquo;on puisse vous joindre.<\/p>\n<h3 style=\"text-align: justify;\">Article 8 &#8211; Conformit\u00e9 des produits<\/h3>\n<p style=\"text-align: justify;\">Nous nous engageons \u00e0 vous rembourser ou \u00e0 vous \u00e9changer les produits apparemment d\u00e9fectueux, ab\u00eem\u00e9s ou endommag\u00e9s ou ne correspondant pas \u00e0 votre commande. Dans ce cas, nous vous remercions de bien vouloir en faire \u00e9tat de mani\u00e8re d\u00e9taill\u00e9e par mail (clubsafranebiturbo@gmail.com) et de nous renvoyer le ou les produits. Le Club Safrane Biturbo proc\u00e9dera, \u00e0 votre choix, \u00e0 l&rsquo;\u00e9change ou au remboursement du ou des produits. Les frais d&rsquo;envoi vous seront rembours\u00e9s sur la base du tarif factur\u00e9 et les frais de retour vous seront rembours\u00e9s sur pr\u00e9sentation des justificatifs. En tout \u00e9tat de cause, vous b\u00e9n\u00e9ficiez des garanties l\u00e9gales de conformit\u00e9 et des vices cach\u00e9s, et ce conform\u00e9ment aux dispositions l\u00e9gales en vigueur.<\/p>\n<p style=\"text-align: justify;\">Les stipulations de cet article ne vous emp\u00eachent pas de b\u00e9n\u00e9ficier du droit de r\u00e9tractation pr\u00e9vu \u00e0 l\u2019article 7.<\/p>\n<p style=\"text-align: justify;\">Lors d&rsquo;une commande, si vous constatez que vous avez fait une erreur, par d\u00e9faut, celle-ci ne vous sera pas rembours\u00e9e. Les descriptions de nos produits sont claires, pr\u00e9cises, et indiquent correctement sur quels v\u00e9hicules cela se monte. Nous n&rsquo;assumerons pas les erreurs venant de votre part.<\/p>\n<h3 style=\"text-align: justify;\">Article 9 &#8211; Remboursement<\/h3>\n<p style=\"text-align: justify;\">Les remboursements des produits dans les hypoth\u00e8ses vis\u00e9es aux articles 7 et 8 seront effectu\u00e9s dans les meilleurs d\u00e9lais et au plus tard dans les 30 jours suivant la date \u00e0 laquelle le droit a \u00e9t\u00e9 exerc\u00e9. Le remboursement s&rsquo;effectuera sur proposition du Club Safrane Biturbo par cr\u00e9dit sur le compte bancaire du client ou par ch\u00e8que bancaire adress\u00e9 au nom du client ayant pass\u00e9 la commande et \u00e0 l&rsquo;adresse de facturation.<\/p>\n<h3 style=\"text-align: justify;\">Article 10 &#8211; Service client\u00e8le<\/h3>\n<p style=\"text-align: justify;\">Pour toute information ou question, notre service est \u00e0 votre disposition.<\/p>\n<p style=\"text-align: justify;\">Par mail : clubsafranebiturbo@gmail.com<\/p>\n<h3 style=\"text-align: justify;\">Article 11 &#8211; Droit applicable &#8211; Litiges<\/h3>\n<p style=\"text-align: justify;\">Le pr\u00e9sent contrat est soumis \u00e0 la loi fran\u00e7aise.<br \/>\nLa langue du pr\u00e9sent contrat est la langue fran\u00e7aise.<br \/>\nEn cas de litige, les tribunaux fran\u00e7ais seront seuls comp\u00e9tents.<\/p>\n<h3 style=\"text-align: justify;\">Article 12 &#8211; Informations nominatives<\/h3>\n<p style=\"text-align: justify;\">Les informations et donn\u00e9es vous concernant sont n\u00e9cessaires \u00e0 la gestion de votre commande et \u00e0 nos relations commerciales. Elles ne seront pas diffus\u00e9es, et resteront priv\u00e9es.<\/p>\n<p style=\"text-align: justify;\">Conform\u00e9ment \u00e0 la loi informatique et libert\u00e9s du 6 janvier 1978, vous disposez d&rsquo;un droit d&rsquo;acc\u00e8s et de rectification et d\u2019opposition aux donn\u00e9es personnelles vous concernant. Il vous suffit de nous adresser un mail (clubsafranebiturbo@gmail.com), en nous indiquant vos nom, pr\u00e9nom, e-mail adresse et si possible votre r\u00e9f\u00e9rence client et de nous dire ce que vous voulez modifier ou bien m\u00eame supprimer. Conform\u00e9ment \u00e0 la r\u00e9glementation en vigueur, votre demande doit \u00eatre sign\u00e9e et accompagn\u00e9e de la photocopie d\u2019un titre d\u2019identit\u00e9 portant votre signature et pr\u00e9ciser l\u2019adresse \u00e0 laquelle doit vous parvenir la r\u00e9ponse. Une r\u00e9ponse vous sera alors adress\u00e9e dans un d\u00e9lai de 2 mois suivant la r\u00e9ception de la demande.<\/p>\n<h3 style=\"text-align: justify;\">Article 13 &#8211; Garanties<\/h3>\n<p style=\"text-align: justify;\">Tous les articles que nous vous vendons sont sujet \u00e0 garantie, la garantie appliqu\u00e9e est celle du fournisseur chez lequel nous avons command\u00e9 le dit produit. La garantie de nos\u00a0produits\u00a0est d&rsquo;un an, pour faire marcher la garantie, il est\u00a0n\u00e9cessaire\u00a0au pr\u00e9alable de nous contacter par mail, en pr\u00e9cisant les\u00a0probl\u00e8mes\u00a0rencontr\u00e9\u00a0sur le produit, afin que l&rsquo;on puisse ouvrir un dossier de litige, et finaliser votre probl\u00e8me.<\/p>\n<p style=\"text-align: justify;\">Mail : clubsafranebiturbo@gmail.com<\/p>\n","protected":false},"excerpt":{"rendered":"<p>Article 1 &#8211; Prix 1.1 &#8211; Les prix de nos produits sont indiqu\u00e9s en euros toutes taxes comprises \u00a0hors participation aux frais de traitement et d&rsquo;exp\u00e9dition. 1.2 &#8211; En cas de commande vers un pays autre que la France m\u00e9tropolitaine vous \u00eates l&rsquo;importateur du ou des produits concern\u00e9s. Pour tous les produits exp\u00e9di\u00e9s hors Union [&hellip;]<\/p>\n","protected":false},"author":52,"featured_media":0,"parent":0,"menu_order":0,"comment_status":"open","ping_status":"open","template":"","meta":{"footnotes":""},"class_list":["post-181","page","type-page","status-publish","hentry"],"yoast_head":"<!-- This site is optimized with the Yoast SEO plugin v27.5 - https:\/\/yoast.com\/product\/yoast-seo-wordpress\/ -->\n<title>Conditions g\u00e9n\u00e9rales de ventes - Boutique du Club Safrane Biturbo<\/title>\n<meta name=\"robots\" content=\"index, follow, max-snippet:-1, max-image-preview:large, max-video-preview:-1\" \/>\n<link rel=\"canonical\" href=\"https:\/\/clubsafranebiturbo.fr\/boutique\/conditions-generales-de-ventes\/\" \/>\n<meta property=\"og:locale\" content=\"fr_FR\" \/>\n<meta property=\"og:type\" content=\"article\" \/>\n<meta property=\"og:title\" content=\"Conditions g\u00e9n\u00e9rales de ventes - Boutique du Club Safrane Biturbo\" \/>\n<meta property=\"og:description\" content=\"Article 1 &#8211; Prix 1.1 &#8211; Les prix de nos produits sont indiqu\u00e9s en euros toutes taxes comprises \u00a0hors participation aux frais de traitement et d&rsquo;exp\u00e9dition. 1.2 &#8211; En cas de commande vers un pays autre que la France m\u00e9tropolitaine vous \u00eates l&rsquo;importateur du ou des produits concern\u00e9s. Pour tous les produits exp\u00e9di\u00e9s hors Union [&hellip;]\" \/>\n<meta property=\"og:url\" content=\"https:\/\/clubsafranebiturbo.fr\/boutique\/conditions-generales-de-ventes\/\" \/>\n<meta property=\"og:site_name\" content=\"Boutique du Club Safrane Biturbo\" \/>\n<meta property=\"article:modified_time\" content=\"2023-03-16T19:32:06+00:00\" \/>\n<meta name=\"twitter:card\" content=\"summary_large_image\" \/>\n<meta name=\"twitter:site\" content=\"@clubsafranebt\" \/>\n<meta name=\"twitter:label1\" content=\"Dur\u00e9e de lecture estim\u00e9e\" \/>\n\t<meta name=\"twitter:data1\" content=\"7 minutes\" \/>\n<script type=\"application\/ld+json\" class=\"yoast-schema-graph\">{\"@context\":\"https:\\\/\\\/schema.org\",\"@graph\":[{\"@type\":\"WebPage\",\"@id\":\"https:\\\/\\\/clubsafranebiturbo.fr\\\/boutique\\\/conditions-generales-de-ventes\\\/\",\"url\":\"https:\\\/\\\/clubsafranebiturbo.fr\\\/boutique\\\/conditions-generales-de-ventes\\\/\",\"name\":\"Conditions g\u00e9n\u00e9rales de ventes - Boutique du Club Safrane Biturbo\",\"isPartOf\":{\"@id\":\"https:\\\/\\\/clubsafranebiturbo.fr\\\/boutique\\\/#website\"},\"datePublished\":\"2013-04-14T21:47:47+00:00\",\"dateModified\":\"2023-03-16T19:32:06+00:00\",\"breadcrumb\":{\"@id\":\"https:\\\/\\\/clubsafranebiturbo.fr\\\/boutique\\\/conditions-generales-de-ventes\\\/#breadcrumb\"},\"inLanguage\":\"fr-FR\",\"potentialAction\":[{\"@type\":\"ReadAction\",\"target\":[\"https:\\\/\\\/clubsafranebiturbo.fr\\\/boutique\\\/conditions-generales-de-ventes\\\/\"]}]},{\"@type\":\"BreadcrumbList\",\"@id\":\"https:\\\/\\\/clubsafranebiturbo.fr\\\/boutique\\\/conditions-generales-de-ventes\\\/#breadcrumb\",\"itemListElement\":[{\"@type\":\"ListItem\",\"position\":1,\"name\":\"Accueil\",\"item\":\"https:\\\/\\\/clubsafranebiturbo.fr\\\/boutique\\\/\"},{\"@type\":\"ListItem\",\"position\":2,\"name\":\"Conditions g\u00e9n\u00e9rales de ventes\"}]},{\"@type\":\"WebSite\",\"@id\":\"https:\\\/\\\/clubsafranebiturbo.fr\\\/boutique\\\/#website\",\"url\":\"https:\\\/\\\/clubsafranebiturbo.fr\\\/boutique\\\/\",\"name\":\"Boutique du Club Safrane Biturbo\",\"description\":\"Vente de pi\u00e8ces de Safrane Biturbo\",\"potentialAction\":[{\"@type\":\"SearchAction\",\"target\":{\"@type\":\"EntryPoint\",\"urlTemplate\":\"https:\\\/\\\/clubsafranebiturbo.fr\\\/boutique\\\/?s={search_term_string}\"},\"query-input\":{\"@type\":\"PropertyValueSpecification\",\"valueRequired\":true,\"valueName\":\"search_term_string\"}}],\"inLanguage\":\"fr-FR\"}]}<\/script>\n<!-- \/ Yoast SEO plugin. -->","yoast_head_json":{"title":"Conditions g\u00e9n\u00e9rales de ventes - Boutique du Club Safrane Biturbo","robots":{"index":"index","follow":"follow","max-snippet":"max-snippet:-1","max-image-preview":"max-image-preview:large","max-video-preview":"max-video-preview:-1"},"canonical":"https:\/\/clubsafranebiturbo.fr\/boutique\/conditions-generales-de-ventes\/","og_locale":"fr_FR","og_type":"article","og_title":"Conditions g\u00e9n\u00e9rales de ventes - Boutique du Club Safrane Biturbo","og_description":"Article 1 &#8211; Prix 1.1 &#8211; Les prix de nos produits sont indiqu\u00e9s en euros toutes taxes comprises \u00a0hors participation aux frais de traitement et d&rsquo;exp\u00e9dition. 1.2 &#8211; En cas de commande vers un pays autre que la France m\u00e9tropolitaine vous \u00eates l&rsquo;importateur du ou des produits concern\u00e9s. Pour tous les produits exp\u00e9di\u00e9s hors Union [&hellip;]","og_url":"https:\/\/clubsafranebiturbo.fr\/boutique\/conditions-generales-de-ventes\/","og_site_name":"Boutique du Club Safrane Biturbo","article_modified_time":"2023-03-16T19:32:06+00:00","twitter_card":"summary_large_image","twitter_site":"@clubsafranebt","twitter_misc":{"Dur\u00e9e de lecture estim\u00e9e":"7 minutes"},"schema":{"@context":"https:\/\/schema.org","@graph":[{"@type":"WebPage","@id":"https:\/\/clubsafranebiturbo.fr\/boutique\/conditions-generales-de-ventes\/","url":"https:\/\/clubsafranebiturbo.fr\/boutique\/conditions-generales-de-ventes\/","name":"Conditions g\u00e9n\u00e9rales de ventes - Boutique du Club Safrane Biturbo","isPartOf":{"@id":"https:\/\/clubsafranebiturbo.fr\/boutique\/#website"},"datePublished":"2013-04-14T21:47:47+00:00","dateModified":"2023-03-16T19:32:06+00:00","breadcrumb":{"@id":"https:\/\/clubsafranebiturbo.fr\/boutique\/conditions-generales-de-ventes\/#breadcrumb"},"inLanguage":"fr-FR","potentialAction":[{"@type":"ReadAction","target":["https:\/\/clubsafranebiturbo.fr\/boutique\/conditions-generales-de-ventes\/"]}]},{"@type":"BreadcrumbList","@id":"https:\/\/clubsafranebiturbo.fr\/boutique\/conditions-generales-de-ventes\/#breadcrumb","itemListElement":[{"@type":"ListItem","position":1,"name":"Accueil","item":"https:\/\/clubsafranebiturbo.fr\/boutique\/"},{"@type":"ListItem","position":2,"name":"Conditions g\u00e9n\u00e9rales de ventes"}]},{"@type":"WebSite","@id":"https:\/\/clubsafranebiturbo.fr\/boutique\/#website","url":"https:\/\/clubsafranebiturbo.fr\/boutique\/","name":"Boutique du Club Safrane Biturbo","description":"Vente de pi\u00e8ces de Safrane Biturbo","potentialAction":[{"@type":"SearchAction","target":{"@type":"EntryPoint","urlTemplate":"https:\/\/clubsafranebiturbo.fr\/boutique\/?s={search_term_string}"},"query-input":{"@type":"PropertyValueSpecification","valueRequired":true,"valueName":"search_term_string"}}],"inLanguage":"fr-FR"}]}},"_links":{"self":[{"href":"https:\/\/clubsafranebiturbo.fr\/boutique\/wp-json\/wp\/v2\/pages\/181","targetHints":{"allow":["GET"]}}],"collection":[{"href":"https:\/\/clubsafranebiturbo.fr\/boutique\/wp-json\/wp\/v2\/pages"}],"about":[{"href":"https:\/\/clubsafranebiturbo.fr\/boutique\/wp-json\/wp\/v2\/types\/page"}],"author":[{"embeddable":true,"href":"https:\/\/clubsafranebiturbo.fr\/boutique\/wp-json\/wp\/v2\/users\/52"}],"replies":[{"embeddable":true,"href":"https:\/\/clubsafranebiturbo.fr\/boutique\/wp-json\/wp\/v2\/comments?post=181"}],"version-history":[{"count":4,"href":"https:\/\/clubsafranebiturbo.fr\/boutique\/wp-json\/wp\/v2\/pages\/181\/revisions"}],"predecessor-version":[{"id":2569,"href":"https:\/\/clubsafranebiturbo.fr\/boutique\/wp-json\/wp\/v2\/pages\/181\/revisions\/2569"}],"wp:attachment":[{"href":"https:\/\/clubsafranebiturbo.fr\/boutique\/wp-json\/wp\/v2\/media?parent=181"}],"curies":[{"name":"wp","href":"https:\/\/api.w.org\/{rel}","templated":true}]}}